{"id":4232,"date":"2026-01-06T13:24:50","date_gmt":"2026-01-06T13:24:50","guid":{"rendered":"https:\/\/nen.kmkoncept.fr\/?post_type=product&#038;p=4232"},"modified":"2026-04-28T07:29:38","modified_gmt":"2026-04-28T07:29:38","slug":"poulie-carbo-air-40-mm-simple-emerillon-ringot-taquet-coinceur","status":"publish","type":"product","link":"https:\/\/www.nenuphar.com\/en\/shop\/accastillage\/poulies-et-anneaux-a-friction\/anneaux-a-friction\/poulie-carbo-air-40-mm-simple-emerillon-ringot-taquet-coinceur\/","title":{"rendered":"Carbo Air 40 mm single pulley \u2013 swivel, becket, cleat stopper."},"content":{"rendered":"<p>Poulie Harken ref 2646<\/p>\n<div class=\"row_specs\">\n<div class=\"row_specs_l\">\n<div class=\"spec\"><span class=\"label\">\u00d8 du r\u00e9a (mm)<\/span>40 mm<\/div>\n<div class=\"spec\"><span class=\"label\">\u00d8 cordage maxi (mm)<\/span>6 mm<\/div>\n<\/div>\n<div class=\"row_specs_r\">\n<div class=\"spec\"><span class=\"label\">Maximum working load (kg).<\/span>136 kg<\/div>\n<\/div>\n<\/div>","protected":false},"excerpt":{"rendered":"<p>The maximum working load and breaking load of cleat pulleys are based on the strength of the cleat stoppers.\u00a0<\/p>\n<div class=\"spec\"><span class=\"label\">\u00d8 du r\u00e9a (mm)<\/span>40\u00a0mm<\/div>\n<div class=\"spec\"><span class=\"label\">Longueur (mm)<\/span>102\u00a0mm<\/div>\n<div class=\"spec\"><span class=\"label\">Poids (g)<\/span>122\u00a0g<\/div>\n<div class=\"row_specs_r\">\n<div class=\"spec\"><span class=\"label\">\u00d8 du manillon (mm)<\/span>4\u00a0mm<\/div>\n<div class=\"spec\"><span class=\"label\">\u00d8 cordage maxi (mm)<\/span>6\u00a0mm<\/div>\n<div class=\"spec\"><span class=\"label\">Maximum working load (kg).<\/span>136\u00a0kg<\/div>\n<div class=\"spec\"><span class=\"label\">Charge de rupture (kg)<\/span>272\u00a0kg<\/div>\n<div class=\"spec\"><\/div>\n<div class=\"spec\"><strong>Never.<\/strong> Never use Harken products for lifting or suspending people unless they are specifically certified for that purpose and their labeling confirms this use.<\/div>\n<\/div>","protected":false},"featured_media":4287,"template":"","meta":{"_acf_changed":false,"_uag_custom_page_level_css":""},"product_brand":[450],"product_cat":[117],"product_tag":[],"class_list":{"0":"post-4232","1":"product","2":"type-product","3":"status-publish","4":"has-post-thumbnail","6":"product_brand-harken","7":"product_cat-anneaux-a-friction","9":"first","10":"instock","11":"taxable","12":"shipping-taxable","13":"purchasable","14":"product-type-simple"},"acf":[],"aioseo_notices":[],"uagb_featured_image_src":{"full":["https:\/\/www.nenuphar.com\/wp-content\/uploads\/2026\/01\/3822.jpg",645,885,false],"thumbnail":["https:\/\/www.nenuphar.com\/wp-content\/uploads\/2026\/01\/3822-150x150.jpg",150,150,true],"medium":["https:\/\/www.nenuphar.com\/wp-content\/uploads\/2026\/01\/3822-219x300.jpg",219,300,true],"medium_large":["https:\/\/www.nenuphar.com\/wp-content\/uploads\/2026\/01\/3822.jpg",645,885,false],"large":["https:\/\/www.nenuphar.com\/wp-content\/uploads\/2026\/01\/3822.jpg",645,885,false],"1536x1536":["https:\/\/www.nenuphar.com\/wp-content\/uploads\/2026\/01\/3822.jpg",645,885,false],"2048x2048":["https:\/\/www.nenuphar.com\/wp-content\/uploads\/2026\/01\/3822.jpg",645,885,false],"trp-custom-language-flag":["https:\/\/www.nenuphar.com\/wp-content\/uploads\/2026\/01\/3822.jpg",9,12,false],"woocommerce_thumbnail":["https:\/\/www.nenuphar.com\/wp-content\/uploads\/2026\/01\/3822-300x300.jpg",300,300,true],"woocommerce_single":["https:\/\/www.nenuphar.com\/wp-content\/uploads\/2026\/01\/3822-600x823.jpg",600,823,true],"woocommerce_gallery_thumbnail":["https:\/\/www.nenuphar.com\/wp-content\/uploads\/2026\/01\/3822-100x100.jpg",100,100,true]},"uagb_author_info":{"display_name":"Karine","author_link":"https:\/\/www.nenuphar.com\/en\/author\/"},"uagb_comment_info":0,"uagb_excerpt":"Les charges de travail maximale et charges de rupture des poulies \u00e0 coinceur sont bas\u00e9es sur la r\u00e9sistance des taquets coinceurs.\u00a0 \u00d8 du r\u00e9a (mm)40\u00a0mm Longueur (mm)102\u00a0mm Poids (g)122\u00a0g \u00d8 du manillon (mm)4\u00a0mm \u00d8 cordage maxi (mm)6\u00a0mm Charge de travail maximale (kg)136\u00a0kg Charge de rupture (kg)272\u00a0kg Ne JAMAIS utiliser les produits Harken pour le levage&hellip;","_links":{"self":[{"href":"https:\/\/www.nenuphar.com\/en\/wp-json\/wp\/v2\/product\/4232","targetHints":{"allow":["GET"]}}],"collection":[{"href":"https:\/\/www.nenuphar.com\/en\/wp-json\/wp\/v2\/product"}],"about":[{"href":"https:\/\/www.nenuphar.com\/en\/wp-json\/wp\/v2\/types\/product"}],"wp:featuredmedia":[{"embeddable":true,"href":"https:\/\/www.nenuphar.com\/en\/wp-json\/wp\/v2\/media\/4287"}],"wp:attachment":[{"href":"https:\/\/www.nenuphar.com\/en\/wp-json\/wp\/v2\/media?parent=4232"}],"wp:term":[{"taxonomy":"product_brand","embeddable":true,"href":"https:\/\/www.nenuphar.com\/en\/wp-json\/wp\/v2\/product_brand?post=4232"},{"taxonomy":"product_cat","embeddable":true,"href":"https:\/\/www.nenuphar.com\/en\/wp-json\/wp\/v2\/product_cat?post=4232"},{"taxonomy":"product_tag","embeddable":true,"href":"https:\/\/www.nenuphar.com\/en\/wp-json\/wp\/v2\/product_tag?post=4232"}],"curies":[{"name":"wp","href":"https:\/\/api.w.org\/{rel}","templated":true}]}}