{"id":4321,"date":"2026-01-06T13:25:58","date_gmt":"2026-01-06T13:25:58","guid":{"rendered":"https:\/\/nen.kmkoncept.fr\/?post_type=product&#038;p=4321"},"modified":"2026-04-28T07:30:36","modified_gmt":"2026-04-28T07:30:36","slug":"poulie-triple-d-32mm","status":"publish","type":"product","link":"https:\/\/www.nenuphar.com\/en\/shop\/accastillage\/poulies-et-anneaux-a-friction\/anneaux-a-friction\/poulie-triple-d-32mm\/","title":{"rendered":"Separable zipper 100 cm, black."},"content":{"rendered":"<p>Black 100cm separating zipper,<\/p>\n<p>Injected teeth, 9 mm.<\/p>\n<p>Single-slider plastic zipper pull with brake.<\/p>","protected":false},"excerpt":{"rendered":"<p>Fermeture \u00e0 glissi\u00e8re s\u00e9parable 100cm noire, maille inject\u00e9e 9mm, curseur plastique simple tirette frein\u00e9.<\/p>","protected":false},"featured_media":4351,"template":"","meta":{"_acf_changed":false,"_uag_custom_page_level_css":""},"product_brand":[],"product_cat":[117],"product_tag":[],"class_list":{"0":"post-4321","1":"product","2":"type-product","3":"status-publish","4":"has-post-thumbnail","6":"product_cat-anneaux-a-friction","8":"first","9":"instock","10":"taxable","11":"shipping-taxable","12":"purchasable","13":"product-type-simple"},"acf":[],"aioseo_notices":[],"uagb_featured_image_src":{"full":["https:\/\/www.nenuphar.com\/wp-content\/uploads\/2026\/01\/1357.jpg",352,400,false],"thumbnail":["https:\/\/www.nenuphar.com\/wp-content\/uploads\/2026\/01\/1357-150x150.jpg",150,150,true],"medium":["https:\/\/www.nenuphar.com\/wp-content\/uploads\/2026\/01\/1357-264x300.jpg",264,300,true],"medium_large":["https:\/\/www.nenuphar.com\/wp-content\/uploads\/2026\/01\/1357.jpg",352,400,false],"large":["https:\/\/www.nenuphar.com\/wp-content\/uploads\/2026\/01\/1357.jpg",352,400,false],"1536x1536":["https:\/\/www.nenuphar.com\/wp-content\/uploads\/2026\/01\/1357.jpg",352,400,false],"2048x2048":["https:\/\/www.nenuphar.com\/wp-content\/uploads\/2026\/01\/1357.jpg",352,400,false],"trp-custom-language-flag":["https:\/\/www.nenuphar.com\/wp-content\/uploads\/2026\/01\/1357.jpg",11,12,false],"woocommerce_thumbnail":["https:\/\/www.nenuphar.com\/wp-content\/uploads\/2026\/01\/1357-300x300.jpg",300,300,true],"woocommerce_single":["https:\/\/www.nenuphar.com\/wp-content\/uploads\/2026\/01\/1357.jpg",352,400,false],"woocommerce_gallery_thumbnail":["https:\/\/www.nenuphar.com\/wp-content\/uploads\/2026\/01\/1357-100x100.jpg",100,100,true]},"uagb_author_info":{"display_name":"Karine","author_link":"https:\/\/www.nenuphar.com\/en\/author\/"},"uagb_comment_info":0,"uagb_excerpt":"Fermeture \u00e0 glissi\u00e8re s\u00e9parable 100cm noire, maille inject\u00e9e 9mm, curseur plastique simple tirette frein\u00e9.","_links":{"self":[{"href":"https:\/\/www.nenuphar.com\/en\/wp-json\/wp\/v2\/product\/4321","targetHints":{"allow":["GET"]}}],"collection":[{"href":"https:\/\/www.nenuphar.com\/en\/wp-json\/wp\/v2\/product"}],"about":[{"href":"https:\/\/www.nenuphar.com\/en\/wp-json\/wp\/v2\/types\/product"}],"wp:featuredmedia":[{"embeddable":true,"href":"https:\/\/www.nenuphar.com\/en\/wp-json\/wp\/v2\/media\/4351"}],"wp:attachment":[{"href":"https:\/\/www.nenuphar.com\/en\/wp-json\/wp\/v2\/media?parent=4321"}],"wp:term":[{"taxonomy":"product_brand","embeddable":true,"href":"https:\/\/www.nenuphar.com\/en\/wp-json\/wp\/v2\/product_brand?post=4321"},{"taxonomy":"product_cat","embeddable":true,"href":"https:\/\/www.nenuphar.com\/en\/wp-json\/wp\/v2\/product_cat?post=4321"},{"taxonomy":"product_tag","embeddable":true,"href":"https:\/\/www.nenuphar.com\/en\/wp-json\/wp\/v2\/product_tag?post=4321"}],"curies":[{"name":"wp","href":"https:\/\/api.w.org\/{rel}","templated":true}]}}