{"id":4324,"date":"2026-01-06T13:25:58","date_gmt":"2026-01-06T13:25:58","guid":{"rendered":"https:\/\/nen.kmkoncept.fr\/?post_type=product&#038;p=4324"},"modified":"2026-04-28T07:30:37","modified_gmt":"2026-04-28T07:30:37","slug":"poulie-simple-axes-fixes-d-40mm","status":"publish","type":"product","link":"https:\/\/www.nenuphar.com\/en\/shop\/accastillage\/poulies-et-anneaux-a-friction\/anneaux-a-friction\/poulie-simple-axes-fixes-d-40mm\/","title":{"rendered":"150\u202fcm Black Separating Zipper"},"content":{"rendered":"<p>Black separating zipper, 1.5\u202fm long<\/p>\n<p>Injected teeth, 9 mm.<\/p>\n<p>Single plastic slider pull<\/p>","protected":false},"excerpt":{"rendered":"<p>Fermeture \u00e0 glissi\u00e8re s\u00e9parable noire longueur 1m50 maille inject\u00e9e 9mm curseur plastique simple tirette<\/p>","protected":false},"featured_media":4354,"template":"","meta":{"_acf_changed":false,"_uag_custom_page_level_css":""},"product_brand":[],"product_cat":[117],"product_tag":[],"class_list":{"0":"post-4324","1":"product","2":"type-product","3":"status-publish","4":"has-post-thumbnail","6":"product_cat-anneaux-a-friction","8":"first","9":"instock","10":"taxable","11":"shipping-taxable","12":"purchasable","13":"product-type-simple"},"acf":[],"aioseo_notices":[],"uagb_featured_image_src":{"full":["https:\/\/www.nenuphar.com\/wp-content\/uploads\/2026\/01\/5611.jpg",278,360,false],"thumbnail":["https:\/\/www.nenuphar.com\/wp-content\/uploads\/2026\/01\/5611-150x150.jpg",150,150,true],"medium":["https:\/\/www.nenuphar.com\/wp-content\/uploads\/2026\/01\/5611-232x300.jpg",232,300,true],"medium_large":["https:\/\/www.nenuphar.com\/wp-content\/uploads\/2026\/01\/5611.jpg",278,360,false],"large":["https:\/\/www.nenuphar.com\/wp-content\/uploads\/2026\/01\/5611.jpg",278,360,false],"1536x1536":["https:\/\/www.nenuphar.com\/wp-content\/uploads\/2026\/01\/5611.jpg",278,360,false],"2048x2048":["https:\/\/www.nenuphar.com\/wp-content\/uploads\/2026\/01\/5611.jpg",278,360,false],"trp-custom-language-flag":["https:\/\/www.nenuphar.com\/wp-content\/uploads\/2026\/01\/5611.jpg",9,12,false],"woocommerce_thumbnail":["https:\/\/www.nenuphar.com\/wp-content\/uploads\/2026\/01\/5611-278x300.jpg",278,300,true],"woocommerce_single":["https:\/\/www.nenuphar.com\/wp-content\/uploads\/2026\/01\/5611.jpg",278,360,false],"woocommerce_gallery_thumbnail":["https:\/\/www.nenuphar.com\/wp-content\/uploads\/2026\/01\/5611-100x100.jpg",100,100,true]},"uagb_author_info":{"display_name":"Karine","author_link":"https:\/\/www.nenuphar.com\/en\/author\/"},"uagb_comment_info":0,"uagb_excerpt":"Fermeture \u00e0 glissi\u00e8re s\u00e9parable noire longueur 1m50 maille inject\u00e9e 9mm curseur plastique simple tirette","_links":{"self":[{"href":"https:\/\/www.nenuphar.com\/en\/wp-json\/wp\/v2\/product\/4324","targetHints":{"allow":["GET"]}}],"collection":[{"href":"https:\/\/www.nenuphar.com\/en\/wp-json\/wp\/v2\/product"}],"about":[{"href":"https:\/\/www.nenuphar.com\/en\/wp-json\/wp\/v2\/types\/product"}],"wp:featuredmedia":[{"embeddable":true,"href":"https:\/\/www.nenuphar.com\/en\/wp-json\/wp\/v2\/media\/4354"}],"wp:attachment":[{"href":"https:\/\/www.nenuphar.com\/en\/wp-json\/wp\/v2\/media?parent=4324"}],"wp:term":[{"taxonomy":"product_brand","embeddable":true,"href":"https:\/\/www.nenuphar.com\/en\/wp-json\/wp\/v2\/product_brand?post=4324"},{"taxonomy":"product_cat","embeddable":true,"href":"https:\/\/www.nenuphar.com\/en\/wp-json\/wp\/v2\/product_cat?post=4324"},{"taxonomy":"product_tag","embeddable":true,"href":"https:\/\/www.nenuphar.com\/en\/wp-json\/wp\/v2\/product_tag?post=4324"}],"curies":[{"name":"wp","href":"https:\/\/api.w.org\/{rel}","templated":true}]}}