{"id":4334,"date":"2026-01-06T13:25:59","date_gmt":"2026-01-06T13:25:59","guid":{"rendered":"https:\/\/nen.kmkoncept.fr\/?post_type=product&#038;p=4334"},"modified":"2026-04-28T07:30:54","modified_gmt":"2026-04-28T07:30:54","slug":"poulie-chandelier-simple-d","status":"publish","type":"product","link":"https:\/\/www.nenuphar.com\/en\/shop\/accastillage\/poulies-et-anneaux-a-friction\/anneaux-a-friction\/poulie-chandelier-simple-d\/","title":{"rendered":"SINGLE STANCHION BLOCK DIAMETER 20-25MM"},"content":{"rendered":"<p>Poulie de chandelier inox , r\u00e9a delrin \u00e0 billes.<\/p>\n<ul>\n<li><span style=\"line-height: 24px;\">R\u00e9f 7392 : Pour chandelier diam. 20mm \u00e0 25mm R\u00e9a \u00e0 billes diam. 30 mm<\/span><\/li>\n<li><span style=\"line-height: 24px;\">R\u00e9f 7393 : Pour chandelier diam. 25mm \u00e0 28mm R\u00e9a \u00e0 billes diam. 30 mm<\/span><\/li>\n<li>R\u00e9f 7394 : Pour chandelier diam. 28mm \u00e0 30mm R\u00e9a billes diam. 30 mm<\/li>\n<\/ul>","protected":false},"excerpt":{"rendered":"<p>Poulie de chandelier inox , r\u00e9a delrin \u00e0 billes. R\u00e9f 7392 : Pour chandelier diam. 20mm \u00e0 25mm R\u00e9a \u00e0 billes diam. 30 mm R\u00e9f 7393 : Pour chandelier diam. 25mm \u00e0 28mm R\u00e9a \u00e0 billes diam. 30 mm R\u00e9f 7394 : Pour chandelier diam. 28mm \u00e0 30mm R\u00e9a billes diam. 30 mm<\/p>","protected":false},"featured_media":4387,"template":"","meta":{"_acf_changed":false,"_uag_custom_page_level_css":""},"product_brand":[430],"product_cat":[117],"product_tag":[],"class_list":{"0":"post-4334","1":"product","2":"type-product","3":"status-publish","4":"has-post-thumbnail","6":"product_brand-nenuphar","7":"product_cat-anneaux-a-friction","9":"first","10":"instock","11":"taxable","12":"shipping-taxable","13":"purchasable","14":"product-type-variable"},"acf":[],"aioseo_notices":[],"uagb_featured_image_src":{"full":["https:\/\/www.nenuphar.com\/wp-content\/uploads\/2026\/01\/659.jpg",265,400,false],"thumbnail":["https:\/\/www.nenuphar.com\/wp-content\/uploads\/2026\/01\/659-150x150.jpg",150,150,true],"medium":["https:\/\/www.nenuphar.com\/wp-content\/uploads\/2026\/01\/659-199x300.jpg",199,300,true],"medium_large":["https:\/\/www.nenuphar.com\/wp-content\/uploads\/2026\/01\/659.jpg",265,400,false],"large":["https:\/\/www.nenuphar.com\/wp-content\/uploads\/2026\/01\/659.jpg",265,400,false],"1536x1536":["https:\/\/www.nenuphar.com\/wp-content\/uploads\/2026\/01\/659.jpg",265,400,false],"2048x2048":["https:\/\/www.nenuphar.com\/wp-content\/uploads\/2026\/01\/659.jpg",265,400,false],"trp-custom-language-flag":["https:\/\/www.nenuphar.com\/wp-content\/uploads\/2026\/01\/659.jpg",8,12,false],"woocommerce_thumbnail":["https:\/\/www.nenuphar.com\/wp-content\/uploads\/2026\/01\/659-265x300.jpg",265,300,true],"woocommerce_single":["https:\/\/www.nenuphar.com\/wp-content\/uploads\/2026\/01\/659.jpg",265,400,false],"woocommerce_gallery_thumbnail":["https:\/\/www.nenuphar.com\/wp-content\/uploads\/2026\/01\/659-100x100.jpg",100,100,true]},"uagb_author_info":{"display_name":"Karine","author_link":"https:\/\/www.nenuphar.com\/en\/author\/"},"uagb_comment_info":0,"uagb_excerpt":"Poulie de chandelier inox , r\u00e9a delrin \u00e0 billes. R\u00e9f 7392 : Pour chandelier diam. 20mm \u00e0 25mm R\u00e9a \u00e0 billes diam. 30 mm R\u00e9f 7393 : Pour chandelier diam. 25mm \u00e0 28mm R\u00e9a \u00e0 billes diam. 30 mm R\u00e9f 7394 : Pour chandelier diam. 28mm \u00e0 30mm R\u00e9a billes diam. 30 mm","_links":{"self":[{"href":"https:\/\/www.nenuphar.com\/en\/wp-json\/wp\/v2\/product\/4334","targetHints":{"allow":["GET"]}}],"collection":[{"href":"https:\/\/www.nenuphar.com\/en\/wp-json\/wp\/v2\/product"}],"about":[{"href":"https:\/\/www.nenuphar.com\/en\/wp-json\/wp\/v2\/types\/product"}],"wp:featuredmedia":[{"embeddable":true,"href":"https:\/\/www.nenuphar.com\/en\/wp-json\/wp\/v2\/media\/4387"}],"wp:attachment":[{"href":"https:\/\/www.nenuphar.com\/en\/wp-json\/wp\/v2\/media?parent=4334"}],"wp:term":[{"taxonomy":"product_brand","embeddable":true,"href":"https:\/\/www.nenuphar.com\/en\/wp-json\/wp\/v2\/product_brand?post=4334"},{"taxonomy":"product_cat","embeddable":true,"href":"https:\/\/www.nenuphar.com\/en\/wp-json\/wp\/v2\/product_cat?post=4334"},{"taxonomy":"product_tag","embeddable":true,"href":"https:\/\/www.nenuphar.com\/en\/wp-json\/wp\/v2\/product_tag?post=4334"}],"curies":[{"name":"wp","href":"https:\/\/api.w.org\/{rel}","templated":true}]}}