{"id":4339,"date":"2026-01-06T13:25:59","date_gmt":"2026-01-06T13:25:59","guid":{"rendered":"https:\/\/nen.kmkoncept.fr\/?post_type=product&#038;p=4339"},"modified":"2026-04-28T07:29:42","modified_gmt":"2026-04-28T07:29:42","slug":"poulie-16-mm-double-a-encastrer","status":"publish","type":"product","link":"https:\/\/www.nenuphar.com\/en\/shop\/accastillage\/poulies-et-anneaux-a-friction\/anneaux-a-friction\/poulie-16-mm-double-a-encastrer\/","title":{"rendered":"16 mm double pulley \u2013 To be embedded."},"content":{"rendered":"<p>Poulie Harken ref 368<\/p>\n<div class=\"row_specs\">\n<div class=\"row_specs_l\">\n<div class=\"spec\"><span class=\"label\">\u00d8 du r\u00e9a (mm)<\/span>16 mm<\/div>\n<div class=\"spec\"><span class=\"label\">\u00d8 cordage maxi (mm)<\/span>5 mm<\/div>\n<\/div>\n<div class=\"row_specs_r\">\n<div class=\"spec\"><span class=\"label\">Maximum working load (kg).<\/span>113 kg<\/div>\n<\/div>\n<\/div>","protected":false},"excerpt":{"rendered":"<div id=\"Specifications\" class=\"ui-tabs-panel ui-widget-content ui-corner-bottom\">\n<div class=\"row_specs\">\n<div class=\"row_specs_l\">\n<div class=\"spec\"><span class=\"label\">\u00d8 du r\u00e9a (mm)<\/span>16\u00a0mm<\/div>\n<div class=\"spec\"><span class=\"label\">Longueur (mm)<\/span>76\u00a0mm<\/div>\n<div class=\"spec\"><span class=\"label\">Poids (g)<\/span>27\u00a0g<\/div>\n<div class=\"spec\"><span class=\"label\">\u00d8 cordage maxi (mm)<\/span>5\u00a0mm<\/div>\n<\/div>\n<div class=\"row_specs_r\">\n<div class=\"spec\"><span class=\"label\">Fixation (mm)<\/span>4 RH\u00a0mm<\/div>\n<div class=\"spec\"><span class=\"label\">Maximum working load (kg).<\/span>113\u00a0kg<\/div>\n<div class=\"spec\"><span class=\"label\">Charge de rupture (kg)<\/span>544\u00a0kg<\/div>\n<div class=\"spec\"><\/div>\n<div class=\"spec\">\n<div id=\"Description\" class=\"ui-tabs-panel ui-widget-content ui-corner-bottom\">\n<p>The 16 mm is the smallest Harken\u00ae pulley. It is ideal for small synthetic control lines on high-tech dinghies. The patented bearing system uses stainless steel balls captured in a groove and offers a maximum working load of 113 kg (250 lb).<\/p>\n<\/div>\n<div class=\"prod_warning\">\n<div style=\"clear:both;\">\n<p><strong>Never.<\/strong> Never use Harken products for lifting or suspending people unless they are specifically certified for that purpose and their labeling confirms this use.<\/p>\n<\/div>\n<\/div>\n<\/div>\n<\/div>\n<\/div>\n<\/div>","protected":false},"featured_media":4392,"template":"","meta":{"_acf_changed":false,"_uag_custom_page_level_css":""},"product_brand":[450],"product_cat":[117],"product_tag":[],"class_list":{"0":"post-4339","1":"product","2":"type-product","3":"status-publish","4":"has-post-thumbnail","6":"product_brand-harken","7":"product_cat-anneaux-a-friction","9":"first","10":"instock","11":"taxable","12":"shipping-taxable","13":"purchasable","14":"product-type-simple"},"acf":[],"aioseo_notices":[],"uagb_featured_image_src":{"full":["https:\/\/www.nenuphar.com\/wp-content\/uploads\/2026\/01\/3826.jpg",457,144,false],"thumbnail":["https:\/\/www.nenuphar.com\/wp-content\/uploads\/2026\/01\/3826-150x144.jpg",150,144,true],"medium":["https:\/\/www.nenuphar.com\/wp-content\/uploads\/2026\/01\/3826-300x95.jpg",300,95,true],"medium_large":["https:\/\/www.nenuphar.com\/wp-content\/uploads\/2026\/01\/3826.jpg",457,144,false],"large":["https:\/\/www.nenuphar.com\/wp-content\/uploads\/2026\/01\/3826.jpg",457,144,false],"1536x1536":["https:\/\/www.nenuphar.com\/wp-content\/uploads\/2026\/01\/3826.jpg",457,144,false],"2048x2048":["https:\/\/www.nenuphar.com\/wp-content\/uploads\/2026\/01\/3826.jpg",457,144,false],"trp-custom-language-flag":["https:\/\/www.nenuphar.com\/wp-content\/uploads\/2026\/01\/3826.jpg",18,6,false],"woocommerce_thumbnail":["https:\/\/www.nenuphar.com\/wp-content\/uploads\/2026\/01\/3826-300x144.jpg",300,144,true],"woocommerce_single":["https:\/\/www.nenuphar.com\/wp-content\/uploads\/2026\/01\/3826.jpg",457,144,false],"woocommerce_gallery_thumbnail":["https:\/\/www.nenuphar.com\/wp-content\/uploads\/2026\/01\/3826-100x100.jpg",100,100,true]},"uagb_author_info":{"display_name":"Karine","author_link":"https:\/\/www.nenuphar.com\/en\/author\/"},"uagb_comment_info":0,"uagb_excerpt":"\u00d8 du r\u00e9a (mm)16\u00a0mm Longueur (mm)76\u00a0mm Poids (g)27\u00a0g \u00d8 cordage maxi (mm)5\u00a0mm Fixation (mm)4 RH\u00a0mm Charge de travail maximale (kg)113\u00a0kg Charge de rupture (kg)544\u00a0kg La 16 mm est la plus petite des poulies Harken\u00ae. Elle est id\u00e9ale pour les petits bouts de r\u00e9glage en fibres synth\u00e9tiques sur les d\u00e9riveurs hi-tech.Le syst\u00e8me de roulement brevet\u00e9 utilise&hellip;","_links":{"self":[{"href":"https:\/\/www.nenuphar.com\/en\/wp-json\/wp\/v2\/product\/4339","targetHints":{"allow":["GET"]}}],"collection":[{"href":"https:\/\/www.nenuphar.com\/en\/wp-json\/wp\/v2\/product"}],"about":[{"href":"https:\/\/www.nenuphar.com\/en\/wp-json\/wp\/v2\/types\/product"}],"wp:featuredmedia":[{"embeddable":true,"href":"https:\/\/www.nenuphar.com\/en\/wp-json\/wp\/v2\/media\/4392"}],"wp:attachment":[{"href":"https:\/\/www.nenuphar.com\/en\/wp-json\/wp\/v2\/media?parent=4339"}],"wp:term":[{"taxonomy":"product_brand","embeddable":true,"href":"https:\/\/www.nenuphar.com\/en\/wp-json\/wp\/v2\/product_brand?post=4339"},{"taxonomy":"product_cat","embeddable":true,"href":"https:\/\/www.nenuphar.com\/en\/wp-json\/wp\/v2\/product_cat?post=4339"},{"taxonomy":"product_tag","embeddable":true,"href":"https:\/\/www.nenuphar.com\/en\/wp-json\/wp\/v2\/product_tag?post=4339"}],"curies":[{"name":"wp","href":"https:\/\/api.w.org\/{rel}","templated":true}]}}