{"id":4340,"date":"2026-01-06T13:26:00","date_gmt":"2026-01-06T13:26:00","guid":{"rendered":"https:\/\/nen.kmkoncept.fr\/?post_type=product&#038;p=4340"},"modified":"2026-04-28T07:29:42","modified_gmt":"2026-04-28T07:29:42","slug":"poulie-triple-ringot-taquet-ronstan-rf20332","status":"publish","type":"product","link":"https:\/\/www.nenuphar.com\/en\/shop\/accastillage\/poulies-et-anneaux-a-friction\/anneaux-a-friction\/poulie-triple-ringot-taquet-ronstan-rf20332\/","title":{"rendered":"POULIE TRIPLE RINGOT TAQUET &#8211; RONSTAN RF20332"},"content":{"rendered":"<p>Poulie s\u00e9rie 20 Ronstan.<\/p>\n<p>Diam\u00e8tre r\u00e9a: 20 mm\u00e0 billes<\/p>\n<p>Cordage max: 6 mm<\/p>\n<p>Charge travail maxi: 400 Kg<\/p>\n<p>Charge de rupture: 850 Kg<\/p>\n<p>Poids poulie: 122 g<\/p>\n<table width=\"100%\" cellspacing=\"0\" cellpadding=\"0\" border=\"0\">\n<tbody>\n<tr>\n<th class=\"text-left\" id=\"eight\"><\/th>\n<td class=\"text-left\"><\/td>\n<\/tr>\n<tr>\n<th class=\"text-left\"><\/th>\n<td class=\"text-left\"><\/td>\n<\/tr>\n<tr>\n<th class=\"text-left\"><\/th>\n<td class=\"text-left\"><\/td>\n<\/tr>\n<tr>\n<th class=\"text-left\"><\/th>\n<td class=\"text-left\"><\/td>\n<\/tr>\n<tr>\n<th class=\"text-left\"><\/th>\n<td class=\"text-left\"><\/td>\n<\/tr>\n<tr>\n<th class=\"text-left\"><\/th>\n<td class=\"text-left\"><\/td>\n<\/tr>\n<tr>\n<th class=\"text-left\">Weight<\/th>\n<td class=\"text-left\">122 g<\/td>\n<\/tr>\n<\/tbody>\n<\/table>","protected":false},"excerpt":{"rendered":"<p>Poulie s\u00e9rie 20 Ronstan. Diam\u00e8tre r\u00e9a: 20 mm\u00e0 billes Cordage max: 6 mm Charge travail maxi: 400 Kg Charge de rupture: 850 Kg Poids poulie: 122 g Weight 122 g<\/p>","protected":false},"featured_media":4393,"template":"","meta":{"_acf_changed":false,"_uag_custom_page_level_css":""},"product_brand":[463],"product_cat":[117],"product_tag":[],"class_list":{"0":"post-4340","1":"product","2":"type-product","3":"status-publish","4":"has-post-thumbnail","6":"product_brand-ronstan","7":"product_cat-anneaux-a-friction","9":"first","10":"instock","11":"taxable","12":"shipping-taxable","13":"purchasable","14":"product-type-simple"},"acf":[],"aioseo_notices":[],"uagb_featured_image_src":{"full":["https:\/\/www.nenuphar.com\/wp-content\/uploads\/2026\/01\/2666.jpg",1536,1468,false],"thumbnail":["https:\/\/www.nenuphar.com\/wp-content\/uploads\/2026\/01\/2666-150x150.jpg",150,150,true],"medium":["https:\/\/www.nenuphar.com\/wp-content\/uploads\/2026\/01\/2666-300x287.jpg",300,287,true],"medium_large":["https:\/\/www.nenuphar.com\/wp-content\/uploads\/2026\/01\/2666-768x734.jpg",768,734,true],"large":["https:\/\/www.nenuphar.com\/wp-content\/uploads\/2026\/01\/2666-1024x979.jpg",1024,979,true],"1536x1536":["https:\/\/www.nenuphar.com\/wp-content\/uploads\/2026\/01\/2666.jpg",1536,1468,false],"2048x2048":["https:\/\/www.nenuphar.com\/wp-content\/uploads\/2026\/01\/2666.jpg",1536,1468,false],"trp-custom-language-flag":["https:\/\/www.nenuphar.com\/wp-content\/uploads\/2026\/01\/2666.jpg",13,12,false],"woocommerce_thumbnail":["https:\/\/www.nenuphar.com\/wp-content\/uploads\/2026\/01\/2666-300x300.jpg",300,300,true],"woocommerce_single":["https:\/\/www.nenuphar.com\/wp-content\/uploads\/2026\/01\/2666-600x573.jpg",600,573,true],"woocommerce_gallery_thumbnail":["https:\/\/www.nenuphar.com\/wp-content\/uploads\/2026\/01\/2666-100x100.jpg",100,100,true]},"uagb_author_info":{"display_name":"Karine","author_link":"https:\/\/www.nenuphar.com\/en\/author\/"},"uagb_comment_info":0,"uagb_excerpt":"Poulie s\u00e9rie 20 Ronstan. Diam\u00e8tre r\u00e9a: 20 mm\u00e0 billes Cordage max: 6 mm Charge travail maxi: 400 Kg Charge de rupture: 850 Kg Poids poulie: 122 g Weight 122 g","_links":{"self":[{"href":"https:\/\/www.nenuphar.com\/en\/wp-json\/wp\/v2\/product\/4340","targetHints":{"allow":["GET"]}}],"collection":[{"href":"https:\/\/www.nenuphar.com\/en\/wp-json\/wp\/v2\/product"}],"about":[{"href":"https:\/\/www.nenuphar.com\/en\/wp-json\/wp\/v2\/types\/product"}],"wp:featuredmedia":[{"embeddable":true,"href":"https:\/\/www.nenuphar.com\/en\/wp-json\/wp\/v2\/media\/4393"}],"wp:attachment":[{"href":"https:\/\/www.nenuphar.com\/en\/wp-json\/wp\/v2\/media?parent=4340"}],"wp:term":[{"taxonomy":"product_brand","embeddable":true,"href":"https:\/\/www.nenuphar.com\/en\/wp-json\/wp\/v2\/product_brand?post=4340"},{"taxonomy":"product_cat","embeddable":true,"href":"https:\/\/www.nenuphar.com\/en\/wp-json\/wp\/v2\/product_cat?post=4340"},{"taxonomy":"product_tag","embeddable":true,"href":"https:\/\/www.nenuphar.com\/en\/wp-json\/wp\/v2\/product_tag?post=4340"}],"curies":[{"name":"wp","href":"https:\/\/api.w.org\/{rel}","templated":true}]}}