{"id":4359,"date":"2026-01-06T13:26:38","date_gmt":"2026-01-06T13:26:38","guid":{"rendered":"https:\/\/nen.kmkoncept.fr\/?post_type=product&#038;p=4359"},"modified":"2026-04-28T07:29:42","modified_gmt":"2026-04-28T07:29:42","slug":"poulie-simple-ringot-40mm-ronstan-rf45110","status":"publish","type":"product","link":"https:\/\/www.nenuphar.com\/en\/shop\/accastillage\/poulies-et-anneaux-a-friction\/anneaux-a-friction\/poulie-simple-ringot-40mm-ronstan-rf45110\/","title":{"rendered":"Single Ringot Pulley 40 mm \u2013 RONSTAN RF45110."},"content":{"rendered":"<p>Orbit 40 series ball-bearing pulley.<\/p>\n<p>Maximum rope diameter: 9 mm.<\/p>\n<p>Maximum working load: 325 kg.<\/p>\n<p>Breaking load: 700 kg.<\/p>\n<p>Weight: 36 g.<\/p>","protected":false},"excerpt":{"rendered":"<p>Orbit 40 series Working load: 325 kg max Breaking load: 700 kg Weight: 36 g\u00a0<\/p>","protected":false},"featured_media":4395,"template":"","meta":{"_acf_changed":false,"_uag_custom_page_level_css":""},"product_brand":[463],"product_cat":[117],"product_tag":[],"class_list":{"0":"post-4359","1":"product","2":"type-product","3":"status-publish","4":"has-post-thumbnail","6":"product_brand-ronstan","7":"product_cat-anneaux-a-friction","9":"first","10":"instock","11":"taxable","12":"shipping-taxable","13":"purchasable","14":"product-type-simple"},"acf":[],"aioseo_notices":[],"uagb_featured_image_src":{"full":["https:\/\/www.nenuphar.com\/wp-content\/uploads\/2026\/01\/2667.jpg",992,1620,false],"thumbnail":["https:\/\/www.nenuphar.com\/wp-content\/uploads\/2026\/01\/2667-150x150.jpg",150,150,true],"medium":["https:\/\/www.nenuphar.com\/wp-content\/uploads\/2026\/01\/2667-184x300.jpg",184,300,true],"medium_large":["https:\/\/www.nenuphar.com\/wp-content\/uploads\/2026\/01\/2667-768x1254.jpg",768,1254,true],"large":["https:\/\/www.nenuphar.com\/wp-content\/uploads\/2026\/01\/2667-627x1024.jpg",627,1024,true],"1536x1536":["https:\/\/www.nenuphar.com\/wp-content\/uploads\/2026\/01\/2667-941x1536.jpg",941,1536,true],"2048x2048":["https:\/\/www.nenuphar.com\/wp-content\/uploads\/2026\/01\/2667.jpg",992,1620,false],"trp-custom-language-flag":["https:\/\/www.nenuphar.com\/wp-content\/uploads\/2026\/01\/2667.jpg",7,12,false],"woocommerce_thumbnail":["https:\/\/www.nenuphar.com\/wp-content\/uploads\/2026\/01\/2667-300x300.jpg",300,300,true],"woocommerce_single":["https:\/\/www.nenuphar.com\/wp-content\/uploads\/2026\/01\/2667-600x980.jpg",600,980,true],"woocommerce_gallery_thumbnail":["https:\/\/www.nenuphar.com\/wp-content\/uploads\/2026\/01\/2667-100x100.jpg",100,100,true]},"uagb_author_info":{"display_name":"Karine","author_link":"https:\/\/www.nenuphar.com\/en\/author\/"},"uagb_comment_info":0,"uagb_excerpt":"Poulie s\u00e9rie Orbit 40 \u00e0 billes Diam\u00e8tre cordage max: 9 mm Charge de travail maxi: 325 kg Charge de rupture: 700 kg Poids: 36g","_links":{"self":[{"href":"https:\/\/www.nenuphar.com\/en\/wp-json\/wp\/v2\/product\/4359","targetHints":{"allow":["GET"]}}],"collection":[{"href":"https:\/\/www.nenuphar.com\/en\/wp-json\/wp\/v2\/product"}],"about":[{"href":"https:\/\/www.nenuphar.com\/en\/wp-json\/wp\/v2\/types\/product"}],"wp:featuredmedia":[{"embeddable":true,"href":"https:\/\/www.nenuphar.com\/en\/wp-json\/wp\/v2\/media\/4395"}],"wp:attachment":[{"href":"https:\/\/www.nenuphar.com\/en\/wp-json\/wp\/v2\/media?parent=4359"}],"wp:term":[{"taxonomy":"product_brand","embeddable":true,"href":"https:\/\/www.nenuphar.com\/en\/wp-json\/wp\/v2\/product_brand?post=4359"},{"taxonomy":"product_cat","embeddable":true,"href":"https:\/\/www.nenuphar.com\/en\/wp-json\/wp\/v2\/product_cat?post=4359"},{"taxonomy":"product_tag","embeddable":true,"href":"https:\/\/www.nenuphar.com\/en\/wp-json\/wp\/v2\/product_tag?post=4359"}],"curies":[{"name":"wp","href":"https:\/\/api.w.org\/{rel}","templated":true}]}}