{"id":4360,"date":"2026-01-06T13:26:38","date_gmt":"2026-01-06T13:26:38","guid":{"rendered":"https:\/\/nen.kmkoncept.fr\/?post_type=product&#038;p=4360"},"modified":"2026-04-28T07:29:42","modified_gmt":"2026-04-28T07:29:42","slug":"poulie-violon-winch-55mm-ronstan-rf56511","status":"publish","type":"product","link":"https:\/\/www.nenuphar.com\/en\/shop\/accastillage\/poulies-et-anneaux-a-friction\/anneaux-a-friction\/poulie-violon-winch-55mm-ronstan-rf56511\/","title":{"rendered":"Violon Winch Pulley 55 mm \u2013 RONSTAN RF56511."},"content":{"rendered":"<p>Orbit 55 series.<\/p>\n<p>Sheaves diameter: 55 mm (winch) and 35 mm.<\/p>\n<p>Maximum rope diameter: 10 mm.<\/p>\n<p>Maximum working load: 250 kg.<\/p>\n<p>Breaking load: 750 kg.<\/p>\n<p>Weight: 108 g.<\/p>","protected":false},"excerpt":{"rendered":"<p>For rope max. 10 mm Max. working load: 250 kg Breaking load: 750 kg Weight: 108 g<\/p>","protected":false},"featured_media":4396,"template":"","meta":{"_acf_changed":false,"_uag_custom_page_level_css":""},"product_brand":[463],"product_cat":[117],"product_tag":[],"class_list":{"0":"post-4360","1":"product","2":"type-product","3":"status-publish","4":"has-post-thumbnail","6":"product_brand-ronstan","7":"product_cat-anneaux-a-friction","9":"first","10":"instock","11":"taxable","12":"shipping-taxable","13":"purchasable","14":"product-type-simple"},"acf":[],"aioseo_notices":[],"uagb_featured_image_src":{"full":["https:\/\/www.nenuphar.com\/wp-content\/uploads\/2026\/01\/2668.jpg",966,2220,false],"thumbnail":["https:\/\/www.nenuphar.com\/wp-content\/uploads\/2026\/01\/2668-150x150.jpg",150,150,true],"medium":["https:\/\/www.nenuphar.com\/wp-content\/uploads\/2026\/01\/2668-131x300.jpg",131,300,true],"medium_large":["https:\/\/www.nenuphar.com\/wp-content\/uploads\/2026\/01\/2668-768x1765.jpg",768,1765,true],"large":["https:\/\/www.nenuphar.com\/wp-content\/uploads\/2026\/01\/2668-446x1024.jpg",446,1024,true],"1536x1536":["https:\/\/www.nenuphar.com\/wp-content\/uploads\/2026\/01\/2668-668x1536.jpg",668,1536,true],"2048x2048":["https:\/\/www.nenuphar.com\/wp-content\/uploads\/2026\/01\/2668-891x2048.jpg",891,2048,true],"trp-custom-language-flag":["https:\/\/www.nenuphar.com\/wp-content\/uploads\/2026\/01\/2668.jpg",5,12,false],"woocommerce_thumbnail":["https:\/\/www.nenuphar.com\/wp-content\/uploads\/2026\/01\/2668-300x300.jpg",300,300,true],"woocommerce_single":["https:\/\/www.nenuphar.com\/wp-content\/uploads\/2026\/01\/2668-600x1379.jpg",600,1379,true],"woocommerce_gallery_thumbnail":["https:\/\/www.nenuphar.com\/wp-content\/uploads\/2026\/01\/2668-100x100.jpg",100,100,true]},"uagb_author_info":{"display_name":"Karine","author_link":"https:\/\/www.nenuphar.com\/en\/author\/"},"uagb_comment_info":0,"uagb_excerpt":"S\u00e9rie Orbit 55 r\u00e9as diam\u00e8tre 55 (winch) et 35 mm Diam\u00e8tre cordage maxi: 10 mm Charge travail max.: 250 kg Charge rupture: 750 kg Poids: 108 g","_links":{"self":[{"href":"https:\/\/www.nenuphar.com\/en\/wp-json\/wp\/v2\/product\/4360","targetHints":{"allow":["GET"]}}],"collection":[{"href":"https:\/\/www.nenuphar.com\/en\/wp-json\/wp\/v2\/product"}],"about":[{"href":"https:\/\/www.nenuphar.com\/en\/wp-json\/wp\/v2\/types\/product"}],"wp:featuredmedia":[{"embeddable":true,"href":"https:\/\/www.nenuphar.com\/en\/wp-json\/wp\/v2\/media\/4396"}],"wp:attachment":[{"href":"https:\/\/www.nenuphar.com\/en\/wp-json\/wp\/v2\/media?parent=4360"}],"wp:term":[{"taxonomy":"product_brand","embeddable":true,"href":"https:\/\/www.nenuphar.com\/en\/wp-json\/wp\/v2\/product_brand?post=4360"},{"taxonomy":"product_cat","embeddable":true,"href":"https:\/\/www.nenuphar.com\/en\/wp-json\/wp\/v2\/product_cat?post=4360"},{"taxonomy":"product_tag","embeddable":true,"href":"https:\/\/www.nenuphar.com\/en\/wp-json\/wp\/v2\/product_tag?post=4360"}],"curies":[{"name":"wp","href":"https:\/\/api.w.org\/{rel}","templated":true}]}}