{"id":4365,"date":"2026-01-06T13:26:39","date_gmt":"2026-01-06T13:26:39","guid":{"rendered":"https:\/\/nen.kmkoncept.fr\/?post_type=product&#038;p=4365"},"modified":"2026-04-28T07:29:42","modified_gmt":"2026-04-28T07:29:42","slug":"poulie-violon-emerillon-winch-organic-d-57mm","status":"publish","type":"product","link":"https:\/\/www.nenuphar.com\/en\/shop\/accastillage\/poulies-et-anneaux-a-friction\/anneaux-a-friction\/poulie-violon-emerillon-winch-organic-d-57mm\/","title":{"rendered":"Violin-style swivel winch pulley \u2013 Organic, D 57 mm."},"content":{"rendered":"<p>Poulie violon Organic 57 winch \u00e9merillon<\/p>\n<p>R\u00e9as \u00e0 billes diam. 57 mm et 37 mm<\/p>\n<p>Cordage max. : 12 mm<\/p>\n<\/p>\n<p>Charge de travail maxi: 300 Kg<\/p>\n<p>Breaking load: 600 kg.<\/p>\n<p>Poids poulie: 124 g<\/p>","protected":false},"excerpt":{"rendered":"<p>Poulie violon Organic 57 winch \u00e9merillon R\u00e9as \u00e0 billes diam. 57 mm et 37 mm Cordage max. : 12 mm Charge de travail maxi: 300 Kg Rupture : 600 kg Poids poulie: 124 g<\/p>","protected":false},"featured_media":4401,"template":"","meta":{"_acf_changed":false,"_uag_custom_page_level_css":""},"product_brand":[430],"product_cat":[117],"product_tag":[],"class_list":{"0":"post-4365","1":"product","2":"type-product","3":"status-publish","4":"has-post-thumbnail","6":"product_brand-nenuphar","7":"product_cat-anneaux-a-friction","9":"first","10":"instock","11":"taxable","12":"shipping-taxable","13":"purchasable","14":"product-type-simple"},"acf":[],"aioseo_notices":[],"uagb_featured_image_src":{"full":["https:\/\/www.nenuphar.com\/wp-content\/uploads\/2026\/01\/721.jpg",400,192,false],"thumbnail":["https:\/\/www.nenuphar.com\/wp-content\/uploads\/2026\/01\/721-150x150.jpg",150,150,true],"medium":["https:\/\/www.nenuphar.com\/wp-content\/uploads\/2026\/01\/721-300x144.jpg",300,144,true],"medium_large":["https:\/\/www.nenuphar.com\/wp-content\/uploads\/2026\/01\/721.jpg",400,192,false],"large":["https:\/\/www.nenuphar.com\/wp-content\/uploads\/2026\/01\/721.jpg",400,192,false],"1536x1536":["https:\/\/www.nenuphar.com\/wp-content\/uploads\/2026\/01\/721.jpg",400,192,false],"2048x2048":["https:\/\/www.nenuphar.com\/wp-content\/uploads\/2026\/01\/721.jpg",400,192,false],"trp-custom-language-flag":["https:\/\/www.nenuphar.com\/wp-content\/uploads\/2026\/01\/721.jpg",18,9,false],"woocommerce_thumbnail":["https:\/\/www.nenuphar.com\/wp-content\/uploads\/2026\/01\/721-300x192.jpg",300,192,true],"woocommerce_single":["https:\/\/www.nenuphar.com\/wp-content\/uploads\/2026\/01\/721.jpg",400,192,false],"woocommerce_gallery_thumbnail":["https:\/\/www.nenuphar.com\/wp-content\/uploads\/2026\/01\/721-100x100.jpg",100,100,true]},"uagb_author_info":{"display_name":"Karine","author_link":"https:\/\/www.nenuphar.com\/en\/author\/"},"uagb_comment_info":0,"uagb_excerpt":"Poulie violon Organic 57 winch \u00e9merillon R\u00e9as \u00e0 billes diam. 57 mm et 37 mm Cordage max. : 12 mm Charge de travail maxi: 300 Kg Rupture : 600 kg Poids poulie: 124 g","_links":{"self":[{"href":"https:\/\/www.nenuphar.com\/en\/wp-json\/wp\/v2\/product\/4365","targetHints":{"allow":["GET"]}}],"collection":[{"href":"https:\/\/www.nenuphar.com\/en\/wp-json\/wp\/v2\/product"}],"about":[{"href":"https:\/\/www.nenuphar.com\/en\/wp-json\/wp\/v2\/types\/product"}],"wp:featuredmedia":[{"embeddable":true,"href":"https:\/\/www.nenuphar.com\/en\/wp-json\/wp\/v2\/media\/4401"}],"wp:attachment":[{"href":"https:\/\/www.nenuphar.com\/en\/wp-json\/wp\/v2\/media?parent=4365"}],"wp:term":[{"taxonomy":"product_brand","embeddable":true,"href":"https:\/\/www.nenuphar.com\/en\/wp-json\/wp\/v2\/product_brand?post=4365"},{"taxonomy":"product_cat","embeddable":true,"href":"https:\/\/www.nenuphar.com\/en\/wp-json\/wp\/v2\/product_cat?post=4365"},{"taxonomy":"product_tag","embeddable":true,"href":"https:\/\/www.nenuphar.com\/en\/wp-json\/wp\/v2\/product_tag?post=4365"}],"curies":[{"name":"wp","href":"https:\/\/api.w.org\/{rel}","templated":true}]}}