{"id":4366,"date":"2026-01-06T13:26:39","date_gmt":"2026-01-06T13:26:39","guid":{"rendered":"https:\/\/nen.kmkoncept.fr\/?post_type=product&#038;p=4366"},"modified":"2026-04-28T07:29:43","modified_gmt":"2026-04-28T07:29:43","slug":"poulie-triple-taquet-nautos-27","status":"publish","type":"product","link":"https:\/\/www.nenuphar.com\/en\/shop\/accastillage\/poulies-et-anneaux-a-friction\/anneaux-a-friction\/poulie-triple-taquet-nautos-27\/","title":{"rendered":"Triple pulley with cleat \u2013 Nautos Line 28."},"content":{"rendered":"<p>Nautos triple pulley \u2013 3 plastic 28 mm ball-bearing sheaves, cleat stopper, 27 mm axle spacing, with becket eye; special clearance offer while supplies last.<\/p>\n<p>diam\u00e8tre 28mm<\/p>\n<p>cordages 4-8 mm<\/p>\n<p>charge de travail 330 kg<\/p>\n<p>charge de rupture 900 kg<\/p>\n<p>poids 226 grs<\/p>","protected":false},"excerpt":{"rendered":"<p>Poulie Nautos 3 r\u00e9as plastiques d28mm \u00e0 billes taquet coinceur entre-axe 27mm + pontet ringot offre sp\u00e9ciale d\u00e9stockage jusqu&rsquo;\u00e0 \u00e9puisement diam\u00e8tre 28mm cordages 4-8 mm charge de travail 330 kg charge de rupture 900 kg poids 226 grs<\/p>","protected":false},"featured_media":4402,"template":"","meta":{"_acf_changed":false,"_uag_custom_page_level_css":""},"product_brand":[],"product_cat":[117],"product_tag":[],"class_list":{"0":"post-4366","1":"product","2":"type-product","3":"status-publish","4":"has-post-thumbnail","6":"product_cat-anneaux-a-friction","8":"first","9":"instock","10":"taxable","11":"shipping-taxable","12":"purchasable","13":"product-type-simple"},"acf":[],"aioseo_notices":[],"uagb_featured_image_src":{"full":["https:\/\/www.nenuphar.com\/wp-content\/uploads\/2026\/01\/3630-scaled.jpg",2560,1920,false],"thumbnail":["https:\/\/www.nenuphar.com\/wp-content\/uploads\/2026\/01\/3630-150x150.jpg",150,150,true],"medium":["https:\/\/www.nenuphar.com\/wp-content\/uploads\/2026\/01\/3630-300x225.jpg",300,225,true],"medium_large":["https:\/\/www.nenuphar.com\/wp-content\/uploads\/2026\/01\/3630-768x576.jpg",768,576,true],"large":["https:\/\/www.nenuphar.com\/wp-content\/uploads\/2026\/01\/3630-1024x768.jpg",1024,768,true],"1536x1536":["https:\/\/www.nenuphar.com\/wp-content\/uploads\/2026\/01\/3630-1536x1152.jpg",1536,1152,true],"2048x2048":["https:\/\/www.nenuphar.com\/wp-content\/uploads\/2026\/01\/3630-2048x1536.jpg",2048,1536,true],"trp-custom-language-flag":["https:\/\/www.nenuphar.com\/wp-content\/uploads\/2026\/01\/3630-scaled.jpg",16,12,false],"woocommerce_thumbnail":["https:\/\/www.nenuphar.com\/wp-content\/uploads\/2026\/01\/3630-300x300.jpg",300,300,true],"woocommerce_single":["https:\/\/www.nenuphar.com\/wp-content\/uploads\/2026\/01\/3630-600x450.jpg",600,450,true],"woocommerce_gallery_thumbnail":["https:\/\/www.nenuphar.com\/wp-content\/uploads\/2026\/01\/3630-100x100.jpg",100,100,true]},"uagb_author_info":{"display_name":"Karine","author_link":"https:\/\/www.nenuphar.com\/en\/author\/"},"uagb_comment_info":0,"uagb_excerpt":"Poulie Nautos 3 r\u00e9as plastiques d28mm \u00e0 billes taquet coinceur entre-axe 27mm + pontet ringot offre sp\u00e9ciale d\u00e9stockage jusqu&rsquo;\u00e0 \u00e9puisement diam\u00e8tre 28mm cordages 4-8 mm charge de travail 330 kg charge de rupture 900 kg poids 226 grs","_links":{"self":[{"href":"https:\/\/www.nenuphar.com\/en\/wp-json\/wp\/v2\/product\/4366","targetHints":{"allow":["GET"]}}],"collection":[{"href":"https:\/\/www.nenuphar.com\/en\/wp-json\/wp\/v2\/product"}],"about":[{"href":"https:\/\/www.nenuphar.com\/en\/wp-json\/wp\/v2\/types\/product"}],"wp:featuredmedia":[{"embeddable":true,"href":"https:\/\/www.nenuphar.com\/en\/wp-json\/wp\/v2\/media\/4402"}],"wp:attachment":[{"href":"https:\/\/www.nenuphar.com\/en\/wp-json\/wp\/v2\/media?parent=4366"}],"wp:term":[{"taxonomy":"product_brand","embeddable":true,"href":"https:\/\/www.nenuphar.com\/en\/wp-json\/wp\/v2\/product_brand?post=4366"},{"taxonomy":"product_cat","embeddable":true,"href":"https:\/\/www.nenuphar.com\/en\/wp-json\/wp\/v2\/product_cat?post=4366"},{"taxonomy":"product_tag","embeddable":true,"href":"https:\/\/www.nenuphar.com\/en\/wp-json\/wp\/v2\/product_tag?post=4366"}],"curies":[{"name":"wp","href":"https:\/\/api.w.org\/{rel}","templated":true}]}}