{"id":4368,"date":"2026-01-06T13:26:39","date_gmt":"2026-01-06T13:26:39","guid":{"rendered":"https:\/\/nen.kmkoncept.fr\/?post_type=product&#038;p=4368"},"modified":"2026-04-28T07:29:43","modified_gmt":"2026-04-28T07:29:43","slug":"palan-line-28-nautos-poulie-75639-poulie-75638","status":"publish","type":"product","link":"https:\/\/www.nenuphar.com\/en\/shop\/accastillage\/poulies-et-anneaux-a-friction\/anneaux-a-friction\/palan-line-28-nautos-poulie-75639-poulie-75638\/","title":{"rendered":"LINE 28 NAUTOS BLOCK \u2013 Pulley 75639 + Pulley 75638."},"content":{"rendered":"<p>Set of 2 HOLT-NAUTOS pulleys: 75639 + Pulley 75638, for making a block with 28 mm ball-bearing sheaves.<\/p>\n<p>Working load: 330 kg.<\/p>\n<p>Breaking load: 900 kg.<\/p>\n<p>Rope diameter (min\u2013max): 4\u201310 mm.<\/p>","protected":false},"excerpt":{"rendered":"<p>ensemble de 2 poulies HOLT-NAUTOS :\u00a0 75639 + poulie 75638 pour r\u00e9aliser un palan avec r\u00e9as diam\u00e8tre 28mm \u00e0 billes charge de travail 330 kilos charge de rupture 900 kilos cordage mini-maxi: 4-10mm<\/p>","protected":false},"featured_media":4416,"template":"","meta":{"_acf_changed":false,"_uag_custom_page_level_css":""},"product_brand":[],"product_cat":[117],"product_tag":[],"class_list":{"0":"post-4368","1":"product","2":"type-product","3":"status-publish","4":"has-post-thumbnail","6":"product_cat-anneaux-a-friction","8":"first","9":"instock","10":"taxable","11":"shipping-taxable","12":"purchasable","13":"product-type-simple"},"acf":[],"aioseo_notices":[],"uagb_featured_image_src":{"full":["https:\/\/www.nenuphar.com\/wp-content\/uploads\/2026\/01\/6094-scaled.jpg",1928,2560,false],"thumbnail":["https:\/\/www.nenuphar.com\/wp-content\/uploads\/2026\/01\/6094-150x150.jpg",150,150,true],"medium":["https:\/\/www.nenuphar.com\/wp-content\/uploads\/2026\/01\/6094-226x300.jpg",226,300,true],"medium_large":["https:\/\/www.nenuphar.com\/wp-content\/uploads\/2026\/01\/6094-768x1020.jpg",768,1020,true],"large":["https:\/\/www.nenuphar.com\/wp-content\/uploads\/2026\/01\/6094-771x1024.jpg",771,1024,true],"1536x1536":["https:\/\/www.nenuphar.com\/wp-content\/uploads\/2026\/01\/6094-1157x1536.jpg",1157,1536,true],"2048x2048":["https:\/\/www.nenuphar.com\/wp-content\/uploads\/2026\/01\/6094-1542x2048.jpg",1542,2048,true],"trp-custom-language-flag":["https:\/\/www.nenuphar.com\/wp-content\/uploads\/2026\/01\/6094-scaled.jpg",9,12,false],"woocommerce_thumbnail":["https:\/\/www.nenuphar.com\/wp-content\/uploads\/2026\/01\/6094-300x300.jpg",300,300,true],"woocommerce_single":["https:\/\/www.nenuphar.com\/wp-content\/uploads\/2026\/01\/6094-600x797.jpg",600,797,true],"woocommerce_gallery_thumbnail":["https:\/\/www.nenuphar.com\/wp-content\/uploads\/2026\/01\/6094-100x100.jpg",100,100,true]},"uagb_author_info":{"display_name":"Karine","author_link":"https:\/\/www.nenuphar.com\/en\/author\/"},"uagb_comment_info":0,"uagb_excerpt":"ensemble de 2 poulies HOLT-NAUTOS :\u00a0 75639 + poulie 75638 pour r\u00e9aliser un palan avec r\u00e9as diam\u00e8tre 28mm \u00e0 billes charge de travail 330 kilos charge de rupture 900 kilos cordage mini-maxi: 4-10mm","_links":{"self":[{"href":"https:\/\/www.nenuphar.com\/en\/wp-json\/wp\/v2\/product\/4368","targetHints":{"allow":["GET"]}}],"collection":[{"href":"https:\/\/www.nenuphar.com\/en\/wp-json\/wp\/v2\/product"}],"about":[{"href":"https:\/\/www.nenuphar.com\/en\/wp-json\/wp\/v2\/types\/product"}],"wp:featuredmedia":[{"embeddable":true,"href":"https:\/\/www.nenuphar.com\/en\/wp-json\/wp\/v2\/media\/4416"}],"wp:attachment":[{"href":"https:\/\/www.nenuphar.com\/en\/wp-json\/wp\/v2\/media?parent=4368"}],"wp:term":[{"taxonomy":"product_brand","embeddable":true,"href":"https:\/\/www.nenuphar.com\/en\/wp-json\/wp\/v2\/product_brand?post=4368"},{"taxonomy":"product_cat","embeddable":true,"href":"https:\/\/www.nenuphar.com\/en\/wp-json\/wp\/v2\/product_cat?post=4368"},{"taxonomy":"product_tag","embeddable":true,"href":"https:\/\/www.nenuphar.com\/en\/wp-json\/wp\/v2\/product_tag?post=4368"}],"curies":[{"name":"wp","href":"https:\/\/api.w.org\/{rel}","templated":true}]}}