{"id":4370,"date":"2026-01-06T13:26:39","date_gmt":"2026-01-06T13:26:39","guid":{"rendered":"https:\/\/nen.kmkoncept.fr\/?post_type=product&#038;p=4370"},"modified":"2026-04-28T07:29:48","modified_gmt":"2026-04-28T07:29:48","slug":"poulie-winch-triple-palan-gv-d-57mm","status":"publish","type":"product","link":"https:\/\/www.nenuphar.com\/en\/shop\/accastillage\/poulies-et-anneaux-a-friction\/anneaux-a-friction\/poulie-winch-triple-palan-gv-d-57mm\/","title":{"rendered":"Triple winch\/purchase pulley \u2013 mainsail, D 57 mm."},"content":{"rendered":"<p>Poulie winch triple. R\u00e9as \u00e0 billes diam. 57 mm . R\u00e9a central winch en aluminium. Taquet alu sur platine orientable<\/p>\n<p>Cordage maxi: 12 mm<\/p>\n<p>charge de travail 500 kilos<\/p>\n<p>charge de rupture 950 kilos<\/p>\n<p>poids 520 grs<\/p>","protected":false},"excerpt":{"rendered":"<p>Triple ratchet block . Ball bearing sheaves diam. 57 mm. Central winch sheave in aluminium. Cam cleat in aluminium onto adjustable plate. Max. rope diam. : 12 mm Breaking load: 950 kg<\/p>","protected":false},"featured_media":4420,"template":"","meta":{"_acf_changed":false,"_uag_custom_page_level_css":""},"product_brand":[],"product_cat":[117],"product_tag":[],"class_list":{"0":"post-4370","1":"product","2":"type-product","3":"status-publish","4":"has-post-thumbnail","6":"product_cat-anneaux-a-friction","8":"first","9":"instock","10":"taxable","11":"shipping-taxable","12":"purchasable","13":"product-type-simple"},"acf":[],"aioseo_notices":[],"uagb_featured_image_src":{"full":["https:\/\/www.nenuphar.com\/wp-content\/uploads\/2026\/01\/1374.jpg",395,400,false],"thumbnail":["https:\/\/www.nenuphar.com\/wp-content\/uploads\/2026\/01\/1374-150x150.jpg",150,150,true],"medium":["https:\/\/www.nenuphar.com\/wp-content\/uploads\/2026\/01\/1374-296x300.jpg",296,300,true],"medium_large":["https:\/\/www.nenuphar.com\/wp-content\/uploads\/2026\/01\/1374.jpg",395,400,false],"large":["https:\/\/www.nenuphar.com\/wp-content\/uploads\/2026\/01\/1374.jpg",395,400,false],"1536x1536":["https:\/\/www.nenuphar.com\/wp-content\/uploads\/2026\/01\/1374.jpg",395,400,false],"2048x2048":["https:\/\/www.nenuphar.com\/wp-content\/uploads\/2026\/01\/1374.jpg",395,400,false],"trp-custom-language-flag":["https:\/\/www.nenuphar.com\/wp-content\/uploads\/2026\/01\/1374.jpg",12,12,false],"woocommerce_thumbnail":["https:\/\/www.nenuphar.com\/wp-content\/uploads\/2026\/01\/1374-300x300.jpg",300,300,true],"woocommerce_single":["https:\/\/www.nenuphar.com\/wp-content\/uploads\/2026\/01\/1374.jpg",395,400,false],"woocommerce_gallery_thumbnail":["https:\/\/www.nenuphar.com\/wp-content\/uploads\/2026\/01\/1374-100x100.jpg",100,100,true]},"uagb_author_info":{"display_name":"Karine","author_link":"https:\/\/www.nenuphar.com\/en\/author\/"},"uagb_comment_info":0,"uagb_excerpt":"Poulie winch triple. R\u00e9as \u00e0 billes diam. 57 mm . R\u00e9a central winch en aluminium. Taquet alu sur platine orientable Cordage maxi: 12 mm charge de travail 500 kilos charge de rupture 950 kilos poids 520 grs","_links":{"self":[{"href":"https:\/\/www.nenuphar.com\/en\/wp-json\/wp\/v2\/product\/4370","targetHints":{"allow":["GET"]}}],"collection":[{"href":"https:\/\/www.nenuphar.com\/en\/wp-json\/wp\/v2\/product"}],"about":[{"href":"https:\/\/www.nenuphar.com\/en\/wp-json\/wp\/v2\/types\/product"}],"wp:featuredmedia":[{"embeddable":true,"href":"https:\/\/www.nenuphar.com\/en\/wp-json\/wp\/v2\/media\/4420"}],"wp:attachment":[{"href":"https:\/\/www.nenuphar.com\/en\/wp-json\/wp\/v2\/media?parent=4370"}],"wp:term":[{"taxonomy":"product_brand","embeddable":true,"href":"https:\/\/www.nenuphar.com\/en\/wp-json\/wp\/v2\/product_brand?post=4370"},{"taxonomy":"product_cat","embeddable":true,"href":"https:\/\/www.nenuphar.com\/en\/wp-json\/wp\/v2\/product_cat?post=4370"},{"taxonomy":"product_tag","embeddable":true,"href":"https:\/\/www.nenuphar.com\/en\/wp-json\/wp\/v2\/product_tag?post=4370"}],"curies":[{"name":"wp","href":"https:\/\/api.w.org\/{rel}","templated":true}]}}