{"id":4373,"date":"2026-01-06T13:26:39","date_gmt":"2026-01-06T13:26:39","guid":{"rendered":"https:\/\/nen.kmkoncept.fr\/?post_type=product&#038;p=4373"},"modified":"2026-04-28T07:29:48","modified_gmt":"2026-04-28T07:29:48","slug":"poulie-organic-57mm-triple-taquet-ht99083","status":"publish","type":"product","link":"https:\/\/www.nenuphar.com\/en\/shop\/accastillage\/poulies-et-anneaux-a-friction\/anneaux-a-friction\/poulie-organic-57mm-triple-taquet-ht99083\/","title":{"rendered":"**Organic triple pulley 57 mm \u2013 Cleat HT99075.**"},"content":{"rendered":"<p>**Triple ball-bearing pulley.**<\/p>\n<p>**Central winch sheave.**<\/p>\n<p>**Aluminum cleat jammer.**<\/p>\n<p>Sheaves, diameter 57 mm.<\/p>\n<p>Maximum rope diameter: 12 mm.<\/p>\n<p>Maximum working load: 240 kg.<\/p>\n<p>Breaking load: 500 kg.<\/p>\n<p>Pulley weight: 436 g.<\/p>\n<p>Ideal for catamaran mainsail block and tackle, used with ref: 7736.<\/p>","protected":false},"excerpt":{"rendered":"<p>Perfect block in association with ref 7736 for catamaran mainsheet. Triple ball bearing block Ratchet block Aluminium cam cleat Max rope diam. : 12 mm Max working load: 240 kg Breaking load: 500 kg Block weight: 436 g<\/p>","protected":false},"featured_media":4424,"template":"","meta":{"_acf_changed":false,"_uag_custom_page_level_css":""},"product_brand":[452],"product_cat":[117],"product_tag":[],"class_list":{"0":"post-4373","1":"product","2":"type-product","3":"status-publish","4":"has-post-thumbnail","6":"product_brand-holt","7":"product_cat-anneaux-a-friction","9":"first","10":"instock","11":"taxable","12":"shipping-taxable","13":"purchasable","14":"product-type-simple"},"acf":[],"aioseo_notices":[],"uagb_featured_image_src":{"full":["https:\/\/www.nenuphar.com\/wp-content\/uploads\/2026\/01\/3221-scaled.jpg",2560,1707,false],"thumbnail":["https:\/\/www.nenuphar.com\/wp-content\/uploads\/2026\/01\/3221-150x150.jpg",150,150,true],"medium":["https:\/\/www.nenuphar.com\/wp-content\/uploads\/2026\/01\/3221-300x200.jpg",300,200,true],"medium_large":["https:\/\/www.nenuphar.com\/wp-content\/uploads\/2026\/01\/3221-768x512.jpg",768,512,true],"large":["https:\/\/www.nenuphar.com\/wp-content\/uploads\/2026\/01\/3221-1024x683.jpg",1024,683,true],"1536x1536":["https:\/\/www.nenuphar.com\/wp-content\/uploads\/2026\/01\/3221-1536x1024.jpg",1536,1024,true],"2048x2048":["https:\/\/www.nenuphar.com\/wp-content\/uploads\/2026\/01\/3221-2048x1365.jpg",2048,1365,true],"trp-custom-language-flag":["https:\/\/www.nenuphar.com\/wp-content\/uploads\/2026\/01\/3221-scaled.jpg",18,12,false],"woocommerce_thumbnail":["https:\/\/www.nenuphar.com\/wp-content\/uploads\/2026\/01\/3221-300x300.jpg",300,300,true],"woocommerce_single":["https:\/\/www.nenuphar.com\/wp-content\/uploads\/2026\/01\/3221-600x400.jpg",600,400,true],"woocommerce_gallery_thumbnail":["https:\/\/www.nenuphar.com\/wp-content\/uploads\/2026\/01\/3221-100x100.jpg",100,100,true]},"uagb_author_info":{"display_name":"Karine","author_link":"https:\/\/www.nenuphar.com\/en\/author\/"},"uagb_comment_info":0,"uagb_excerpt":"Poulie triple \u00e0 billes, R\u00e9a central winch, Taquet coinceur alu R\u00e9as diam\u00e8tre 57 mm Cordage maxi: d 12 mm Charge de travail maxi : 240 kg Charge de rupture: 500 kg Poids poulie: 436 g Id\u00e9ale pour palan de GV catamaran en association avec la r\u00e9f 7736","_links":{"self":[{"href":"https:\/\/www.nenuphar.com\/en\/wp-json\/wp\/v2\/product\/4373","targetHints":{"allow":["GET"]}}],"collection":[{"href":"https:\/\/www.nenuphar.com\/en\/wp-json\/wp\/v2\/product"}],"about":[{"href":"https:\/\/www.nenuphar.com\/en\/wp-json\/wp\/v2\/types\/product"}],"wp:featuredmedia":[{"embeddable":true,"href":"https:\/\/www.nenuphar.com\/en\/wp-json\/wp\/v2\/media\/4424"}],"wp:attachment":[{"href":"https:\/\/www.nenuphar.com\/en\/wp-json\/wp\/v2\/media?parent=4373"}],"wp:term":[{"taxonomy":"product_brand","embeddable":true,"href":"https:\/\/www.nenuphar.com\/en\/wp-json\/wp\/v2\/product_brand?post=4373"},{"taxonomy":"product_cat","embeddable":true,"href":"https:\/\/www.nenuphar.com\/en\/wp-json\/wp\/v2\/product_cat?post=4373"},{"taxonomy":"product_tag","embeddable":true,"href":"https:\/\/www.nenuphar.com\/en\/wp-json\/wp\/v2\/product_tag?post=4373"}],"curies":[{"name":"wp","href":"https:\/\/api.w.org\/{rel}","templated":true}]}}