{"id":4383,"date":"2026-01-06T13:27:10","date_gmt":"2026-01-06T13:27:10","guid":{"rendered":"https:\/\/nen.kmkoncept.fr\/?post_type=product&#038;p=4383"},"modified":"2026-04-28T07:29:53","modified_gmt":"2026-04-28T07:29:53","slug":"poulie-winch-automatique-ecoute-spi-gennaker","status":"publish","type":"product","link":"https:\/\/www.nenuphar.com\/en\/shop\/accastillage\/poulies-et-anneaux-a-friction\/anneaux-a-friction\/poulie-winch-automatique-ecoute-spi-gennaker\/","title":{"rendered":"Automatic winch pulley \u2013 Bug-type sheet."},"content":{"rendered":"<p>R\u00e9a \u00e0 billes diam\u00e8tre 45 mm<\/p>\n<p>Cordage max. : 8 mm<\/p>\n<p>Rupture : 280 kg<\/p>\n<p>Automatic winch pulley: under no load, the sheave rotates freely, and as soon as the tension rises slightly (around 10 kg), the winch engages. Ideal for small dinghies and all spinnaker or gennaker sheets.<\/p>","protected":false},"excerpt":{"rendered":"<p>Ball bearing sheave diam. 40 mm Max rope diam. : 8 mm Breaking load : 400 kg Automatic ratchet activation with maximum power.<\/p>","protected":false},"featured_media":4429,"template":"","meta":{"_acf_changed":false,"_uag_custom_page_level_css":""},"product_brand":[443],"product_cat":[117],"product_tag":[],"class_list":{"0":"post-4383","1":"product","2":"type-product","3":"status-publish","4":"has-post-thumbnail","6":"product_brand-allen","7":"product_cat-anneaux-a-friction","9":"first","10":"instock","11":"taxable","12":"shipping-taxable","13":"purchasable","14":"product-type-simple"},"acf":[],"aioseo_notices":[],"uagb_featured_image_src":{"full":["https:\/\/www.nenuphar.com\/wp-content\/uploads\/2026\/01\/5596.jpg",1017,749,false],"thumbnail":["https:\/\/www.nenuphar.com\/wp-content\/uploads\/2026\/01\/5596-150x150.jpg",150,150,true],"medium":["https:\/\/www.nenuphar.com\/wp-content\/uploads\/2026\/01\/5596-300x221.jpg",300,221,true],"medium_large":["https:\/\/www.nenuphar.com\/wp-content\/uploads\/2026\/01\/5596-768x566.jpg",768,566,true],"large":["https:\/\/www.nenuphar.com\/wp-content\/uploads\/2026\/01\/5596.jpg",1017,749,false],"1536x1536":["https:\/\/www.nenuphar.com\/wp-content\/uploads\/2026\/01\/5596.jpg",1017,749,false],"2048x2048":["https:\/\/www.nenuphar.com\/wp-content\/uploads\/2026\/01\/5596.jpg",1017,749,false],"trp-custom-language-flag":["https:\/\/www.nenuphar.com\/wp-content\/uploads\/2026\/01\/5596.jpg",16,12,false],"woocommerce_thumbnail":["https:\/\/www.nenuphar.com\/wp-content\/uploads\/2026\/01\/5596-300x300.jpg",300,300,true],"woocommerce_single":["https:\/\/www.nenuphar.com\/wp-content\/uploads\/2026\/01\/5596-600x442.jpg",600,442,true],"woocommerce_gallery_thumbnail":["https:\/\/www.nenuphar.com\/wp-content\/uploads\/2026\/01\/5596-100x100.jpg",100,100,true]},"uagb_author_info":{"display_name":"Karine","author_link":"https:\/\/www.nenuphar.com\/en\/author\/"},"uagb_comment_info":0,"uagb_excerpt":"R\u00e9a \u00e0 billes diam\u00e8tre 45 mm Cordage max. : 8 mm Rupture : 280 kg Poulie winch automatique: sans tension, le r\u00e9a est libre, et d\u00e8s que la tension devient un peu forte (environ 10 kg), le winch s&rsquo;enclenche. Id\u00e9al pour petits d\u00e9riveurs et toutes \u00e9coutes de spi, de gennaker.","_links":{"self":[{"href":"https:\/\/www.nenuphar.com\/en\/wp-json\/wp\/v2\/product\/4383","targetHints":{"allow":["GET"]}}],"collection":[{"href":"https:\/\/www.nenuphar.com\/en\/wp-json\/wp\/v2\/product"}],"about":[{"href":"https:\/\/www.nenuphar.com\/en\/wp-json\/wp\/v2\/types\/product"}],"wp:featuredmedia":[{"embeddable":true,"href":"https:\/\/www.nenuphar.com\/en\/wp-json\/wp\/v2\/media\/4429"}],"wp:attachment":[{"href":"https:\/\/www.nenuphar.com\/en\/wp-json\/wp\/v2\/media?parent=4383"}],"wp:term":[{"taxonomy":"product_brand","embeddable":true,"href":"https:\/\/www.nenuphar.com\/en\/wp-json\/wp\/v2\/product_brand?post=4383"},{"taxonomy":"product_cat","embeddable":true,"href":"https:\/\/www.nenuphar.com\/en\/wp-json\/wp\/v2\/product_cat?post=4383"},{"taxonomy":"product_tag","embeddable":true,"href":"https:\/\/www.nenuphar.com\/en\/wp-json\/wp\/v2\/product_tag?post=4383"}],"curies":[{"name":"wp","href":"https:\/\/api.w.org\/{rel}","templated":true}]}}