{"id":440,"date":"2026-01-04T13:52:37","date_gmt":"2026-01-04T13:52:37","guid":{"rendered":"https:\/\/nen.kmkoncept.fr\/?post_type=product&#038;p=440"},"modified":"2026-04-28T07:27:17","modified_gmt":"2026-04-28T07:27:17","slug":"voile-laser-chute-nega-compatible","status":"publish","type":"product","link":"https:\/\/www.nenuphar.com\/en\/shop\/navigation\/voiles\/catamarans\/voile-laser-chute-nega-compatible\/","title":{"rendered":"LASER SCHOOL SAIL NEGATIVE LEECH"},"content":{"rendered":"<p>School sail for Laser, negative leech without batten. Sail delivered without bag.<\/p>","protected":false},"excerpt":{"rendered":"<p>School sail for Laser, negative leech without batten. Sail delivered without bag.<\/p>","protected":false},"featured_media":7210,"template":"","meta":{"_acf_changed":false,"_uag_custom_page_level_css":""},"product_brand":[430],"product_cat":[63],"product_tag":[],"class_list":{"0":"post-440","1":"product","2":"type-product","3":"status-publish","4":"has-post-thumbnail","6":"product_brand-nenuphar","7":"product_cat-catamarans","9":"first","10":"onbackorder","11":"taxable","12":"shipping-taxable","13":"purchasable","14":"product-type-simple"},"acf":[],"aioseo_notices":[],"uagb_featured_image_src":{"full":["https:\/\/www.nenuphar.com\/wp-content\/uploads\/2026\/02\/1120.jpg",400,300,false],"thumbnail":["https:\/\/www.nenuphar.com\/wp-content\/uploads\/2026\/02\/1120-150x150.jpg",150,150,true],"medium":["https:\/\/www.nenuphar.com\/wp-content\/uploads\/2026\/02\/1120-300x225.jpg",300,225,true],"medium_large":["https:\/\/www.nenuphar.com\/wp-content\/uploads\/2026\/02\/1120.jpg",400,300,false],"large":["https:\/\/www.nenuphar.com\/wp-content\/uploads\/2026\/02\/1120.jpg",400,300,false],"1536x1536":["https:\/\/www.nenuphar.com\/wp-content\/uploads\/2026\/02\/1120.jpg",400,300,false],"2048x2048":["https:\/\/www.nenuphar.com\/wp-content\/uploads\/2026\/02\/1120.jpg",400,300,false],"trp-custom-language-flag":["https:\/\/www.nenuphar.com\/wp-content\/uploads\/2026\/02\/1120-16x12.jpg",16,12,true],"woocommerce_thumbnail":["https:\/\/www.nenuphar.com\/wp-content\/uploads\/2026\/02\/1120-300x300.jpg",300,300,true],"woocommerce_single":["https:\/\/www.nenuphar.com\/wp-content\/uploads\/2026\/02\/1120.jpg",400,300,false],"woocommerce_gallery_thumbnail":["https:\/\/www.nenuphar.com\/wp-content\/uploads\/2026\/02\/1120-100x100.jpg",100,100,true]},"uagb_author_info":{"display_name":"Karine","author_link":"https:\/\/www.nenuphar.com\/en\/author\/"},"uagb_comment_info":0,"uagb_excerpt":"Voile livr\u00e9e sans sac, ni latte. Cette voile est adaptable sur la s\u00e9rie d\u00e9sign\u00e9e. Elle est con\u00e7ue et r\u00e9alis\u00e9e dans nos ateliers suite aux conseils prodigu\u00e9s par des utilisateurs intensifs. Possibilit\u00e9 d&rsquo;une ou plusieurs laizes couleur sur demande, pour un rep\u00e9rage facilit\u00e9 sur l&rsquo;eau Fabriqu\u00e9 en France","_links":{"self":[{"href":"https:\/\/www.nenuphar.com\/en\/wp-json\/wp\/v2\/product\/440","targetHints":{"allow":["GET"]}}],"collection":[{"href":"https:\/\/www.nenuphar.com\/en\/wp-json\/wp\/v2\/product"}],"about":[{"href":"https:\/\/www.nenuphar.com\/en\/wp-json\/wp\/v2\/types\/product"}],"wp:featuredmedia":[{"embeddable":true,"href":"https:\/\/www.nenuphar.com\/en\/wp-json\/wp\/v2\/media\/7210"}],"wp:attachment":[{"href":"https:\/\/www.nenuphar.com\/en\/wp-json\/wp\/v2\/media?parent=440"}],"wp:term":[{"taxonomy":"product_brand","embeddable":true,"href":"https:\/\/www.nenuphar.com\/en\/wp-json\/wp\/v2\/product_brand?post=440"},{"taxonomy":"product_cat","embeddable":true,"href":"https:\/\/www.nenuphar.com\/en\/wp-json\/wp\/v2\/product_cat?post=440"},{"taxonomy":"product_tag","embeddable":true,"href":"https:\/\/www.nenuphar.com\/en\/wp-json\/wp\/v2\/product_tag?post=440"}],"curies":[{"name":"wp","href":"https:\/\/api.w.org\/{rel}","templated":true}]}}