{"id":4404,"date":"2026-01-06T13:27:44","date_gmt":"2026-01-06T13:27:44","guid":{"rendered":"https:\/\/nen.kmkoncept.fr\/?post_type=product&#038;p=4404"},"modified":"2026-04-28T07:29:54","modified_gmt":"2026-04-28T07:29:54","slug":"poulie-harken-466-pour-hale-bas-laser","status":"publish","type":"product","link":"https:\/\/www.nenuphar.com\/en\/shop\/accastillage\/poulies-et-anneaux-a-friction\/anneaux-a-friction\/poulie-harken-466-pour-hale-bas-laser\/","title":{"rendered":"Harken halyard pulley for Laser \u2013 ref. 466."},"content":{"rendered":"<p>Poulie Harken ref 466<\/p>\n<p>Cordage max. 4 mm<\/p>\n<div id=\"Specifications\" class=\"ui-tabs-panel ui-widget-content ui-corner-bottom\">\n<div class=\"row_specs\">\n<div class=\"row_specs_l\">\n<div class=\"spec\"><span class=\"label\">\u00d8 du r\u00e9a <\/span>25\u00a0mm<\/div>\n<div class=\"spec\"><span class=\"label\">Poids <\/span>29\u00a0g<\/div>\n<div class=\"spec\"><span class=\"label\">\u00d8 du manillon <\/span>5\u00a0mm<\/div>\n<\/div>\n<div class=\"row_specs_r\">\n<div class=\"spec\"><span class=\"label\">Charge de travail maximale <\/span>454\u00a0kg<\/div>\n<div class=\"spec\"><span class=\"label\">Charge de rupture <\/span>907\u00a0kg<\/div>\n<\/div>\n<\/div>\n<\/div>","protected":false},"excerpt":{"rendered":"<p>Light, low-friction pulleys for cable allow passage of metal halyards and high-strength control lines on boats of all sizes. The 466 pulley comes with a clevis and a becket, making it suitable for purchase tackles, halyards, and control lines.<\/p>","protected":false},"featured_media":4435,"template":"","meta":{"_acf_changed":false,"_uag_custom_page_level_css":""},"product_brand":[450],"product_cat":[117],"product_tag":[],"class_list":{"0":"post-4404","1":"product","2":"type-product","3":"status-publish","4":"has-post-thumbnail","6":"product_brand-harken","7":"product_cat-anneaux-a-friction","9":"first","10":"instock","11":"taxable","12":"shipping-taxable","13":"purchasable","14":"product-type-simple"},"acf":[],"aioseo_notices":[],"uagb_featured_image_src":{"full":["https:\/\/www.nenuphar.com\/wp-content\/uploads\/2026\/01\/981.jpg",197,400,false],"thumbnail":["https:\/\/www.nenuphar.com\/wp-content\/uploads\/2026\/01\/981-150x150.jpg",150,150,true],"medium":["https:\/\/www.nenuphar.com\/wp-content\/uploads\/2026\/01\/981-148x300.jpg",148,300,true],"medium_large":["https:\/\/www.nenuphar.com\/wp-content\/uploads\/2026\/01\/981.jpg",197,400,false],"large":["https:\/\/www.nenuphar.com\/wp-content\/uploads\/2026\/01\/981.jpg",197,400,false],"1536x1536":["https:\/\/www.nenuphar.com\/wp-content\/uploads\/2026\/01\/981.jpg",197,400,false],"2048x2048":["https:\/\/www.nenuphar.com\/wp-content\/uploads\/2026\/01\/981.jpg",197,400,false],"trp-custom-language-flag":["https:\/\/www.nenuphar.com\/wp-content\/uploads\/2026\/01\/981.jpg",6,12,false],"woocommerce_thumbnail":["https:\/\/www.nenuphar.com\/wp-content\/uploads\/2026\/01\/981-197x300.jpg",197,300,true],"woocommerce_single":["https:\/\/www.nenuphar.com\/wp-content\/uploads\/2026\/01\/981.jpg",197,400,false],"woocommerce_gallery_thumbnail":["https:\/\/www.nenuphar.com\/wp-content\/uploads\/2026\/01\/981-100x100.jpg",100,100,true]},"uagb_author_info":{"display_name":"Karine","author_link":"https:\/\/www.nenuphar.com\/en\/author\/"},"uagb_comment_info":0,"uagb_excerpt":"Les poulies l\u00e9g\u00e8res \u00e0 faible friction pour c\u00e2ble permettent le passage des drisses m\u00e9talliques et des bosses de r\u00e9glage haute r\u00e9sistance sur les bateaux de toutes tailles. La poulie 466 est \u00e9quip\u00e9e d\u2019une chape et d\u2019un ringot qui permettent la r\u00e9alisation de palans de garde, de drisses et de bosses de r\u00e9glage.","_links":{"self":[{"href":"https:\/\/www.nenuphar.com\/en\/wp-json\/wp\/v2\/product\/4404","targetHints":{"allow":["GET"]}}],"collection":[{"href":"https:\/\/www.nenuphar.com\/en\/wp-json\/wp\/v2\/product"}],"about":[{"href":"https:\/\/www.nenuphar.com\/en\/wp-json\/wp\/v2\/types\/product"}],"wp:featuredmedia":[{"embeddable":true,"href":"https:\/\/www.nenuphar.com\/en\/wp-json\/wp\/v2\/media\/4435"}],"wp:attachment":[{"href":"https:\/\/www.nenuphar.com\/en\/wp-json\/wp\/v2\/media?parent=4404"}],"wp:term":[{"taxonomy":"product_brand","embeddable":true,"href":"https:\/\/www.nenuphar.com\/en\/wp-json\/wp\/v2\/product_brand?post=4404"},{"taxonomy":"product_cat","embeddable":true,"href":"https:\/\/www.nenuphar.com\/en\/wp-json\/wp\/v2\/product_cat?post=4404"},{"taxonomy":"product_tag","embeddable":true,"href":"https:\/\/www.nenuphar.com\/en\/wp-json\/wp\/v2\/product_tag?post=4404"}],"curies":[{"name":"wp","href":"https:\/\/api.w.org\/{rel}","templated":true}]}}