{"id":4408,"date":"2026-01-06T13:27:44","date_gmt":"2026-01-06T13:27:44","guid":{"rendered":"https:\/\/nen.kmkoncept.fr\/?post_type=product&#038;p=4408"},"modified":"2026-04-28T07:29:55","modified_gmt":"2026-04-28T07:29:55","slug":"poulie-winch-debrayable-nautos-organic-57","status":"publish","type":"product","link":"https:\/\/www.nenuphar.com\/en\/shop\/accastillage\/poulies-et-anneaux-a-friction\/anneaux-a-friction\/poulie-winch-debrayable-nautos-organic-57\/","title":{"rendered":"Self-tailing winch pulley \u2013 Nautos Organic 57."},"content":{"rendered":"<p>Poulie winch r\u00e9a diam\u00e8tre 57 mm<\/p>\n<p>Pour cordage maxi 12 mm<\/p>\n<p>Winch d\u00e9brayable manuellement.<\/p>\n<p>Charge de travail maxi : 240 Kg<\/p>\n<p>Charge de rupture: 500 Kg<\/p>\n<p>Poids poulie: 107 g<\/p><\/p>","protected":false},"excerpt":{"rendered":"<p>Sheave diameter 57 mm For 12 mm rope max.<\/p>","protected":false},"featured_media":4440,"template":"","meta":{"_acf_changed":false,"_uag_custom_page_level_css":""},"product_brand":[],"product_cat":[117],"product_tag":[],"class_list":{"0":"post-4408","1":"product","2":"type-product","3":"status-publish","4":"has-post-thumbnail","6":"product_cat-anneaux-a-friction","8":"first","9":"instock","10":"taxable","11":"shipping-taxable","12":"purchasable","13":"product-type-simple"},"acf":[],"aioseo_notices":[],"uagb_featured_image_src":{"full":["https:\/\/www.nenuphar.com\/wp-content\/uploads\/2026\/01\/2778-scaled.jpg",1707,2560,false],"thumbnail":["https:\/\/www.nenuphar.com\/wp-content\/uploads\/2026\/01\/2778-150x150.jpg",150,150,true],"medium":["https:\/\/www.nenuphar.com\/wp-content\/uploads\/2026\/01\/2778-200x300.jpg",200,300,true],"medium_large":["https:\/\/www.nenuphar.com\/wp-content\/uploads\/2026\/01\/2778-768x1152.jpg",768,1152,true],"large":["https:\/\/www.nenuphar.com\/wp-content\/uploads\/2026\/01\/2778-683x1024.jpg",683,1024,true],"1536x1536":["https:\/\/www.nenuphar.com\/wp-content\/uploads\/2026\/01\/2778-1024x1536.jpg",1024,1536,true],"2048x2048":["https:\/\/www.nenuphar.com\/wp-content\/uploads\/2026\/01\/2778-1365x2048.jpg",1365,2048,true],"trp-custom-language-flag":["https:\/\/www.nenuphar.com\/wp-content\/uploads\/2026\/01\/2778-scaled.jpg",8,12,false],"woocommerce_thumbnail":["https:\/\/www.nenuphar.com\/wp-content\/uploads\/2026\/01\/2778-300x300.jpg",300,300,true],"woocommerce_single":["https:\/\/www.nenuphar.com\/wp-content\/uploads\/2026\/01\/2778-600x900.jpg",600,900,true],"woocommerce_gallery_thumbnail":["https:\/\/www.nenuphar.com\/wp-content\/uploads\/2026\/01\/2778-100x100.jpg",100,100,true]},"uagb_author_info":{"display_name":"Karine","author_link":"https:\/\/www.nenuphar.com\/en\/author\/"},"uagb_comment_info":0,"uagb_excerpt":"Poulie winch r\u00e9a diam\u00e8tre 57 mm Pour cordage maxi 12 mm Winch d\u00e9brayable manuellement. Charge de travail maxi : 240 Kg Charge de rupture: 500 Kg Poids poulie: 107 g","_links":{"self":[{"href":"https:\/\/www.nenuphar.com\/en\/wp-json\/wp\/v2\/product\/4408","targetHints":{"allow":["GET"]}}],"collection":[{"href":"https:\/\/www.nenuphar.com\/en\/wp-json\/wp\/v2\/product"}],"about":[{"href":"https:\/\/www.nenuphar.com\/en\/wp-json\/wp\/v2\/types\/product"}],"wp:featuredmedia":[{"embeddable":true,"href":"https:\/\/www.nenuphar.com\/en\/wp-json\/wp\/v2\/media\/4440"}],"wp:attachment":[{"href":"https:\/\/www.nenuphar.com\/en\/wp-json\/wp\/v2\/media?parent=4408"}],"wp:term":[{"taxonomy":"product_brand","embeddable":true,"href":"https:\/\/www.nenuphar.com\/en\/wp-json\/wp\/v2\/product_brand?post=4408"},{"taxonomy":"product_cat","embeddable":true,"href":"https:\/\/www.nenuphar.com\/en\/wp-json\/wp\/v2\/product_cat?post=4408"},{"taxonomy":"product_tag","embeddable":true,"href":"https:\/\/www.nenuphar.com\/en\/wp-json\/wp\/v2\/product_tag?post=4408"}],"curies":[{"name":"wp","href":"https:\/\/api.w.org\/{rel}","templated":true}]}}