{"id":4409,"date":"2026-01-06T13:27:44","date_gmt":"2026-01-06T13:27:44","guid":{"rendered":"https:\/\/nen.kmkoncept.fr\/?post_type=product&#038;p=4409"},"modified":"2026-04-28T07:29:55","modified_gmt":"2026-04-28T07:29:55","slug":"poulie-auto-ratchet-40mm-nautos","status":"publish","type":"product","link":"https:\/\/www.nenuphar.com\/en\/shop\/accastillage\/poulies-et-anneaux-a-friction\/anneaux-a-friction\/poulie-auto-ratchet-40mm-nautos\/","title":{"rendered":"Self-ratcheting pulley \u2013 40 mm, Nautos."},"content":{"rendered":"<p>Winch pulley with automatic load-release.<\/p>\n<p>R\u00e9a diam\u00e8tre 40 mm<\/p>\n<p>Ideal for spinnaker poles, or for Laser Bug and Pico pulleys.<\/p>\n<p>Diam\u00e8tre cordage mini-maxi : 4 &#8211; 7 mm<\/p>\n<p>Axe de manille d 4 mm<\/p>\n<p>Charge de travail maxi: 190 Kg<\/p>\n<p>Charge de rupture: 400 Kg<\/p>\n<p>Poids poulie: 62 g<\/p>","protected":false},"excerpt":{"rendered":"<p>Poulie winch \u00e0 d\u00e9brayage automatique sous charge. R\u00e9a diam\u00e8tre 40 mm Id\u00e9al pour les bras de spi, ou poulie de Laser Bug ou Pico Diam\u00e8tre cordage mini-maxi : 4 &#8211; 7 mm Axe de manille d 4 mm Charge de travail maxi: 190 Kg Charge de rupture: 400 Kg Poids poulie: 62 g<\/p>","protected":false},"featured_media":4441,"template":"","meta":{"_acf_changed":false,"_uag_custom_page_level_css":""},"product_brand":[],"product_cat":[117],"product_tag":[],"class_list":{"0":"post-4409","1":"product","2":"type-product","3":"status-publish","4":"has-post-thumbnail","6":"product_cat-anneaux-a-friction","8":"first","9":"instock","10":"taxable","11":"shipping-taxable","12":"purchasable","13":"product-type-simple"},"acf":[],"aioseo_notices":[],"uagb_featured_image_src":{"full":["https:\/\/www.nenuphar.com\/wp-content\/uploads\/2026\/01\/2779-scaled.jpg",1707,2560,false],"thumbnail":["https:\/\/www.nenuphar.com\/wp-content\/uploads\/2026\/01\/2779-150x150.jpg",150,150,true],"medium":["https:\/\/www.nenuphar.com\/wp-content\/uploads\/2026\/01\/2779-200x300.jpg",200,300,true],"medium_large":["https:\/\/www.nenuphar.com\/wp-content\/uploads\/2026\/01\/2779-768x1152.jpg",768,1152,true],"large":["https:\/\/www.nenuphar.com\/wp-content\/uploads\/2026\/01\/2779-683x1024.jpg",683,1024,true],"1536x1536":["https:\/\/www.nenuphar.com\/wp-content\/uploads\/2026\/01\/2779-1024x1536.jpg",1024,1536,true],"2048x2048":["https:\/\/www.nenuphar.com\/wp-content\/uploads\/2026\/01\/2779-1365x2048.jpg",1365,2048,true],"trp-custom-language-flag":["https:\/\/www.nenuphar.com\/wp-content\/uploads\/2026\/01\/2779-scaled.jpg",8,12,false],"woocommerce_thumbnail":["https:\/\/www.nenuphar.com\/wp-content\/uploads\/2026\/01\/2779-300x300.jpg",300,300,true],"woocommerce_single":["https:\/\/www.nenuphar.com\/wp-content\/uploads\/2026\/01\/2779-600x900.jpg",600,900,true],"woocommerce_gallery_thumbnail":["https:\/\/www.nenuphar.com\/wp-content\/uploads\/2026\/01\/2779-100x100.jpg",100,100,true]},"uagb_author_info":{"display_name":"Karine","author_link":"https:\/\/www.nenuphar.com\/en\/author\/"},"uagb_comment_info":0,"uagb_excerpt":"Poulie winch \u00e0 d\u00e9brayage automatique sous charge. R\u00e9a diam\u00e8tre 40 mm Id\u00e9al pour les bras de spi, ou poulie de Laser Bug ou Pico Diam\u00e8tre cordage mini-maxi : 4 &#8211; 7 mm Axe de manille d 4 mm Charge de travail maxi: 190 Kg Charge de rupture: 400 Kg Poids poulie: 62 g","_links":{"self":[{"href":"https:\/\/www.nenuphar.com\/en\/wp-json\/wp\/v2\/product\/4409","targetHints":{"allow":["GET"]}}],"collection":[{"href":"https:\/\/www.nenuphar.com\/en\/wp-json\/wp\/v2\/product"}],"about":[{"href":"https:\/\/www.nenuphar.com\/en\/wp-json\/wp\/v2\/types\/product"}],"wp:featuredmedia":[{"embeddable":true,"href":"https:\/\/www.nenuphar.com\/en\/wp-json\/wp\/v2\/media\/4441"}],"wp:attachment":[{"href":"https:\/\/www.nenuphar.com\/en\/wp-json\/wp\/v2\/media?parent=4409"}],"wp:term":[{"taxonomy":"product_brand","embeddable":true,"href":"https:\/\/www.nenuphar.com\/en\/wp-json\/wp\/v2\/product_brand?post=4409"},{"taxonomy":"product_cat","embeddable":true,"href":"https:\/\/www.nenuphar.com\/en\/wp-json\/wp\/v2\/product_cat?post=4409"},{"taxonomy":"product_tag","embeddable":true,"href":"https:\/\/www.nenuphar.com\/en\/wp-json\/wp\/v2\/product_tag?post=4409"}],"curies":[{"name":"wp","href":"https:\/\/api.w.org\/{rel}","templated":true}]}}