{"id":4410,"date":"2026-01-06T13:27:44","date_gmt":"2026-01-06T13:27:44","guid":{"rendered":"https:\/\/nen.kmkoncept.fr\/?post_type=product&#038;p=4410"},"modified":"2026-04-28T07:29:56","modified_gmt":"2026-04-28T07:29:56","slug":"poulie-plat-pont-line-28-nautos","status":"publish","type":"product","link":"https:\/\/www.nenuphar.com\/en\/shop\/accastillage\/poulies-et-anneaux-a-friction\/anneaux-a-friction\/poulie-plat-pont-line-28-nautos\/","title":{"rendered":"Flat deck pulley Line 28 \u2013 Nautos."},"content":{"rendered":"<p>Poulie Line 28 mm Nautos r\u00e9a \u00e0 billes.<\/p>\n<p>Diam\u00e8tre r\u00e9a : 28 mm<\/p>\n<p>Cordage maxi: 10 mm<\/p>\n<p>Charge de travail: 120 Kg<\/p>\n<p>Charge de rupture: 600 Kg<\/p>\n<p>Poids poulie: 28 g<\/p>\n<p>entraxe de fixation: 57 mm par 2 trous diam\u00e8tre 5 mm<\/p><\/p>","protected":false},"excerpt":{"rendered":"<p>Poulie Line 28 mm Nautos r\u00e9a \u00e0 billes. Diam\u00e8tre r\u00e9a : 28 mm Cordage maxi: 10 mm Charge de travail: 120 Kg Charge de rupture: 600 Kg Poids poulie: 28 g entraxe de fixation: 57 mm par 2 trous diam\u00e8tre 5 mm<\/p>","protected":false},"featured_media":4442,"template":"","meta":{"_acf_changed":false,"_uag_custom_page_level_css":""},"product_brand":[],"product_cat":[117],"product_tag":[],"class_list":{"0":"post-4410","1":"product","2":"type-product","3":"status-publish","4":"has-post-thumbnail","6":"product_cat-anneaux-a-friction","8":"first","9":"instock","10":"taxable","11":"shipping-taxable","12":"purchasable","13":"product-type-simple"},"acf":[],"aioseo_notices":[],"uagb_featured_image_src":{"full":["https:\/\/www.nenuphar.com\/wp-content\/uploads\/2026\/01\/2870-scaled.jpg",2560,1707,false],"thumbnail":["https:\/\/www.nenuphar.com\/wp-content\/uploads\/2026\/01\/2870-150x150.jpg",150,150,true],"medium":["https:\/\/www.nenuphar.com\/wp-content\/uploads\/2026\/01\/2870-300x200.jpg",300,200,true],"medium_large":["https:\/\/www.nenuphar.com\/wp-content\/uploads\/2026\/01\/2870-768x512.jpg",768,512,true],"large":["https:\/\/www.nenuphar.com\/wp-content\/uploads\/2026\/01\/2870-1024x683.jpg",1024,683,true],"1536x1536":["https:\/\/www.nenuphar.com\/wp-content\/uploads\/2026\/01\/2870-1536x1024.jpg",1536,1024,true],"2048x2048":["https:\/\/www.nenuphar.com\/wp-content\/uploads\/2026\/01\/2870-2048x1365.jpg",2048,1365,true],"trp-custom-language-flag":["https:\/\/www.nenuphar.com\/wp-content\/uploads\/2026\/01\/2870-scaled.jpg",18,12,false],"woocommerce_thumbnail":["https:\/\/www.nenuphar.com\/wp-content\/uploads\/2026\/01\/2870-300x300.jpg",300,300,true],"woocommerce_single":["https:\/\/www.nenuphar.com\/wp-content\/uploads\/2026\/01\/2870-600x400.jpg",600,400,true],"woocommerce_gallery_thumbnail":["https:\/\/www.nenuphar.com\/wp-content\/uploads\/2026\/01\/2870-100x100.jpg",100,100,true]},"uagb_author_info":{"display_name":"Karine","author_link":"https:\/\/www.nenuphar.com\/en\/author\/"},"uagb_comment_info":0,"uagb_excerpt":"Poulie Line 28 mm Nautos r\u00e9a \u00e0 billes. Diam\u00e8tre r\u00e9a : 28 mm Cordage maxi: 10 mm Charge de travail: 120 Kg Charge de rupture: 600 Kg Poids poulie: 28 g entraxe de fixation: 57 mm par 2 trous diam\u00e8tre 5 mm","_links":{"self":[{"href":"https:\/\/www.nenuphar.com\/en\/wp-json\/wp\/v2\/product\/4410","targetHints":{"allow":["GET"]}}],"collection":[{"href":"https:\/\/www.nenuphar.com\/en\/wp-json\/wp\/v2\/product"}],"about":[{"href":"https:\/\/www.nenuphar.com\/en\/wp-json\/wp\/v2\/types\/product"}],"wp:featuredmedia":[{"embeddable":true,"href":"https:\/\/www.nenuphar.com\/en\/wp-json\/wp\/v2\/media\/4442"}],"wp:attachment":[{"href":"https:\/\/www.nenuphar.com\/en\/wp-json\/wp\/v2\/media?parent=4410"}],"wp:term":[{"taxonomy":"product_brand","embeddable":true,"href":"https:\/\/www.nenuphar.com\/en\/wp-json\/wp\/v2\/product_brand?post=4410"},{"taxonomy":"product_cat","embeddable":true,"href":"https:\/\/www.nenuphar.com\/en\/wp-json\/wp\/v2\/product_cat?post=4410"},{"taxonomy":"product_tag","embeddable":true,"href":"https:\/\/www.nenuphar.com\/en\/wp-json\/wp\/v2\/product_tag?post=4410"}],"curies":[{"name":"wp","href":"https:\/\/api.w.org\/{rel}","templated":true}]}}