{"id":443,"date":"2026-01-04T13:52:37","date_gmt":"2026-01-04T13:52:37","guid":{"rendered":"https:\/\/nen.kmkoncept.fr\/?post_type=product&#038;p=443"},"modified":"2026-04-28T07:27:21","modified_gmt":"2026-04-28T07:27:21","slug":"voile-opti-triangle-a-fourreau","status":"publish","type":"product","link":"https:\/\/www.nenuphar.com\/en\/shop\/navigation\/voiles\/catamarans\/voile-opti-triangle-a-fourreau\/","title":{"rendered":"TRIANGULAR OPPIE SCHOOL SAIL"},"content":{"rendered":"<p>Voile optimist triangle \u00e0 fourreau<\/p>\n<p>NE CONVIENT PAS AUX MATS AVEC VIT-DE-MULET FIXE !<\/p>\n<p>Guindant rallong\u00e9. 1m93<\/p>\n<p>Fabriqu\u00e9 en France. Se gr\u00e9e sur un m\u00e2t standard.<\/p>\n<\/p>\n<p>Voilure tr\u00e8s r\u00e9duite, pour les conditions venteuses.<\/p>","protected":false},"excerpt":{"rendered":"<p>Voile optimist triangle \u00e0 fourreau NE CONVIENT PAS AUX MATS AVEC VIT-DE-MULET FIXE ! Guindant rallong\u00e9. 1m93 Fabriqu\u00e9 en France. Se gr\u00e9e sur un m\u00e2t standard. Voilure tr\u00e8s r\u00e9duite, pour les conditions venteuses.<\/p>","protected":false},"featured_media":7212,"template":"","meta":{"_acf_changed":false,"_uag_custom_page_level_css":""},"product_brand":[430],"product_cat":[63],"product_tag":[],"class_list":{"0":"post-443","1":"product","2":"type-product","3":"status-publish","4":"has-post-thumbnail","6":"product_brand-nenuphar","7":"product_cat-catamarans","9":"first","10":"instock","11":"taxable","12":"shipping-taxable","13":"purchasable","14":"product-type-simple"},"acf":[],"aioseo_notices":[],"uagb_featured_image_src":{"full":["https:\/\/www.nenuphar.com\/wp-content\/uploads\/2026\/02\/1622.jpg",169,232,false],"thumbnail":["https:\/\/www.nenuphar.com\/wp-content\/uploads\/2026\/02\/1622-150x150.jpg",150,150,true],"medium":["https:\/\/www.nenuphar.com\/wp-content\/uploads\/2026\/02\/1622.jpg",169,232,false],"medium_large":["https:\/\/www.nenuphar.com\/wp-content\/uploads\/2026\/02\/1622.jpg",169,232,false],"large":["https:\/\/www.nenuphar.com\/wp-content\/uploads\/2026\/02\/1622.jpg",169,232,false],"1536x1536":["https:\/\/www.nenuphar.com\/wp-content\/uploads\/2026\/02\/1622.jpg",169,232,false],"2048x2048":["https:\/\/www.nenuphar.com\/wp-content\/uploads\/2026\/02\/1622.jpg",169,232,false],"trp-custom-language-flag":["https:\/\/www.nenuphar.com\/wp-content\/uploads\/2026\/02\/1622-9x12.jpg",9,12,true],"woocommerce_thumbnail":["https:\/\/www.nenuphar.com\/wp-content\/uploads\/2026\/02\/1622.jpg",169,232,false],"woocommerce_single":["https:\/\/www.nenuphar.com\/wp-content\/uploads\/2026\/02\/1622.jpg",169,232,false],"woocommerce_gallery_thumbnail":["https:\/\/www.nenuphar.com\/wp-content\/uploads\/2026\/02\/1622-100x100.jpg",100,100,true]},"uagb_author_info":{"display_name":"Karine","author_link":"https:\/\/www.nenuphar.com\/en\/author\/"},"uagb_comment_info":0,"uagb_excerpt":"Voile optimist triangle \u00e0 fourreau NE CONVIENT PAS AUX MATS AVEC VIT-DE-MULET FIXE ! Guindant rallong\u00e9. 1m93 Fabriqu\u00e9 en France. Se gr\u00e9e sur un m\u00e2t standard. Voilure tr\u00e8s r\u00e9duite, pour les conditions venteuses.","_links":{"self":[{"href":"https:\/\/www.nenuphar.com\/en\/wp-json\/wp\/v2\/product\/443","targetHints":{"allow":["GET"]}}],"collection":[{"href":"https:\/\/www.nenuphar.com\/en\/wp-json\/wp\/v2\/product"}],"about":[{"href":"https:\/\/www.nenuphar.com\/en\/wp-json\/wp\/v2\/types\/product"}],"wp:featuredmedia":[{"embeddable":true,"href":"https:\/\/www.nenuphar.com\/en\/wp-json\/wp\/v2\/media\/7212"}],"wp:attachment":[{"href":"https:\/\/www.nenuphar.com\/en\/wp-json\/wp\/v2\/media?parent=443"}],"wp:term":[{"taxonomy":"product_brand","embeddable":true,"href":"https:\/\/www.nenuphar.com\/en\/wp-json\/wp\/v2\/product_brand?post=443"},{"taxonomy":"product_cat","embeddable":true,"href":"https:\/\/www.nenuphar.com\/en\/wp-json\/wp\/v2\/product_cat?post=443"},{"taxonomy":"product_tag","embeddable":true,"href":"https:\/\/www.nenuphar.com\/en\/wp-json\/wp\/v2\/product_tag?post=443"}],"curies":[{"name":"wp","href":"https:\/\/api.w.org\/{rel}","templated":true}]}}