{"id":448,"date":"2026-01-04T13:52:37","date_gmt":"2026-01-04T13:52:37","guid":{"rendered":"https:\/\/nen.kmkoncept.fr\/?post_type=product&#038;p=448"},"modified":"2026-04-28T07:27:22","modified_gmt":"2026-04-28T07:27:22","slug":"gd-voile-vaurien","status":"publish","type":"product","link":"https:\/\/www.nenuphar.com\/en\/shop\/navigation\/voiles\/catamarans\/gd-voile-vaurien\/","title":{"rendered":"VAURIEN MAINSAIL"},"content":{"rendered":"<p>Made in France<\/p>\n<p>Voile livr\u00e9e sans sac, ni latte. Grand voile standard ou \u00e9cole de Vaurien ancienne jauge. Elle est con\u00e7ue et r\u00e9alis\u00e9e dans nos ateliers suite aux conseils prodigu\u00e9s par des utilisateurs intensifs. Possibilit\u00e9 d&rsquo;une ou plusieurs laizes couleur sur demande, pour un rep\u00e9rage facilit\u00e9 sur l&rsquo;eau<\/p>","protected":false},"excerpt":{"rendered":"<p><span>ATTENTION: si vous poss\u00e9dez un bateau avec m\u00e2t en bois, il vous faut choisir la voile sp\u00e9cifique pour m\u00e2t bois ref: 2007L<\/span><\/p>","protected":false},"featured_media":0,"template":"","meta":{"_acf_changed":false,"_uag_custom_page_level_css":""},"product_brand":[430],"product_cat":[63,218],"product_tag":[425],"class_list":{"0":"post-448","1":"product","2":"type-product","3":"status-publish","5":"product_brand-nenuphar","6":"product_cat-catamarans","7":"product_cat-vaurien","8":"product_tag-vaurien","10":"first","11":"instock","12":"taxable","13":"shipping-taxable","14":"purchasable","15":"product-type-simple"},"acf":[],"aioseo_notices":[],"uagb_featured_image_src":{"full":false,"thumbnail":false,"medium":false,"medium_large":false,"large":false,"1536x1536":false,"2048x2048":false,"trp-custom-language-flag":false,"woocommerce_thumbnail":false,"woocommerce_single":false,"woocommerce_gallery_thumbnail":false},"uagb_author_info":{"display_name":"Karine","author_link":"https:\/\/www.nenuphar.com\/en\/author\/"},"uagb_comment_info":0,"uagb_excerpt":"ATTENTION: si vous poss\u00e9dez un bateau avec m\u00e2t en bois, il vous faut choisir la voile sp\u00e9cifique pour m\u00e2t bois ref: 2007L","_links":{"self":[{"href":"https:\/\/www.nenuphar.com\/en\/wp-json\/wp\/v2\/product\/448","targetHints":{"allow":["GET"]}}],"collection":[{"href":"https:\/\/www.nenuphar.com\/en\/wp-json\/wp\/v2\/product"}],"about":[{"href":"https:\/\/www.nenuphar.com\/en\/wp-json\/wp\/v2\/types\/product"}],"wp:attachment":[{"href":"https:\/\/www.nenuphar.com\/en\/wp-json\/wp\/v2\/media?parent=448"}],"wp:term":[{"taxonomy":"product_brand","embeddable":true,"href":"https:\/\/www.nenuphar.com\/en\/wp-json\/wp\/v2\/product_brand?post=448"},{"taxonomy":"product_cat","embeddable":true,"href":"https:\/\/www.nenuphar.com\/en\/wp-json\/wp\/v2\/product_cat?post=448"},{"taxonomy":"product_tag","embeddable":true,"href":"https:\/\/www.nenuphar.com\/en\/wp-json\/wp\/v2\/product_tag?post=448"}],"curies":[{"name":"wp","href":"https:\/\/api.w.org\/{rel}","templated":true}]}}