{"id":449,"date":"2026-01-04T13:52:37","date_gmt":"2026-01-04T13:52:37","guid":{"rendered":"https:\/\/nen.kmkoncept.fr\/?post_type=product&#038;p=449"},"modified":"2026-04-28T07:27:22","modified_gmt":"2026-04-28T07:27:22","slug":"gd-voile-vaurien-regate-a-corne-180htp-square","status":"publish","type":"product","link":"https:\/\/www.nenuphar.com\/en\/shop\/navigation\/voiles\/catamarans\/gd-voile-vaurien-regate-a-corne-180htp-square\/","title":{"rendered":"GD VOILE VAURIEN REGATE A CORNE 180HTP+ SQUARE"},"content":{"rendered":"<p>Grand voile pour D\u00e9riveur Vaurien<\/p>\n<p>Version R\u00c9GATE : voile \u00e0 corne pour plus de surface, tissu dacron 180 grammes finition Square Polyant<\/p>\n<p>Logo Vaurien<\/p>\n<p>Voile vendue sans latte ni sac<\/p>\n<p>Ne pas plier<\/p>\n<p>Voile con\u00e7ue, coup\u00e9e et assembl\u00e9e dans notre atelier \u00e0 Nemours (77)<\/p>","protected":false},"excerpt":{"rendered":"<p>Grand voile pour D\u00e9riveur Vaurien Version R\u00c9GATE : voile \u00e0 corne pour plus de surface, tissu dacron 180 grammes finition Square Polyant Logo Vaurien Voile vendue sans latte ni sac Ne pas plier Voile con\u00e7ue, coup\u00e9e et assembl\u00e9e dans notre atelier \u00e0 Nemours (77)<\/p>","protected":false},"featured_media":7216,"template":"","meta":{"_acf_changed":false,"_uag_custom_page_level_css":""},"product_brand":[430],"product_cat":[63,218],"product_tag":[425],"class_list":{"0":"post-449","1":"product","2":"type-product","3":"status-publish","4":"has-post-thumbnail","6":"product_brand-nenuphar","7":"product_cat-catamarans","8":"product_cat-vaurien","9":"product_tag-vaurien","11":"first","12":"onbackorder","13":"taxable","14":"shipping-taxable","15":"purchasable","16":"product-type-simple"},"acf":[],"aioseo_notices":[],"uagb_featured_image_src":{"full":["https:\/\/www.nenuphar.com\/wp-content\/uploads\/2026\/02\/5338.jpg",2048,1536,false],"thumbnail":["https:\/\/www.nenuphar.com\/wp-content\/uploads\/2026\/02\/5338-150x150.jpg",150,150,true],"medium":["https:\/\/www.nenuphar.com\/wp-content\/uploads\/2026\/02\/5338-300x225.jpg",300,225,true],"medium_large":["https:\/\/www.nenuphar.com\/wp-content\/uploads\/2026\/02\/5338-768x576.jpg",768,576,true],"large":["https:\/\/www.nenuphar.com\/wp-content\/uploads\/2026\/02\/5338-1024x768.jpg",1024,768,true],"1536x1536":["https:\/\/www.nenuphar.com\/wp-content\/uploads\/2026\/02\/5338-1536x1152.jpg",1536,1152,true],"2048x2048":["https:\/\/www.nenuphar.com\/wp-content\/uploads\/2026\/02\/5338.jpg",2048,1536,false],"trp-custom-language-flag":["https:\/\/www.nenuphar.com\/wp-content\/uploads\/2026\/02\/5338-16x12.jpg",16,12,true],"woocommerce_thumbnail":["https:\/\/www.nenuphar.com\/wp-content\/uploads\/2026\/02\/5338-300x300.jpg",300,300,true],"woocommerce_single":["https:\/\/www.nenuphar.com\/wp-content\/uploads\/2026\/02\/5338-600x450.jpg",600,450,true],"woocommerce_gallery_thumbnail":["https:\/\/www.nenuphar.com\/wp-content\/uploads\/2026\/02\/5338-100x100.jpg",100,100,true]},"uagb_author_info":{"display_name":"Karine","author_link":"https:\/\/www.nenuphar.com\/en\/author\/"},"uagb_comment_info":0,"uagb_excerpt":"Grand voile pour D\u00e9riveur Vaurien Version R\u00c9GATE : voile \u00e0 corne pour plus de surface, tissu dacron 180 grammes finition Square Polyant Logo Vaurien Voile vendue sans latte ni sac Ne pas plier Voile con\u00e7ue, coup\u00e9e et assembl\u00e9e dans notre atelier \u00e0 Nemours (77)","_links":{"self":[{"href":"https:\/\/www.nenuphar.com\/en\/wp-json\/wp\/v2\/product\/449","targetHints":{"allow":["GET"]}}],"collection":[{"href":"https:\/\/www.nenuphar.com\/en\/wp-json\/wp\/v2\/product"}],"about":[{"href":"https:\/\/www.nenuphar.com\/en\/wp-json\/wp\/v2\/types\/product"}],"wp:featuredmedia":[{"embeddable":true,"href":"https:\/\/www.nenuphar.com\/en\/wp-json\/wp\/v2\/media\/7216"}],"wp:attachment":[{"href":"https:\/\/www.nenuphar.com\/en\/wp-json\/wp\/v2\/media?parent=449"}],"wp:term":[{"taxonomy":"product_brand","embeddable":true,"href":"https:\/\/www.nenuphar.com\/en\/wp-json\/wp\/v2\/product_brand?post=449"},{"taxonomy":"product_cat","embeddable":true,"href":"https:\/\/www.nenuphar.com\/en\/wp-json\/wp\/v2\/product_cat?post=449"},{"taxonomy":"product_tag","embeddable":true,"href":"https:\/\/www.nenuphar.com\/en\/wp-json\/wp\/v2\/product_tag?post=449"}],"curies":[{"name":"wp","href":"https:\/\/api.w.org\/{rel}","templated":true}]}}