{"id":4496,"date":"2026-01-06T14:39:00","date_gmt":"2026-01-06T14:39:00","guid":{"rendered":"https:\/\/nen.kmkoncept.fr\/?post_type=product&#038;p=4496"},"modified":"2026-04-28T07:27:16","modified_gmt":"2026-04-28T07:27:16","slug":"bouchon-conique-caoutchouc-rouge-d1813-h22mm","status":"publish","type":"product","link":"https:\/\/www.nenuphar.com\/en\/shop\/accastillage\/nables-et-trappes-de-visites\/bouchon-de-nable\/bouchon-conique-caoutchouc-rouge-d1813-h22mm\/","title":{"rendered":"Red rubber conical plug \u2013 D18 \u00d7 13 mm, H22 mm."},"content":{"rendered":"<p>Red rubber plugs.<\/p>\n<p>Conical plugs.<\/p>\n<p>Diam\u00e8tre A : 18 mm<\/p>\n<p>Diam\u00e8tre B : 13 mm<\/p>\n<p>Hauteur : 20 mm<\/p>\n<p>For all uses, including protecting threads, blind holes, and bores.<\/p>\n<p>870 pieces available.<\/p>","protected":false},"excerpt":{"rendered":"<p>Conic rubber cap Color: red Diam. A : 18 mm Diam. B : 13 mm Height : 20 mm Very economic . 870 pcs available<\/p>","protected":false},"featured_media":4507,"template":"","meta":{"_acf_changed":false,"_uag_custom_page_level_css":""},"product_brand":[946],"product_cat":[127],"product_tag":[],"class_list":{"0":"post-4496","1":"product","2":"type-product","3":"status-publish","4":"has-post-thumbnail","6":"product_brand-sans-marque","7":"product_cat-bouchon-de-nable","9":"first","10":"instock","11":"taxable","12":"shipping-taxable","13":"purchasable","14":"product-type-simple"},"acf":[],"aioseo_notices":[],"uagb_featured_image_src":{"full":["https:\/\/www.nenuphar.com\/wp-content\/uploads\/2026\/01\/3035-scaled.jpg",2560,1707,false],"thumbnail":["https:\/\/www.nenuphar.com\/wp-content\/uploads\/2026\/01\/3035-150x150.jpg",150,150,true],"medium":["https:\/\/www.nenuphar.com\/wp-content\/uploads\/2026\/01\/3035-300x200.jpg",300,200,true],"medium_large":["https:\/\/www.nenuphar.com\/wp-content\/uploads\/2026\/01\/3035-768x512.jpg",768,512,true],"large":["https:\/\/www.nenuphar.com\/wp-content\/uploads\/2026\/01\/3035-1024x683.jpg",1024,683,true],"1536x1536":["https:\/\/www.nenuphar.com\/wp-content\/uploads\/2026\/01\/3035-1536x1024.jpg",1536,1024,true],"2048x2048":["https:\/\/www.nenuphar.com\/wp-content\/uploads\/2026\/01\/3035-2048x1365.jpg",2048,1365,true],"trp-custom-language-flag":["https:\/\/www.nenuphar.com\/wp-content\/uploads\/2026\/01\/3035-scaled.jpg",18,12,false],"woocommerce_thumbnail":["https:\/\/www.nenuphar.com\/wp-content\/uploads\/2026\/01\/3035-300x300.jpg",300,300,true],"woocommerce_single":["https:\/\/www.nenuphar.com\/wp-content\/uploads\/2026\/01\/3035-600x400.jpg",600,400,true],"woocommerce_gallery_thumbnail":["https:\/\/www.nenuphar.com\/wp-content\/uploads\/2026\/01\/3035-100x100.jpg",100,100,true]},"uagb_author_info":{"display_name":"Karine","author_link":"https:\/\/www.nenuphar.com\/en\/author\/"},"uagb_comment_info":0,"uagb_excerpt":"Bouchons en caoutchouc rouge Bouchons coniques Diam\u00e8tre A : 18 mm Diam\u00e8tre B : 13 mm Hauteur : 20 mm Pour tous usages, y compris pour prot\u00e9ger des taraudages, des per\u00e7ages borgnes, des al\u00e9sages. 870 pi\u00e8ces disponibles.","_links":{"self":[{"href":"https:\/\/www.nenuphar.com\/en\/wp-json\/wp\/v2\/product\/4496","targetHints":{"allow":["GET"]}}],"collection":[{"href":"https:\/\/www.nenuphar.com\/en\/wp-json\/wp\/v2\/product"}],"about":[{"href":"https:\/\/www.nenuphar.com\/en\/wp-json\/wp\/v2\/types\/product"}],"wp:featuredmedia":[{"embeddable":true,"href":"https:\/\/www.nenuphar.com\/en\/wp-json\/wp\/v2\/media\/4507"}],"wp:attachment":[{"href":"https:\/\/www.nenuphar.com\/en\/wp-json\/wp\/v2\/media?parent=4496"}],"wp:term":[{"taxonomy":"product_brand","embeddable":true,"href":"https:\/\/www.nenuphar.com\/en\/wp-json\/wp\/v2\/product_brand?post=4496"},{"taxonomy":"product_cat","embeddable":true,"href":"https:\/\/www.nenuphar.com\/en\/wp-json\/wp\/v2\/product_cat?post=4496"},{"taxonomy":"product_tag","embeddable":true,"href":"https:\/\/www.nenuphar.com\/en\/wp-json\/wp\/v2\/product_tag?post=4496"}],"curies":[{"name":"wp","href":"https:\/\/api.w.org\/{rel}","templated":true}]}}