{"id":450,"date":"2026-01-04T13:52:38","date_gmt":"2026-01-04T13:52:38","guid":{"rendered":"https:\/\/nen.kmkoncept.fr\/?post_type=product&#038;p=450"},"modified":"2026-04-28T07:27:22","modified_gmt":"2026-04-28T07:27:22","slug":"gd-voile-vaurien-pour-greement-bois","status":"publish","type":"product","link":"https:\/\/www.nenuphar.com\/en\/shop\/navigation\/voiles\/catamarans\/gd-voile-vaurien-pour-greement-bois\/","title":{"rendered":"VAURIEN SCHOOL MAINSAIL FOR WOOD MAST"},"content":{"rendered":"<p><\/p>","protected":false},"excerpt":{"rendered":"<p>Cette voile a \u00e9t\u00e9 sp\u00e9cialement con\u00e7ue pour les Vauriens poss\u00e9dant un m\u00e2t bois. Ne pas utiliser avec un m\u00e2t en aluminium: les diam\u00e8tres de ralingue ne conviendraient pas.<\/p>\n<p>Pour les bateaux avec un m\u00e2t en aluminium, chosissez la voile r\u00e9f: 2007<\/p>","protected":false},"featured_media":7217,"template":"","meta":{"_acf_changed":false,"_uag_custom_page_level_css":""},"product_brand":[430],"product_cat":[63,218],"product_tag":[425],"class_list":{"0":"post-450","1":"product","2":"type-product","3":"status-publish","4":"has-post-thumbnail","6":"product_brand-nenuphar","7":"product_cat-catamarans","8":"product_cat-vaurien","9":"product_tag-vaurien","11":"first","12":"onbackorder","13":"taxable","14":"shipping-taxable","15":"purchasable","16":"product-type-simple"},"acf":[],"aioseo_notices":[],"uagb_featured_image_src":{"full":["https:\/\/www.nenuphar.com\/wp-content\/uploads\/2026\/02\/1530.jpg",300,400,false],"thumbnail":["https:\/\/www.nenuphar.com\/wp-content\/uploads\/2026\/02\/1530-150x150.jpg",150,150,true],"medium":["https:\/\/www.nenuphar.com\/wp-content\/uploads\/2026\/02\/1530-225x300.jpg",225,300,true],"medium_large":["https:\/\/www.nenuphar.com\/wp-content\/uploads\/2026\/02\/1530.jpg",300,400,false],"large":["https:\/\/www.nenuphar.com\/wp-content\/uploads\/2026\/02\/1530.jpg",300,400,false],"1536x1536":["https:\/\/www.nenuphar.com\/wp-content\/uploads\/2026\/02\/1530.jpg",300,400,false],"2048x2048":["https:\/\/www.nenuphar.com\/wp-content\/uploads\/2026\/02\/1530.jpg",300,400,false],"trp-custom-language-flag":["https:\/\/www.nenuphar.com\/wp-content\/uploads\/2026\/02\/1530-9x12.jpg",9,12,true],"woocommerce_thumbnail":["https:\/\/www.nenuphar.com\/wp-content\/uploads\/2026\/02\/1530-300x300.jpg",300,300,true],"woocommerce_single":["https:\/\/www.nenuphar.com\/wp-content\/uploads\/2026\/02\/1530.jpg",300,400,false],"woocommerce_gallery_thumbnail":["https:\/\/www.nenuphar.com\/wp-content\/uploads\/2026\/02\/1530-100x100.jpg",100,100,true]},"uagb_author_info":{"display_name":"Karine","author_link":"https:\/\/www.nenuphar.com\/en\/author\/"},"uagb_comment_info":0,"uagb_excerpt":"Cette voile a \u00e9t\u00e9 sp\u00e9cialement con\u00e7ue pour les Vauriens poss\u00e9dant un m\u00e2t bois. Ne pas utiliser avec un m\u00e2t en aluminium: les diam\u00e8tres de ralingue ne conviendraient pas. Pour les bateaux avec un m\u00e2t en aluminium, chosissez la voile r\u00e9f: 2007","_links":{"self":[{"href":"https:\/\/www.nenuphar.com\/en\/wp-json\/wp\/v2\/product\/450","targetHints":{"allow":["GET"]}}],"collection":[{"href":"https:\/\/www.nenuphar.com\/en\/wp-json\/wp\/v2\/product"}],"about":[{"href":"https:\/\/www.nenuphar.com\/en\/wp-json\/wp\/v2\/types\/product"}],"wp:featuredmedia":[{"embeddable":true,"href":"https:\/\/www.nenuphar.com\/en\/wp-json\/wp\/v2\/media\/7217"}],"wp:attachment":[{"href":"https:\/\/www.nenuphar.com\/en\/wp-json\/wp\/v2\/media?parent=450"}],"wp:term":[{"taxonomy":"product_brand","embeddable":true,"href":"https:\/\/www.nenuphar.com\/en\/wp-json\/wp\/v2\/product_brand?post=450"},{"taxonomy":"product_cat","embeddable":true,"href":"https:\/\/www.nenuphar.com\/en\/wp-json\/wp\/v2\/product_cat?post=450"},{"taxonomy":"product_tag","embeddable":true,"href":"https:\/\/www.nenuphar.com\/en\/wp-json\/wp\/v2\/product_tag?post=450"}],"curies":[{"name":"wp","href":"https:\/\/api.w.org\/{rel}","templated":true}]}}