{"id":4522,"date":"2026-01-06T14:42:05","date_gmt":"2026-01-06T14:42:05","guid":{"rendered":"https:\/\/nen.kmkoncept.fr\/?post_type=product&#038;p=4522"},"modified":"2026-04-28T07:30:49","modified_gmt":"2026-04-28T07:30:49","slug":"trappe-visite-baionnette-100-145","status":"publish","type":"product","link":"https:\/\/www.nenuphar.com\/en\/shop\/accastillage\/nables-et-trappes-de-visites\/trappes-de-visite\/trappe-visite-baionnette-100-145\/","title":{"rendered":"ECONOMY BAYONNET HATCH COVER CUT OUT 110-157MM"},"content":{"rendered":"<p>Trappe de visite \u00e0 bayonnette.<\/p>\n<p>D\u00e9clinaison 100:<\/p>\n<p>Per\u00e7age installation: 110 mm<\/p>\n<p>Diam\u00e8tre utile passage: 100 mm<\/p>\n<p>Trappe livr\u00e9e sans joint<\/p>\n<p>D\u00e9clinaison 145:<\/p>\n<p>Per\u00e7age installation:157 mm<\/p>\n<p>Diam\u00e8tre utile passage: 145 mm<\/p>\n<p>La d\u00e9clinaison 145 se fait en gris uniquement<\/p>","protected":false},"excerpt":{"rendered":"<p>Grey hatch cover. Sold without \"O\" ring seal.<\/p>","protected":false},"featured_media":4536,"template":"","meta":{"_acf_changed":false,"_uag_custom_page_level_css":""},"product_brand":[],"product_cat":[128],"product_tag":[],"class_list":{"0":"post-4522","1":"product","2":"type-product","3":"status-publish","4":"has-post-thumbnail","6":"product_cat-trappes-de-visite","8":"first","9":"instock","10":"taxable","11":"shipping-taxable","12":"purchasable","13":"product-type-variable"},"acf":[],"aioseo_notices":[],"uagb_featured_image_src":{"full":["https:\/\/www.nenuphar.com\/wp-content\/uploads\/2026\/01\/1208.jpg",578,400,false],"thumbnail":["https:\/\/www.nenuphar.com\/wp-content\/uploads\/2026\/01\/1208-150x150.jpg",150,150,true],"medium":["https:\/\/www.nenuphar.com\/wp-content\/uploads\/2026\/01\/1208-300x208.jpg",300,208,true],"medium_large":["https:\/\/www.nenuphar.com\/wp-content\/uploads\/2026\/01\/1208.jpg",578,400,false],"large":["https:\/\/www.nenuphar.com\/wp-content\/uploads\/2026\/01\/1208.jpg",578,400,false],"1536x1536":["https:\/\/www.nenuphar.com\/wp-content\/uploads\/2026\/01\/1208.jpg",578,400,false],"2048x2048":["https:\/\/www.nenuphar.com\/wp-content\/uploads\/2026\/01\/1208.jpg",578,400,false],"trp-custom-language-flag":["https:\/\/www.nenuphar.com\/wp-content\/uploads\/2026\/01\/1208.jpg",18,12,false],"woocommerce_thumbnail":["https:\/\/www.nenuphar.com\/wp-content\/uploads\/2026\/01\/1208-300x300.jpg",300,300,true],"woocommerce_single":["https:\/\/www.nenuphar.com\/wp-content\/uploads\/2026\/01\/1208.jpg",578,400,false],"woocommerce_gallery_thumbnail":["https:\/\/www.nenuphar.com\/wp-content\/uploads\/2026\/01\/1208-100x100.jpg",100,100,true]},"uagb_author_info":{"display_name":"Karine","author_link":"https:\/\/www.nenuphar.com\/en\/author\/"},"uagb_comment_info":0,"uagb_excerpt":"Trappe de visite \u00e0 bayonnette. D\u00e9clinaison 100: Per\u00e7age installation: 110 mm Diam\u00e8tre utile passage: 100 mm Trappe livr\u00e9e sans joint D\u00e9clinaison 145: Per\u00e7age installation:157 mm Diam\u00e8tre utile passage: 145 mm La d\u00e9clinaison 145 se fait en gris uniquement","_links":{"self":[{"href":"https:\/\/www.nenuphar.com\/en\/wp-json\/wp\/v2\/product\/4522","targetHints":{"allow":["GET"]}}],"collection":[{"href":"https:\/\/www.nenuphar.com\/en\/wp-json\/wp\/v2\/product"}],"about":[{"href":"https:\/\/www.nenuphar.com\/en\/wp-json\/wp\/v2\/types\/product"}],"wp:featuredmedia":[{"embeddable":true,"href":"https:\/\/www.nenuphar.com\/en\/wp-json\/wp\/v2\/media\/4536"}],"wp:attachment":[{"href":"https:\/\/www.nenuphar.com\/en\/wp-json\/wp\/v2\/media?parent=4522"}],"wp:term":[{"taxonomy":"product_brand","embeddable":true,"href":"https:\/\/www.nenuphar.com\/en\/wp-json\/wp\/v2\/product_brand?post=4522"},{"taxonomy":"product_cat","embeddable":true,"href":"https:\/\/www.nenuphar.com\/en\/wp-json\/wp\/v2\/product_cat?post=4522"},{"taxonomy":"product_tag","embeddable":true,"href":"https:\/\/www.nenuphar.com\/en\/wp-json\/wp\/v2\/product_tag?post=4522"}],"curies":[{"name":"wp","href":"https:\/\/api.w.org\/{rel}","templated":true}]}}