{"id":4524,"date":"2026-01-06T14:42:05","date_gmt":"2026-01-06T14:42:05","guid":{"rendered":"https:\/\/nen.kmkoncept.fr\/?post_type=product&#038;p=4524"},"modified":"2026-04-28T07:30:49","modified_gmt":"2026-04-28T07:30:49","slug":"trappe-de-visite-a-vis-3603-3604-3605","status":"publish","type":"product","link":"https:\/\/www.nenuphar.com\/en\/shop\/accastillage\/nables-et-trappes-de-visites\/trappes-de-visite\/trappe-de-visite-a-vis-3603-3604-3605\/","title":{"rendered":"TRAPPE DE VISITE A VIS"},"content":{"rendered":"<p>Choisissez en dessous la d\u00e9clinaison d\u00e9sir\u00e9e<\/p>\n<p><span style=\"text-decoration: underline;\">R\u00e9f 3603\u00a0\u00a0 108\/102 GENRE PICO<\/span><\/p>\n<p>per\u00e7age installation: 108 mm<\/p>\n<p>Usable diameter: 102 mm<\/p>\n<p>Trappe vendue sans joint.<\/p>\n<p><strong>Joint r\u00e9f 4045 \u00e0 commander s\u00e9par\u00e9ment.<\/strong><\/p>\n<p><span style=\"text-decoration: underline;\">R\u00e9f 3604\u00a0 140\/125 GENRE FUNBOAT \/ DART 16<\/span><\/p>\n<p>per\u00e7age installation: 140 mm<\/p>\n<p>Diam\u00e8tre utile: 125 mm<\/p>\n<p>Trappe vendue sans joint.<\/p>\n<p><strong>Joint r\u00e9f 4055 \u00e0 commander s\u00e9par\u00e9ment.<\/strong><\/p>\n<p><span style=\"text-decoration: underline;\">R\u00e9f 3605 157\/150 GENRE LASER<\/span><\/p>\n<p>per\u00e7age installation: 157 mm<\/p>\n<p>Diam\u00e8tre utile: 150 mm<\/p>\n<p>Trappe vendue sans joint.<\/p>\n<p><strong>Joint r\u00e9f 4065 \u00e0 commander s\u00e9par\u00e9ment.<\/strong><\/p>","protected":false},"excerpt":{"rendered":"<p>Exemples d&rsquo;utilisation de ces trappes de visite:<\/p>\n<p>R\u00e9f 3603 pour Laser Pico<\/p>\n<p>R\u00e9f 3604 pour Laser Funboat, Dart 16<\/p>\n<p>R\u00e9f 3605 pour Laser 1<\/p>","protected":false},"featured_media":4539,"template":"","meta":{"_acf_changed":false,"_uag_custom_page_level_css":""},"product_brand":[464],"product_cat":[128],"product_tag":[],"class_list":{"0":"post-4524","1":"product","2":"type-product","3":"status-publish","4":"has-post-thumbnail","6":"product_brand-rwo","7":"product_cat-trappes-de-visite","9":"first","10":"instock","11":"taxable","12":"shipping-taxable","13":"purchasable","14":"product-type-variable"},"acf":[],"aioseo_notices":[],"uagb_featured_image_src":{"full":["https:\/\/www.nenuphar.com\/wp-content\/uploads\/2026\/01\/1218.jpg",646,400,false],"thumbnail":["https:\/\/www.nenuphar.com\/wp-content\/uploads\/2026\/01\/1218-150x150.jpg",150,150,true],"medium":["https:\/\/www.nenuphar.com\/wp-content\/uploads\/2026\/01\/1218-300x186.jpg",300,186,true],"medium_large":["https:\/\/www.nenuphar.com\/wp-content\/uploads\/2026\/01\/1218.jpg",646,400,false],"large":["https:\/\/www.nenuphar.com\/wp-content\/uploads\/2026\/01\/1218.jpg",646,400,false],"1536x1536":["https:\/\/www.nenuphar.com\/wp-content\/uploads\/2026\/01\/1218.jpg",646,400,false],"2048x2048":["https:\/\/www.nenuphar.com\/wp-content\/uploads\/2026\/01\/1218.jpg",646,400,false],"trp-custom-language-flag":["https:\/\/www.nenuphar.com\/wp-content\/uploads\/2026\/01\/1218.jpg",18,12,false],"woocommerce_thumbnail":["https:\/\/www.nenuphar.com\/wp-content\/uploads\/2026\/01\/1218-300x300.jpg",300,300,true],"woocommerce_single":["https:\/\/www.nenuphar.com\/wp-content\/uploads\/2026\/01\/1218-600x372.jpg",600,372,true],"woocommerce_gallery_thumbnail":["https:\/\/www.nenuphar.com\/wp-content\/uploads\/2026\/01\/1218-100x100.jpg",100,100,true]},"uagb_author_info":{"display_name":"Karine","author_link":"https:\/\/www.nenuphar.com\/en\/author\/"},"uagb_comment_info":0,"uagb_excerpt":"Exemples d'utilisation de ces trappes de visite: R\u00e9f 3603 pour Laser Pico R\u00e9f 3604 pour Laser Funboat, Dart 16 R\u00e9f 3605 pour Laser 1","_links":{"self":[{"href":"https:\/\/www.nenuphar.com\/en\/wp-json\/wp\/v2\/product\/4524","targetHints":{"allow":["GET"]}}],"collection":[{"href":"https:\/\/www.nenuphar.com\/en\/wp-json\/wp\/v2\/product"}],"about":[{"href":"https:\/\/www.nenuphar.com\/en\/wp-json\/wp\/v2\/types\/product"}],"wp:featuredmedia":[{"embeddable":true,"href":"https:\/\/www.nenuphar.com\/en\/wp-json\/wp\/v2\/media\/4539"}],"wp:attachment":[{"href":"https:\/\/www.nenuphar.com\/en\/wp-json\/wp\/v2\/media?parent=4524"}],"wp:term":[{"taxonomy":"product_brand","embeddable":true,"href":"https:\/\/www.nenuphar.com\/en\/wp-json\/wp\/v2\/product_brand?post=4524"},{"taxonomy":"product_cat","embeddable":true,"href":"https:\/\/www.nenuphar.com\/en\/wp-json\/wp\/v2\/product_cat?post=4524"},{"taxonomy":"product_tag","embeddable":true,"href":"https:\/\/www.nenuphar.com\/en\/wp-json\/wp\/v2\/product_tag?post=4524"}],"curies":[{"name":"wp","href":"https:\/\/api.w.org\/{rel}","templated":true}]}}