{"id":4526,"date":"2026-01-06T14:42:05","date_gmt":"2026-01-06T14:42:05","guid":{"rendered":"https:\/\/nen.kmkoncept.fr\/?post_type=product&#038;p=4526"},"modified":"2026-04-28T14:30:44","modified_gmt":"2026-04-28T14:30:44","slug":"trappe-de-visite-coupe-avec-joint-torique-ouverture-maniv","status":"publish","type":"product","link":"https:\/\/www.nenuphar.com\/en\/shop\/accastillage\/nables-et-trappes-de-visites\/trappes-de-visite\/trappe-de-visite-coupe-avec-joint-torique-ouverture-maniv\/","title":{"rendered":"Inspection hatch \u2013 cut 139 mm, outer diameter 170 mm, with gasket."},"content":{"rendered":"<p>Ref. 3613 \u2013 Cut diameter: 139 mm, outer diameter: 170 mm, with O-ring gasket. Can be opened using a winch handle.<\/p>\n<p>Ref. 3614 \u2013 Cut diameter: 165 mm, outer diameter: 215 mm, with O-ring gasket. Can be opened using a winch handle.<\/p>","protected":false},"excerpt":{"rendered":"<p>cutting d 139 mm d ext. 170mm With &rsquo;O&rsquo; seal ring. Opening by winch handle<\/p>","protected":false},"featured_media":4542,"template":"","meta":{"_acf_changed":false,"_uag_custom_page_level_css":""},"product_brand":[946],"product_cat":[128],"product_tag":[],"class_list":{"0":"post-4526","1":"product","2":"type-product","3":"status-publish","4":"has-post-thumbnail","6":"product_brand-sans-marque","7":"product_cat-trappes-de-visite","9":"first","10":"onbackorder","11":"taxable","12":"shipping-taxable","13":"purchasable","14":"product-type-simple"},"acf":[],"aioseo_notices":[],"uagb_featured_image_src":{"full":["https:\/\/www.nenuphar.com\/wp-content\/uploads\/2026\/01\/2148.jpg",505,400,false],"thumbnail":["https:\/\/www.nenuphar.com\/wp-content\/uploads\/2026\/01\/2148-150x150.jpg",150,150,true],"medium":["https:\/\/www.nenuphar.com\/wp-content\/uploads\/2026\/01\/2148-300x238.jpg",300,238,true],"medium_large":["https:\/\/www.nenuphar.com\/wp-content\/uploads\/2026\/01\/2148.jpg",505,400,false],"large":["https:\/\/www.nenuphar.com\/wp-content\/uploads\/2026\/01\/2148.jpg",505,400,false],"1536x1536":["https:\/\/www.nenuphar.com\/wp-content\/uploads\/2026\/01\/2148.jpg",505,400,false],"2048x2048":["https:\/\/www.nenuphar.com\/wp-content\/uploads\/2026\/01\/2148.jpg",505,400,false],"trp-custom-language-flag":["https:\/\/www.nenuphar.com\/wp-content\/uploads\/2026\/01\/2148.jpg",15,12,false],"woocommerce_thumbnail":["https:\/\/www.nenuphar.com\/wp-content\/uploads\/2026\/01\/2148-300x300.jpg",300,300,true],"woocommerce_single":["https:\/\/www.nenuphar.com\/wp-content\/uploads\/2026\/01\/2148.jpg",505,400,false],"woocommerce_gallery_thumbnail":["https:\/\/www.nenuphar.com\/wp-content\/uploads\/2026\/01\/2148-100x100.jpg",100,100,true]},"uagb_author_info":{"display_name":"Karine","author_link":"https:\/\/www.nenuphar.com\/en\/author\/"},"uagb_comment_info":0,"uagb_excerpt":"r\u00e9f 3613 = Diam\u00e8tre coupe: 139 mm Diam\u00e8tre ext\u00e9rieur: 170 mm Avec joint torique. Ouverture possible avec manivelle de winch. r\u00e9f 3614 =\u00a0Diam\u00e8tre coupe: 165 mm Diam\u00e8tre ext\u00e9rieur: 215 mm Avec joint torique. Ouverture possible avec manivelle de winch.","_links":{"self":[{"href":"https:\/\/www.nenuphar.com\/en\/wp-json\/wp\/v2\/product\/4526","targetHints":{"allow":["GET"]}}],"collection":[{"href":"https:\/\/www.nenuphar.com\/en\/wp-json\/wp\/v2\/product"}],"about":[{"href":"https:\/\/www.nenuphar.com\/en\/wp-json\/wp\/v2\/types\/product"}],"wp:featuredmedia":[{"embeddable":true,"href":"https:\/\/www.nenuphar.com\/en\/wp-json\/wp\/v2\/media\/4542"}],"wp:attachment":[{"href":"https:\/\/www.nenuphar.com\/en\/wp-json\/wp\/v2\/media?parent=4526"}],"wp:term":[{"taxonomy":"product_brand","embeddable":true,"href":"https:\/\/www.nenuphar.com\/en\/wp-json\/wp\/v2\/product_brand?post=4526"},{"taxonomy":"product_cat","embeddable":true,"href":"https:\/\/www.nenuphar.com\/en\/wp-json\/wp\/v2\/product_cat?post=4526"},{"taxonomy":"product_tag","embeddable":true,"href":"https:\/\/www.nenuphar.com\/en\/wp-json\/wp\/v2\/product_tag?post=4526"}],"curies":[{"name":"wp","href":"https:\/\/api.w.org\/{rel}","templated":true}]}}