{"id":4555,"date":"2026-01-06T14:44:26","date_gmt":"2026-01-06T14:44:26","guid":{"rendered":"https:\/\/nen.kmkoncept.fr\/?post_type=product&#038;p=4555"},"modified":"2026-04-28T07:28:14","modified_gmt":"2026-04-28T07:28:14","slug":"vide-vite-inox-super-medium-decoupe-110-x-43","status":"publish","type":"product","link":"https:\/\/www.nenuphar.com\/en\/shop\/accastillage\/nables-et-trappes-de-visites\/vide-vites\/vide-vite-inox-super-medium-decoupe-110-x-43\/","title":{"rendered":"Stainless steel Super Medium scupper \u2013 cutout 110 \u00d7 43 mm"},"content":{"rendered":"<p>Bailer \u201cSuper Medium\u201d \u2013 cutout 110 \u00d7 43 mm, for 420, 470, 505, etc.<\/p>\n<p>Opening area: 351 mm\u00b2<\/p>\n<p>Weight: 270 g<\/p>\n<p>Mounts from inside the boat.<\/p>\n<p>Screws included.<\/p>\n<p>Nominal cut-out depth: 7 mm<\/p>\n<p>External dimensions: 67 \u00d7 135 mm<\/p>","protected":false},"excerpt":{"rendered":"<p>Vide vite &#8211; bailer \u00ab\u00a0Super M\u00e9dium\u00a0\u00bb D\u00e9coupe 110 x 43, pour 420, 470, 505 etc&#8230; Ouverture: 351 mm\u00b2 Poids: 270 g. Se monte par l&rsquo;int\u00e9rieur. Vis fournies D\u00e9croch\u00e9 nominal: 7 mm Dimensions ext\u00e9rieures: 67 mm x 135 mm<\/p>","protected":false},"featured_media":4558,"template":"","meta":{"_acf_changed":false,"_uag_custom_page_level_css":""},"product_brand":[],"product_cat":[130],"product_tag":[],"class_list":{"0":"post-4555","1":"product","2":"type-product","3":"status-publish","4":"has-post-thumbnail","6":"product_cat-vide-vites","8":"first","9":"instock","10":"taxable","11":"shipping-taxable","12":"purchasable","13":"product-type-simple"},"acf":[],"aioseo_notices":[],"uagb_featured_image_src":{"full":["https:\/\/www.nenuphar.com\/wp-content\/uploads\/2026\/01\/1159.jpg",453,300,false],"thumbnail":["https:\/\/www.nenuphar.com\/wp-content\/uploads\/2026\/01\/1159-150x150.jpg",150,150,true],"medium":["https:\/\/www.nenuphar.com\/wp-content\/uploads\/2026\/01\/1159-300x199.jpg",300,199,true],"medium_large":["https:\/\/www.nenuphar.com\/wp-content\/uploads\/2026\/01\/1159.jpg",453,300,false],"large":["https:\/\/www.nenuphar.com\/wp-content\/uploads\/2026\/01\/1159.jpg",453,300,false],"1536x1536":["https:\/\/www.nenuphar.com\/wp-content\/uploads\/2026\/01\/1159.jpg",453,300,false],"2048x2048":["https:\/\/www.nenuphar.com\/wp-content\/uploads\/2026\/01\/1159.jpg",453,300,false],"trp-custom-language-flag":["https:\/\/www.nenuphar.com\/wp-content\/uploads\/2026\/01\/1159.jpg",18,12,false],"woocommerce_thumbnail":["https:\/\/www.nenuphar.com\/wp-content\/uploads\/2026\/01\/1159-300x300.jpg",300,300,true],"woocommerce_single":["https:\/\/www.nenuphar.com\/wp-content\/uploads\/2026\/01\/1159.jpg",453,300,false],"woocommerce_gallery_thumbnail":["https:\/\/www.nenuphar.com\/wp-content\/uploads\/2026\/01\/1159-100x100.jpg",100,100,true]},"uagb_author_info":{"display_name":"Karine","author_link":"https:\/\/www.nenuphar.com\/en\/author\/"},"uagb_comment_info":0,"uagb_excerpt":"Vide vite &#8211; bailer \u00ab\u00a0Super M\u00e9dium\u00a0\u00bb D\u00e9coupe 110 x 43, pour 420, 470, 505 etc&#8230; Ouverture: 351 mm\u00b2 Poids: 270 g. Se monte par l&rsquo;int\u00e9rieur. Vis fournies D\u00e9croch\u00e9 nominal: 7 mm Dimensions ext\u00e9rieures: 67 mm x 135 mm","_links":{"self":[{"href":"https:\/\/www.nenuphar.com\/en\/wp-json\/wp\/v2\/product\/4555","targetHints":{"allow":["GET"]}}],"collection":[{"href":"https:\/\/www.nenuphar.com\/en\/wp-json\/wp\/v2\/product"}],"about":[{"href":"https:\/\/www.nenuphar.com\/en\/wp-json\/wp\/v2\/types\/product"}],"wp:featuredmedia":[{"embeddable":true,"href":"https:\/\/www.nenuphar.com\/en\/wp-json\/wp\/v2\/media\/4558"}],"wp:attachment":[{"href":"https:\/\/www.nenuphar.com\/en\/wp-json\/wp\/v2\/media?parent=4555"}],"wp:term":[{"taxonomy":"product_brand","embeddable":true,"href":"https:\/\/www.nenuphar.com\/en\/wp-json\/wp\/v2\/product_brand?post=4555"},{"taxonomy":"product_cat","embeddable":true,"href":"https:\/\/www.nenuphar.com\/en\/wp-json\/wp\/v2\/product_cat?post=4555"},{"taxonomy":"product_tag","embeddable":true,"href":"https:\/\/www.nenuphar.com\/en\/wp-json\/wp\/v2\/product_tag?post=4555"}],"curies":[{"name":"wp","href":"https:\/\/api.w.org\/{rel}","templated":true}]}}