{"id":4567,"date":"2026-01-06T15:42:37","date_gmt":"2026-01-06T15:42:37","guid":{"rendered":"https:\/\/nen.kmkoncept.fr\/?post_type=product&#038;p=4567"},"modified":"2026-04-28T07:27:20","modified_gmt":"2026-04-28T07:27:20","slug":"voile-opti-ecole-fourreau","status":"publish","type":"product","link":"https:\/\/www.nenuphar.com\/en\/shop\/navigation\/voiles\/deriveurs-monocoques\/voile-opti-ecole-fourreau\/","title":{"rendered":"OPTIMIST SCHOOL SAIL SLEEVE POCKET"},"content":{"rendered":"<p>Made in France. Optimist sail with sleeve and negative leech. Leech length identical to a standard Optimist sail. Designed by Bertrand Ch\u00e9r\u00eat for an educational sail that \u201ccommunicates.\u201d<\/p>\n<p>Sail delivered without the reef.<\/p>\n<p>Option ris de fond : r\u00e9f 2000FR<\/p>","protected":false},"excerpt":{"rendered":"<p>Fabriqu\u00e9 en France., Voile optimist \u00e0 fourreau et chute n\u00e9gative. Longueur de chute identique \u00e0 une voile standard d&rsquo;optimist. Conception Bertrand Ch\u00e9r\u00eat, pour une voile p\u00e9dagogique qui \u00ab\u00a0parle\u00a0\u00bb. Voile livr\u00e9e sans le ris de fond. Option ris de fond : r\u00e9f 2000FR<\/p>","protected":false},"featured_media":4587,"template":"","meta":{"_acf_changed":false,"_uag_custom_page_level_css":""},"product_brand":[430],"product_cat":[62,17,210,23],"product_tag":[],"class_list":{"0":"post-4567","1":"product","2":"type-product","3":"status-publish","4":"has-post-thumbnail","6":"product_brand-nenuphar","7":"product_cat-deriveurs-monocoques","8":"product_cat-navigation","9":"product_cat-optimist-deriveurs","10":"product_cat-voiles","12":"first","13":"onbackorder","14":"taxable","15":"shipping-taxable","16":"purchasable","17":"product-type-simple"},"acf":[],"aioseo_notices":[],"uagb_featured_image_src":{"full":["https:\/\/www.nenuphar.com\/wp-content\/uploads\/2026\/01\/56.jpg",400,300,false],"thumbnail":["https:\/\/www.nenuphar.com\/wp-content\/uploads\/2026\/01\/56-150x150.jpg",150,150,true],"medium":["https:\/\/www.nenuphar.com\/wp-content\/uploads\/2026\/01\/56-300x225.jpg",300,225,true],"medium_large":["https:\/\/www.nenuphar.com\/wp-content\/uploads\/2026\/01\/56.jpg",400,300,false],"large":["https:\/\/www.nenuphar.com\/wp-content\/uploads\/2026\/01\/56.jpg",400,300,false],"1536x1536":["https:\/\/www.nenuphar.com\/wp-content\/uploads\/2026\/01\/56.jpg",400,300,false],"2048x2048":["https:\/\/www.nenuphar.com\/wp-content\/uploads\/2026\/01\/56.jpg",400,300,false],"trp-custom-language-flag":["https:\/\/www.nenuphar.com\/wp-content\/uploads\/2026\/01\/56.jpg",16,12,false],"woocommerce_thumbnail":["https:\/\/www.nenuphar.com\/wp-content\/uploads\/2026\/01\/56-300x300.jpg",300,300,true],"woocommerce_single":["https:\/\/www.nenuphar.com\/wp-content\/uploads\/2026\/01\/56.jpg",400,300,false],"woocommerce_gallery_thumbnail":["https:\/\/www.nenuphar.com\/wp-content\/uploads\/2026\/01\/56-100x100.jpg",100,100,true]},"uagb_author_info":{"display_name":"Karine","author_link":"https:\/\/www.nenuphar.com\/en\/author\/"},"uagb_comment_info":0,"uagb_excerpt":"Fabriqu\u00e9 en France., Voile optimist \u00e0 fourreau et chute n\u00e9gative. Longueur de chute identique \u00e0 une voile standard d&rsquo;optimist. Conception Bertrand Ch\u00e9r\u00eat, pour une voile p\u00e9dagogique qui \u00ab\u00a0parle\u00a0\u00bb. Voile livr\u00e9e sans le ris de fond. Option ris de fond : r\u00e9f 2000FR","_links":{"self":[{"href":"https:\/\/www.nenuphar.com\/en\/wp-json\/wp\/v2\/product\/4567","targetHints":{"allow":["GET"]}}],"collection":[{"href":"https:\/\/www.nenuphar.com\/en\/wp-json\/wp\/v2\/product"}],"about":[{"href":"https:\/\/www.nenuphar.com\/en\/wp-json\/wp\/v2\/types\/product"}],"wp:featuredmedia":[{"embeddable":true,"href":"https:\/\/www.nenuphar.com\/en\/wp-json\/wp\/v2\/media\/4587"}],"wp:attachment":[{"href":"https:\/\/www.nenuphar.com\/en\/wp-json\/wp\/v2\/media?parent=4567"}],"wp:term":[{"taxonomy":"product_brand","embeddable":true,"href":"https:\/\/www.nenuphar.com\/en\/wp-json\/wp\/v2\/product_brand?post=4567"},{"taxonomy":"product_cat","embeddable":true,"href":"https:\/\/www.nenuphar.com\/en\/wp-json\/wp\/v2\/product_cat?post=4567"},{"taxonomy":"product_tag","embeddable":true,"href":"https:\/\/www.nenuphar.com\/en\/wp-json\/wp\/v2\/product_tag?post=4567"}],"curies":[{"name":"wp","href":"https:\/\/api.w.org\/{rel}","templated":true}]}}