{"id":457,"date":"2026-01-04T13:52:38","date_gmt":"2026-01-04T13:52:38","guid":{"rendered":"https:\/\/nen.kmkoncept.fr\/?post_type=product&#038;p=457"},"modified":"2026-04-28T07:27:37","modified_gmt":"2026-04-28T07:27:37","slug":"gd-voile-ponant-regate","status":"publish","type":"product","link":"https:\/\/www.nenuphar.com\/en\/shop\/navigation\/voiles\/catamarans\/gd-voile-ponant-regate\/","title":{"rendered":"PONANT  MAINSAIL"},"content":{"rendered":"<p>Ponant Mainsail. Batten and bag must be ordered separately of needed.<\/p>","protected":false},"excerpt":{"rendered":"<p>Ponant Mainsail. Batten and bag must be ordered separately of needed.<\/p>","protected":false},"featured_media":0,"template":"","meta":{"_acf_changed":false,"_uag_custom_page_level_css":""},"product_brand":[430],"product_cat":[63,212],"product_tag":[504],"class_list":{"0":"post-457","1":"product","2":"type-product","3":"status-publish","5":"product_brand-nenuphar","6":"product_cat-catamarans","7":"product_cat-ponant","8":"product_tag-ponant","9":"product_shipping_class-schenker","11":"first","12":"onbackorder","13":"taxable","14":"shipping-taxable","15":"purchasable","16":"product-type-simple"},"acf":[],"aioseo_notices":[],"uagb_featured_image_src":{"full":false,"thumbnail":false,"medium":false,"medium_large":false,"large":false,"1536x1536":false,"2048x2048":false,"trp-custom-language-flag":false,"woocommerce_thumbnail":false,"woocommerce_single":false,"woocommerce_gallery_thumbnail":false},"uagb_author_info":{"display_name":"Karine","author_link":"https:\/\/www.nenuphar.com\/en\/author\/"},"uagb_comment_info":0,"uagb_excerpt":"Fabriqu\u00e9 en France. Grand voile de Ponant conforma \u00e0 la jauge de la s\u00e9rie. En Dacron 211 grammes, avec fen\u00eatre et logo. Livr\u00e9e roul\u00e9e avec lattes et housse.","_links":{"self":[{"href":"https:\/\/www.nenuphar.com\/en\/wp-json\/wp\/v2\/product\/457","targetHints":{"allow":["GET"]}}],"collection":[{"href":"https:\/\/www.nenuphar.com\/en\/wp-json\/wp\/v2\/product"}],"about":[{"href":"https:\/\/www.nenuphar.com\/en\/wp-json\/wp\/v2\/types\/product"}],"wp:attachment":[{"href":"https:\/\/www.nenuphar.com\/en\/wp-json\/wp\/v2\/media?parent=457"}],"wp:term":[{"taxonomy":"product_brand","embeddable":true,"href":"https:\/\/www.nenuphar.com\/en\/wp-json\/wp\/v2\/product_brand?post=457"},{"taxonomy":"product_cat","embeddable":true,"href":"https:\/\/www.nenuphar.com\/en\/wp-json\/wp\/v2\/product_cat?post=457"},{"taxonomy":"product_tag","embeddable":true,"href":"https:\/\/www.nenuphar.com\/en\/wp-json\/wp\/v2\/product_tag?post=457"}],"curies":[{"name":"wp","href":"https:\/\/api.w.org\/{rel}","templated":true}]}}