{"id":4571,"date":"2026-01-06T15:42:37","date_gmt":"2026-01-06T15:42:37","guid":{"rendered":"https:\/\/nen.kmkoncept.fr\/?post_type=product&#038;p=4571"},"modified":"2026-04-28T07:27:21","modified_gmt":"2026-04-28T07:27:21","slug":"voile-opti-lattee-initiation-regate-livree-ss-latte","status":"publish","type":"product","link":"https:\/\/www.nenuphar.com\/en\/shop\/navigation\/voiles\/deriveurs-monocoques\/voile-opti-lattee-initiation-regate-livree-ss-latte\/","title":{"rendered":"Battled Optimist Training Sail \u2013 Race Version Delivered Without Battens"},"content":{"rendered":"<p>Made in France. Optimist school sail offering excellent value for money.<\/p>\n<p>Designed by Bertrand Ch\u00e9r\u00eat, for an educational sail that \u201ccommunicates.\u201d<\/p>\n<p>Livr\u00e9e sans latte (lattes ref 1460op)<\/p>","protected":false},"excerpt":{"rendered":"<p>Fabriqu\u00e9 en France. Voile optimist \u00e9cole de sport d&rsquo;un tr\u00e8s bon rapport qualit\u00e9-prix. Conception Bertrand Ch\u00e9r\u00eat, pour une voile p\u00e9dagogique qui \u00ab\u00a0parle\u00a0\u00bb. Livr\u00e9e sans latte (lattes ref 1460op)<\/p>","protected":false},"featured_media":4591,"template":"","meta":{"_acf_changed":false,"_uag_custom_page_level_css":""},"product_brand":[430],"product_cat":[62,17,210,23],"product_tag":[],"class_list":{"0":"post-4571","1":"product","2":"type-product","3":"status-publish","4":"has-post-thumbnail","6":"product_brand-nenuphar","7":"product_cat-deriveurs-monocoques","8":"product_cat-navigation","9":"product_cat-optimist-deriveurs","10":"product_cat-voiles","12":"first","13":"onbackorder","14":"taxable","15":"shipping-taxable","16":"purchasable","17":"product-type-simple"},"acf":[],"aioseo_notices":[],"uagb_featured_image_src":{"full":["https:\/\/www.nenuphar.com\/wp-content\/uploads\/2026\/01\/2081.jpg",260,368,false],"thumbnail":["https:\/\/www.nenuphar.com\/wp-content\/uploads\/2026\/01\/2081-150x150.jpg",150,150,true],"medium":["https:\/\/www.nenuphar.com\/wp-content\/uploads\/2026\/01\/2081-212x300.jpg",212,300,true],"medium_large":["https:\/\/www.nenuphar.com\/wp-content\/uploads\/2026\/01\/2081.jpg",260,368,false],"large":["https:\/\/www.nenuphar.com\/wp-content\/uploads\/2026\/01\/2081.jpg",260,368,false],"1536x1536":["https:\/\/www.nenuphar.com\/wp-content\/uploads\/2026\/01\/2081.jpg",260,368,false],"2048x2048":["https:\/\/www.nenuphar.com\/wp-content\/uploads\/2026\/01\/2081.jpg",260,368,false],"trp-custom-language-flag":["https:\/\/www.nenuphar.com\/wp-content\/uploads\/2026\/01\/2081.jpg",8,12,false],"woocommerce_thumbnail":["https:\/\/www.nenuphar.com\/wp-content\/uploads\/2026\/01\/2081-260x300.jpg",260,300,true],"woocommerce_single":["https:\/\/www.nenuphar.com\/wp-content\/uploads\/2026\/01\/2081.jpg",260,368,false],"woocommerce_gallery_thumbnail":["https:\/\/www.nenuphar.com\/wp-content\/uploads\/2026\/01\/2081-100x100.jpg",100,100,true]},"uagb_author_info":{"display_name":"Karine","author_link":"https:\/\/www.nenuphar.com\/en\/author\/"},"uagb_comment_info":0,"uagb_excerpt":"Fabriqu\u00e9 en France. Voile optimist \u00e9cole de sport d&rsquo;un tr\u00e8s bon rapport qualit\u00e9-prix. Conception Bertrand Ch\u00e9r\u00eat, pour une voile p\u00e9dagogique qui \u00ab\u00a0parle\u00a0\u00bb. Livr\u00e9e sans latte (lattes ref 1460op)","_links":{"self":[{"href":"https:\/\/www.nenuphar.com\/en\/wp-json\/wp\/v2\/product\/4571","targetHints":{"allow":["GET"]}}],"collection":[{"href":"https:\/\/www.nenuphar.com\/en\/wp-json\/wp\/v2\/product"}],"about":[{"href":"https:\/\/www.nenuphar.com\/en\/wp-json\/wp\/v2\/types\/product"}],"wp:featuredmedia":[{"embeddable":true,"href":"https:\/\/www.nenuphar.com\/en\/wp-json\/wp\/v2\/media\/4591"}],"wp:attachment":[{"href":"https:\/\/www.nenuphar.com\/en\/wp-json\/wp\/v2\/media?parent=4571"}],"wp:term":[{"taxonomy":"product_brand","embeddable":true,"href":"https:\/\/www.nenuphar.com\/en\/wp-json\/wp\/v2\/product_brand?post=4571"},{"taxonomy":"product_cat","embeddable":true,"href":"https:\/\/www.nenuphar.com\/en\/wp-json\/wp\/v2\/product_cat?post=4571"},{"taxonomy":"product_tag","embeddable":true,"href":"https:\/\/www.nenuphar.com\/en\/wp-json\/wp\/v2\/product_tag?post=4571"}],"curies":[{"name":"wp","href":"https:\/\/api.w.org\/{rel}","templated":true}]}}