{"id":459,"date":"2026-01-04T13:52:38","date_gmt":"2026-01-04T13:52:38","guid":{"rendered":"https:\/\/nen.kmkoncept.fr\/?post_type=product&#038;p=459"},"modified":"2026-04-28T07:27:37","modified_gmt":"2026-04-28T07:27:37","slug":"toutes-les-voiles-new-cat-compatibles","status":"publish","type":"product","link":"https:\/\/www.nenuphar.com\/en\/shop\/navigation\/voiles\/catamarans\/toutes-les-voiles-new-cat-compatibles\/","title":{"rendered":"NEW CAT COMPATIBLE MAINSAIL"},"content":{"rendered":"<p>Choose your model from the list!<\/p>\n<p>Compatible mainsails for New Cat 12, New Cat 12 Racing, New Cat 14, New Cat 15 Club, New Cat F1, New Cat F2, and New Cat 16. It is designed and produced in our workshops following advice from intensive users.\n\nMade from Dimension Polyant Dacron. White panels \/ black tapes and reinforcements.<\/p>","protected":false},"excerpt":{"rendered":"<p>One or more coloured panels available on request for easier identification on the water.<\/p>\n<p>Made in France. Sail supplied without bag or battens.<\/p>\n<p>Tissu Dimension Polyant.<\/p>\n<p>As an option, we can add reefing points, coloured fabric, window, telltales, or any other specification you may require, thanks to our position as manufacturer.<\/p>","protected":false},"featured_media":0,"template":"","meta":{"_acf_changed":false,"_uag_custom_page_level_css":""},"product_brand":[430],"product_cat":[63],"product_tag":[],"class_list":{"0":"post-459","1":"product","2":"type-product","3":"status-publish","5":"product_brand-nenuphar","6":"product_cat-catamarans","8":"first","9":"onbackorder","10":"taxable","11":"shipping-taxable","12":"purchasable","13":"product-type-simple"},"acf":[],"aioseo_notices":[],"uagb_featured_image_src":{"full":false,"thumbnail":false,"medium":false,"medium_large":false,"large":false,"1536x1536":false,"2048x2048":false,"trp-custom-language-flag":false,"woocommerce_thumbnail":false,"woocommerce_single":false,"woocommerce_gallery_thumbnail":false},"uagb_author_info":{"display_name":"Karine","author_link":"https:\/\/www.nenuphar.com\/en\/author\/"},"uagb_comment_info":0,"uagb_excerpt":"Possibilit\u00e9 d'une ou plusieurs laizes couleur sur demande, pour un rep\u00e9rage facilit\u00e9 sur l'eau, Fabriqu\u00e9 en France. Voile livr\u00e9e sans sac, ni latte. Tissu Dimension Polyant. En option nous pouvons vous rajouter bandes de ris, tissu en couleur, fen\u00eatre, penons, ou toute sp\u00e9cification que vous souhaiteriez, gr\u00e2ce \u00e0 notre position de fabricant.","_links":{"self":[{"href":"https:\/\/www.nenuphar.com\/en\/wp-json\/wp\/v2\/product\/459","targetHints":{"allow":["GET"]}}],"collection":[{"href":"https:\/\/www.nenuphar.com\/en\/wp-json\/wp\/v2\/product"}],"about":[{"href":"https:\/\/www.nenuphar.com\/en\/wp-json\/wp\/v2\/types\/product"}],"wp:attachment":[{"href":"https:\/\/www.nenuphar.com\/en\/wp-json\/wp\/v2\/media?parent=459"}],"wp:term":[{"taxonomy":"product_brand","embeddable":true,"href":"https:\/\/www.nenuphar.com\/en\/wp-json\/wp\/v2\/product_brand?post=459"},{"taxonomy":"product_cat","embeddable":true,"href":"https:\/\/www.nenuphar.com\/en\/wp-json\/wp\/v2\/product_cat?post=459"},{"taxonomy":"product_tag","embeddable":true,"href":"https:\/\/www.nenuphar.com\/en\/wp-json\/wp\/v2\/product_tag?post=459"}],"curies":[{"name":"wp","href":"https:\/\/api.w.org\/{rel}","templated":true}]}}