{"id":4597,"date":"2026-01-06T15:43:23","date_gmt":"2026-01-06T15:43:23","guid":{"rendered":"https:\/\/nen.kmkoncept.fr\/?post_type=product&#038;p=4597"},"modified":"2026-04-28T07:29:04","modified_gmt":"2026-04-28T07:29:04","slug":"opteasy-polyethylene-complet-voile-fourreau-2000ffr","status":"publish","type":"product","link":"https:\/\/www.nenuphar.com\/en\/shop\/bateaux\/optimist\/opteasy-polyethylene-complet-voile-fourreau-2000ffr\/","title":{"rendered":"Optim\u2019Easy Complete Polyethylene \u2013 Sleeve Sail 2000F+FR"},"content":{"rendered":"<p>Very convenient with integrated carrying handles.<\/p>\n<p>Polyethylene mast step for simplified maintenance.<\/p>\n<p>Autovideur.<\/p>\n<p>Three drain holes in the transom: boat drains very quickly!<\/p>\n<\/p>\n<p>Bateau complet livr\u00e9 avec:<\/p>\n<p>&#8211; m\u00e2t, b\u00f4me et livarde alu N\u00e9nuphar,<\/p>\n<p>&#8211; voile fourreau N\u00e9nuphar AVEC ris de fond<\/p>\n<p>&#8211; d\u00e9rive bois cp marine verni N\u00e9nuphar<\/p>\n<p>&#8211; safran bois cp marine vernis avec femelots 70812, barre bois vernis et stick alu N\u00e9nuphar<\/p>\n<p>&#8211; aiguillots N\u00e9nuphar<\/p>\n<p>&#8211; languette s\u00e9curit\u00e9 N\u00e9nuphar<\/p>\n<p>&#8211; pied de m\u00e2t inox r\u00e9glable<\/p>\n<p>&#8211; pontets de fixation poulies et sangle de rappel<\/p>\n<p>&#8211; sangle de rappel rembourr\u00e9e<\/p>\n<p>&#8211; sandow de d\u00e9rive<\/p>\n<p>&#8211; trappes de visite<\/p>\n<p>&#8211; bouchon de nable<\/p>\n<p>&#8211; bouchons de tableau arri\u00e8re inclus<\/p>\n<\/p>\n<p>En standard, coque blanche. Diff\u00e9rents coloris possibles \u00e0 partir de 10 coques. Consultez-nous.<\/p>","protected":false},"excerpt":{"rendered":"<p>Hull manufactured by RPI, well-known in the kayaking world. Fittings, rigging, and sail made in France by N\u00e9nuphar \u2013 spare parts are very easy to find and all made in France!<\/p>","protected":false},"featured_media":4616,"template":"","meta":{"_acf_changed":false,"_uag_custom_page_level_css":""},"product_brand":[430],"product_cat":[41],"product_tag":[],"class_list":{"0":"post-4597","1":"product","2":"type-product","3":"status-publish","4":"has-post-thumbnail","6":"product_brand-nenuphar","7":"product_cat-optimist","9":"first","10":"onbackorder","11":"taxable","12":"shipping-taxable","13":"purchasable","14":"product-type-simple"},"acf":[],"aioseo_notices":[],"uagb_featured_image_src":{"full":["https:\/\/www.nenuphar.com\/wp-content\/uploads\/2026\/01\/5391-scaled.jpg",1920,2560,false],"thumbnail":["https:\/\/www.nenuphar.com\/wp-content\/uploads\/2026\/01\/5391-150x150.jpg",150,150,true],"medium":["https:\/\/www.nenuphar.com\/wp-content\/uploads\/2026\/01\/5391-225x300.jpg",225,300,true],"medium_large":["https:\/\/www.nenuphar.com\/wp-content\/uploads\/2026\/01\/5391-768x1024.jpg",768,1024,true],"large":["https:\/\/www.nenuphar.com\/wp-content\/uploads\/2026\/01\/5391-768x1024.jpg",768,1024,true],"1536x1536":["https:\/\/www.nenuphar.com\/wp-content\/uploads\/2026\/01\/5391-1152x1536.jpg",1152,1536,true],"2048x2048":["https:\/\/www.nenuphar.com\/wp-content\/uploads\/2026\/01\/5391-1536x2048.jpg",1536,2048,true],"trp-custom-language-flag":["https:\/\/www.nenuphar.com\/wp-content\/uploads\/2026\/01\/5391-scaled.jpg",9,12,false],"woocommerce_thumbnail":["https:\/\/www.nenuphar.com\/wp-content\/uploads\/2026\/01\/5391-300x300.jpg",300,300,true],"woocommerce_single":["https:\/\/www.nenuphar.com\/wp-content\/uploads\/2026\/01\/5391-600x800.jpg",600,800,true],"woocommerce_gallery_thumbnail":["https:\/\/www.nenuphar.com\/wp-content\/uploads\/2026\/01\/5391-100x100.jpg",100,100,true]},"uagb_author_info":{"display_name":"Karine","author_link":"https:\/\/www.nenuphar.com\/en\/author\/"},"uagb_comment_info":0,"uagb_excerpt":"Coque fabriqu\u00e9e par RPI, tr\u00e8s connu dans le monde du kayak. Accastillage, gr\u00e9ement et voile de fabrication fran\u00e7aise N\u00e9nuphar = pi\u00e8ces d\u00e9tach\u00e9es tr\u00e8s faciles \u00e0 trouver, et fabriqu\u00e9es en France!","_links":{"self":[{"href":"https:\/\/www.nenuphar.com\/en\/wp-json\/wp\/v2\/product\/4597","targetHints":{"allow":["GET"]}}],"collection":[{"href":"https:\/\/www.nenuphar.com\/en\/wp-json\/wp\/v2\/product"}],"about":[{"href":"https:\/\/www.nenuphar.com\/en\/wp-json\/wp\/v2\/types\/product"}],"wp:featuredmedia":[{"embeddable":true,"href":"https:\/\/www.nenuphar.com\/en\/wp-json\/wp\/v2\/media\/4616"}],"wp:attachment":[{"href":"https:\/\/www.nenuphar.com\/en\/wp-json\/wp\/v2\/media?parent=4597"}],"wp:term":[{"taxonomy":"product_brand","embeddable":true,"href":"https:\/\/www.nenuphar.com\/en\/wp-json\/wp\/v2\/product_brand?post=4597"},{"taxonomy":"product_cat","embeddable":true,"href":"https:\/\/www.nenuphar.com\/en\/wp-json\/wp\/v2\/product_cat?post=4597"},{"taxonomy":"product_tag","embeddable":true,"href":"https:\/\/www.nenuphar.com\/en\/wp-json\/wp\/v2\/product_tag?post=4597"}],"curies":[{"name":"wp","href":"https:\/\/api.w.org\/{rel}","templated":true}]}}