{"id":4600,"date":"2026-01-06T15:43:24","date_gmt":"2026-01-06T15:43:24","guid":{"rendered":"https:\/\/nen.kmkoncept.fr\/?post_type=product&#038;p=4600"},"modified":"2026-04-28T07:29:20","modified_gmt":"2026-04-28T07:29:20","slug":"fourche-de-bome-optimist","status":"publish","type":"product","link":"https:\/\/www.nenuphar.com\/en\/shop\/series\/deriveurs\/optimist-deriveurs\/fourche-de-bome-optimist\/","title":{"rendered":"Optimist Boom Fork"},"content":{"rendered":"<p>Optimist Boom Fork<\/p>\n<p>Pour tube int\u00e9rieur 34mm (38 ep 2)<\/p>\n<p>pour s&rsquo;accrocher sur tube diam\u00e8tre 45<\/p>","protected":false},"excerpt":{"rendered":"<p>For ref 723\/753<\/p>","protected":false},"featured_media":4630,"template":"","meta":{"_acf_changed":false,"_uag_custom_page_level_css":""},"product_brand":[430],"product_cat":[24,17,210,74],"product_tag":[502],"class_list":{"0":"post-4600","1":"product","2":"type-product","3":"status-publish","4":"has-post-thumbnail","6":"product_brand-nenuphar","7":"product_cat-mats","8":"product_cat-navigation","9":"product_cat-optimist-deriveurs","10":"product_cat-pieces-de-mat","11":"product_tag-optimist","13":"first","14":"instock","15":"taxable","16":"shipping-taxable","17":"purchasable","18":"product-type-simple"},"acf":[],"aioseo_notices":[],"uagb_featured_image_src":{"full":["https:\/\/www.nenuphar.com\/wp-content\/uploads\/2026\/01\/1624.jpg",400,364,false],"thumbnail":["https:\/\/www.nenuphar.com\/wp-content\/uploads\/2026\/01\/1624-150x150.jpg",150,150,true],"medium":["https:\/\/www.nenuphar.com\/wp-content\/uploads\/2026\/01\/1624-300x273.jpg",300,273,true],"medium_large":["https:\/\/www.nenuphar.com\/wp-content\/uploads\/2026\/01\/1624.jpg",400,364,false],"large":["https:\/\/www.nenuphar.com\/wp-content\/uploads\/2026\/01\/1624.jpg",400,364,false],"1536x1536":["https:\/\/www.nenuphar.com\/wp-content\/uploads\/2026\/01\/1624.jpg",400,364,false],"2048x2048":["https:\/\/www.nenuphar.com\/wp-content\/uploads\/2026\/01\/1624.jpg",400,364,false],"trp-custom-language-flag":["https:\/\/www.nenuphar.com\/wp-content\/uploads\/2026\/01\/1624.jpg",13,12,false],"woocommerce_thumbnail":["https:\/\/www.nenuphar.com\/wp-content\/uploads\/2026\/01\/1624-300x300.jpg",300,300,true],"woocommerce_single":["https:\/\/www.nenuphar.com\/wp-content\/uploads\/2026\/01\/1624.jpg",400,364,false],"woocommerce_gallery_thumbnail":["https:\/\/www.nenuphar.com\/wp-content\/uploads\/2026\/01\/1624-100x100.jpg",100,100,true]},"uagb_author_info":{"display_name":"Karine","author_link":"https:\/\/www.nenuphar.com\/en\/author\/"},"uagb_comment_info":0,"uagb_excerpt":"Fourche de b\u00f4me optimist pour b\u00f4me r\u00e9f 723 Pour tube int\u00e9rieur 34mm (38 ep 2) pour s&rsquo;accrocher sur tube diam\u00e8tre 45","_links":{"self":[{"href":"https:\/\/www.nenuphar.com\/en\/wp-json\/wp\/v2\/product\/4600","targetHints":{"allow":["GET"]}}],"collection":[{"href":"https:\/\/www.nenuphar.com\/en\/wp-json\/wp\/v2\/product"}],"about":[{"href":"https:\/\/www.nenuphar.com\/en\/wp-json\/wp\/v2\/types\/product"}],"wp:featuredmedia":[{"embeddable":true,"href":"https:\/\/www.nenuphar.com\/en\/wp-json\/wp\/v2\/media\/4630"}],"wp:attachment":[{"href":"https:\/\/www.nenuphar.com\/en\/wp-json\/wp\/v2\/media?parent=4600"}],"wp:term":[{"taxonomy":"product_brand","embeddable":true,"href":"https:\/\/www.nenuphar.com\/en\/wp-json\/wp\/v2\/product_brand?post=4600"},{"taxonomy":"product_cat","embeddable":true,"href":"https:\/\/www.nenuphar.com\/en\/wp-json\/wp\/v2\/product_cat?post=4600"},{"taxonomy":"product_tag","embeddable":true,"href":"https:\/\/www.nenuphar.com\/en\/wp-json\/wp\/v2\/product_tag?post=4600"}],"curies":[{"name":"wp","href":"https:\/\/api.w.org\/{rel}","templated":true}]}}