{"id":4615,"date":"2026-01-06T15:45:05","date_gmt":"2026-01-06T15:45:05","guid":{"rendered":"https:\/\/nen.kmkoncept.fr\/?post_type=product&#038;p=4615"},"modified":"2026-04-28T07:29:24","modified_gmt":"2026-04-28T07:29:24","slug":"bague-etambrai-optimist","status":"publish","type":"product","link":"https:\/\/www.nenuphar.com\/en\/shop\/series\/deriveurs\/optimist-deriveurs\/bague-etambrai-optimist\/","title":{"rendered":"Optimist Throttle Ring"},"content":{"rendered":"<p>Nylon ring<\/p>\n<p>Diam\u00e8tre int\u00e9rieur : 47 mm<\/p>\n<p>Diam\u00e8tre ext\u00e9rieur: 53 mm<\/p>\n<p>Mounted on the step with 3 countersunk screws, 4 mm diameter.<\/p>","protected":false},"excerpt":{"rendered":"<p>Bague en nylon Diam\u00e8tre int\u00e9rieur : 47 mm Diam\u00e8tre ext\u00e9rieur: 53 mm Fixation sur l&rsquo;\u00e9tembrai par 3 vis diam\u00e8tre 4 mm t\u00eate frais\u00e9e.<\/p>","protected":false},"featured_media":4633,"template":"","meta":{"_acf_changed":false,"_uag_custom_page_level_css":""},"product_brand":[947],"product_cat":[24,17,210,74],"product_tag":[502],"class_list":{"0":"post-4615","1":"product","2":"type-product","3":"status-publish","4":"has-post-thumbnail","6":"product_brand-optiparts","7":"product_cat-mats","8":"product_cat-navigation","9":"product_cat-optimist-deriveurs","10":"product_cat-pieces-de-mat","11":"product_tag-optimist","13":"first","14":"instock","15":"taxable","16":"shipping-taxable","17":"purchasable","18":"product-type-simple"},"acf":[],"aioseo_notices":[],"uagb_featured_image_src":{"full":["https:\/\/www.nenuphar.com\/wp-content\/uploads\/2026\/01\/2515.jpg",389,268,false],"thumbnail":["https:\/\/www.nenuphar.com\/wp-content\/uploads\/2026\/01\/2515-150x150.jpg",150,150,true],"medium":["https:\/\/www.nenuphar.com\/wp-content\/uploads\/2026\/01\/2515-300x207.jpg",300,207,true],"medium_large":["https:\/\/www.nenuphar.com\/wp-content\/uploads\/2026\/01\/2515.jpg",389,268,false],"large":["https:\/\/www.nenuphar.com\/wp-content\/uploads\/2026\/01\/2515.jpg",389,268,false],"1536x1536":["https:\/\/www.nenuphar.com\/wp-content\/uploads\/2026\/01\/2515.jpg",389,268,false],"2048x2048":["https:\/\/www.nenuphar.com\/wp-content\/uploads\/2026\/01\/2515.jpg",389,268,false],"trp-custom-language-flag":["https:\/\/www.nenuphar.com\/wp-content\/uploads\/2026\/01\/2515.jpg",18,12,false],"woocommerce_thumbnail":["https:\/\/www.nenuphar.com\/wp-content\/uploads\/2026\/01\/2515-300x268.jpg",300,268,true],"woocommerce_single":["https:\/\/www.nenuphar.com\/wp-content\/uploads\/2026\/01\/2515.jpg",389,268,false],"woocommerce_gallery_thumbnail":["https:\/\/www.nenuphar.com\/wp-content\/uploads\/2026\/01\/2515-100x100.jpg",100,100,true]},"uagb_author_info":{"display_name":"Karine","author_link":"https:\/\/www.nenuphar.com\/en\/author\/"},"uagb_comment_info":0,"uagb_excerpt":"Bague en nylon Diam\u00e8tre int\u00e9rieur : 47 mm Diam\u00e8tre ext\u00e9rieur: 53 mm Fixation sur l&rsquo;\u00e9tembrai par 3 vis diam\u00e8tre 4 mm t\u00eate frais\u00e9e.","_links":{"self":[{"href":"https:\/\/www.nenuphar.com\/en\/wp-json\/wp\/v2\/product\/4615","targetHints":{"allow":["GET"]}}],"collection":[{"href":"https:\/\/www.nenuphar.com\/en\/wp-json\/wp\/v2\/product"}],"about":[{"href":"https:\/\/www.nenuphar.com\/en\/wp-json\/wp\/v2\/types\/product"}],"wp:featuredmedia":[{"embeddable":true,"href":"https:\/\/www.nenuphar.com\/en\/wp-json\/wp\/v2\/media\/4633"}],"wp:attachment":[{"href":"https:\/\/www.nenuphar.com\/en\/wp-json\/wp\/v2\/media?parent=4615"}],"wp:term":[{"taxonomy":"product_brand","embeddable":true,"href":"https:\/\/www.nenuphar.com\/en\/wp-json\/wp\/v2\/product_brand?post=4615"},{"taxonomy":"product_cat","embeddable":true,"href":"https:\/\/www.nenuphar.com\/en\/wp-json\/wp\/v2\/product_cat?post=4615"},{"taxonomy":"product_tag","embeddable":true,"href":"https:\/\/www.nenuphar.com\/en\/wp-json\/wp\/v2\/product_tag?post=4615"}],"curies":[{"name":"wp","href":"https:\/\/api.w.org\/{rel}","templated":true}]}}