{"id":463,"date":"2026-01-04T13:52:38","date_gmt":"2026-01-04T13:52:38","guid":{"rendered":"https:\/\/nen.kmkoncept.fr\/?post_type=product&#038;p=463"},"modified":"2026-04-28T07:27:52","modified_gmt":"2026-04-28T07:27:52","slug":"gd-voile-buzz-compatible","status":"publish","type":"product","link":"https:\/\/www.nenuphar.com\/en\/shop\/navigation\/voiles\/catamarans\/gd-voile-buzz-compatible\/","title":{"rendered":"BUZZ SCHOOL NENUPHAR DACRON MAINSAIL"},"content":{"rendered":"<p>Grand voile compatible pour Buzz. En dacron. Pour utilisation loisirs ou \u00e9cole.<\/p>\n<p>White Dacron<\/p>\n<p>Renforts, goussets et galons noirs.<\/p>\n<p>Livr\u00e9 sans sac ni latte.<\/p>\n<p>Sac et lattes sont \u00e0 commander s\u00e9par\u00e9ment si n\u00e9cessaire.<\/p>","protected":false},"excerpt":{"rendered":"<p>Buzz compatible dacron mainsail for school or leisure.<\/p>","protected":false},"featured_media":18034,"template":"","meta":{"_acf_changed":false,"_uag_custom_page_level_css":""},"product_brand":[430],"product_cat":[63],"product_tag":[],"class_list":{"0":"post-463","1":"product","2":"type-product","3":"status-publish","4":"has-post-thumbnail","6":"product_brand-nenuphar","7":"product_cat-catamarans","9":"first","10":"onbackorder","11":"taxable","12":"shipping-taxable","13":"purchasable","14":"product-type-simple"},"acf":[],"aioseo_notices":[],"uagb_featured_image_src":{"full":["https:\/\/www.nenuphar.com\/wp-content\/uploads\/2026\/01\/5635.jpg",1536,2048,false],"thumbnail":["https:\/\/www.nenuphar.com\/wp-content\/uploads\/2026\/01\/5635-150x150.jpg",150,150,true],"medium":["https:\/\/www.nenuphar.com\/wp-content\/uploads\/2026\/01\/5635-225x300.jpg",225,300,true],"medium_large":["https:\/\/www.nenuphar.com\/wp-content\/uploads\/2026\/01\/5635-768x1024.jpg",768,1024,true],"large":["https:\/\/www.nenuphar.com\/wp-content\/uploads\/2026\/01\/5635-768x1024.jpg",768,1024,true],"1536x1536":["https:\/\/www.nenuphar.com\/wp-content\/uploads\/2026\/01\/5635-1152x1536.jpg",1152,1536,true],"2048x2048":["https:\/\/www.nenuphar.com\/wp-content\/uploads\/2026\/01\/5635.jpg",1536,2048,false],"trp-custom-language-flag":["https:\/\/www.nenuphar.com\/wp-content\/uploads\/2026\/01\/5635-9x12.jpg",9,12,true],"woocommerce_thumbnail":["https:\/\/www.nenuphar.com\/wp-content\/uploads\/2026\/01\/5635-300x300.jpg",300,300,true],"woocommerce_single":["https:\/\/www.nenuphar.com\/wp-content\/uploads\/2026\/01\/5635-600x800.jpg",600,800,true],"woocommerce_gallery_thumbnail":["https:\/\/www.nenuphar.com\/wp-content\/uploads\/2026\/01\/5635-100x100.jpg",100,100,true]},"uagb_author_info":{"display_name":"Karine","author_link":"https:\/\/www.nenuphar.com\/en\/author\/"},"uagb_comment_info":0,"uagb_excerpt":"Grand voile compatible pour Buzz. En dacron. Pour utilisation loisirs ou \u00e9cole. Dacron blanc, Renforts, goussets et galons noirs. Livr\u00e9 sans sac ni latte. Sac et lattes sont \u00e0 commander s\u00e9par\u00e9ment si n\u00e9cessaire.","_links":{"self":[{"href":"https:\/\/www.nenuphar.com\/en\/wp-json\/wp\/v2\/product\/463","targetHints":{"allow":["GET"]}}],"collection":[{"href":"https:\/\/www.nenuphar.com\/en\/wp-json\/wp\/v2\/product"}],"about":[{"href":"https:\/\/www.nenuphar.com\/en\/wp-json\/wp\/v2\/types\/product"}],"wp:featuredmedia":[{"embeddable":true,"href":"https:\/\/www.nenuphar.com\/en\/wp-json\/wp\/v2\/media\/18034"}],"wp:attachment":[{"href":"https:\/\/www.nenuphar.com\/en\/wp-json\/wp\/v2\/media?parent=463"}],"wp:term":[{"taxonomy":"product_brand","embeddable":true,"href":"https:\/\/www.nenuphar.com\/en\/wp-json\/wp\/v2\/product_brand?post=463"},{"taxonomy":"product_cat","embeddable":true,"href":"https:\/\/www.nenuphar.com\/en\/wp-json\/wp\/v2\/product_cat?post=463"},{"taxonomy":"product_tag","embeddable":true,"href":"https:\/\/www.nenuphar.com\/en\/wp-json\/wp\/v2\/product_tag?post=463"}],"curies":[{"name":"wp","href":"https:\/\/api.w.org\/{rel}","templated":true}]}}