{"id":4636,"date":"2026-01-06T15:48:09","date_gmt":"2026-01-06T15:48:09","guid":{"rendered":"https:\/\/nen.kmkoncept.fr\/?post_type=product&#038;p=4636"},"modified":"2026-04-28T07:29:31","modified_gmt":"2026-04-28T07:29:31","slug":"mat-optimist-standard-accastille","status":"publish","type":"product","link":"https:\/\/www.nenuphar.com\/en\/shop\/navigation\/mats\/mats-complets\/mat-optimist-standard-accastille\/","title":{"rendered":"Standard Optimist Mast \u2013 Fitted with Hardware"},"content":{"rendered":"<p>Standard Optimist \/ School Mast \u2013 Fitted with Hardware<\/p>\n<p>Colorless anodized<\/p>\n<p>Tube fitted with top and bottom mast caps,<\/p>\n<p>Gooseneck fitting and sprit outhaul pulley,<\/p>\n<p>V-shaped stainless steel cleats for vang and sprit outhaul.<\/p>\n<p>Optional: reinforced mast base cap can be installed.<\/p>","protected":false},"excerpt":{"rendered":"<p>M\u00e2t optimist standard\/\u00e9cole accastill\u00e9. Anodis\u00e9 incolore. Tube mont\u00e9 avec bouchons haut et bas de m\u00e2t, Pontet et poulie d&rsquo;\u00e9tarquage de livarde, Bloqueurs inox en \u00ab\u00a0V\u00a0\u00bb pour hale-bas et \u00e9tarquage livarde. Possibilit\u00e9 en option de faire monter un bouchon de bas de m\u00e2t renforc\u00e9.<\/p>","protected":false},"featured_media":4652,"template":"","meta":{"_acf_changed":false,"_uag_custom_page_level_css":""},"product_brand":[430],"product_cat":[24,68,17,210],"product_tag":[502],"class_list":{"0":"post-4636","1":"product","2":"type-product","3":"status-publish","4":"has-post-thumbnail","6":"product_brand-nenuphar","7":"product_cat-mats","8":"product_cat-mats-complets","9":"product_cat-navigation","10":"product_cat-optimist-deriveurs","11":"product_tag-optimist","12":"product_shipping_class-schenker","14":"first","15":"onbackorder","16":"taxable","17":"shipping-taxable","18":"purchasable","19":"product-type-simple"},"acf":[],"aioseo_notices":[],"uagb_featured_image_src":{"full":["https:\/\/www.nenuphar.com\/wp-content\/uploads\/2026\/01\/5583-scaled.jpg",1619,2560,false],"thumbnail":["https:\/\/www.nenuphar.com\/wp-content\/uploads\/2026\/01\/5583-150x150.jpg",150,150,true],"medium":["https:\/\/www.nenuphar.com\/wp-content\/uploads\/2026\/01\/5583-190x300.jpg",190,300,true],"medium_large":["https:\/\/www.nenuphar.com\/wp-content\/uploads\/2026\/01\/5583-768x1215.jpg",768,1215,true],"large":["https:\/\/www.nenuphar.com\/wp-content\/uploads\/2026\/01\/5583-647x1024.jpg",647,1024,true],"1536x1536":["https:\/\/www.nenuphar.com\/wp-content\/uploads\/2026\/01\/5583-971x1536.jpg",971,1536,true],"2048x2048":["https:\/\/www.nenuphar.com\/wp-content\/uploads\/2026\/01\/5583-1295x2048.jpg",1295,2048,true],"trp-custom-language-flag":["https:\/\/www.nenuphar.com\/wp-content\/uploads\/2026\/01\/5583-scaled.jpg",8,12,false],"woocommerce_thumbnail":["https:\/\/www.nenuphar.com\/wp-content\/uploads\/2026\/01\/5583-300x300.jpg",300,300,true],"woocommerce_single":["https:\/\/www.nenuphar.com\/wp-content\/uploads\/2026\/01\/5583-600x949.jpg",600,949,true],"woocommerce_gallery_thumbnail":["https:\/\/www.nenuphar.com\/wp-content\/uploads\/2026\/01\/5583-100x100.jpg",100,100,true]},"uagb_author_info":{"display_name":"Karine","author_link":"https:\/\/www.nenuphar.com\/en\/author\/"},"uagb_comment_info":0,"uagb_excerpt":"M\u00e2t optimist standard\/\u00e9cole accastill\u00e9. Anodis\u00e9 incolore. Tube mont\u00e9 avec bouchons haut et bas de m\u00e2t, Pontet et poulie d&rsquo;\u00e9tarquage de livarde, Bloqueurs inox en \u00ab\u00a0V\u00a0\u00bb pour hale-bas et \u00e9tarquage livarde. Possibilit\u00e9 en option de faire monter un bouchon de bas de m\u00e2t renforc\u00e9.","_links":{"self":[{"href":"https:\/\/www.nenuphar.com\/en\/wp-json\/wp\/v2\/product\/4636","targetHints":{"allow":["GET"]}}],"collection":[{"href":"https:\/\/www.nenuphar.com\/en\/wp-json\/wp\/v2\/product"}],"about":[{"href":"https:\/\/www.nenuphar.com\/en\/wp-json\/wp\/v2\/types\/product"}],"wp:featuredmedia":[{"embeddable":true,"href":"https:\/\/www.nenuphar.com\/en\/wp-json\/wp\/v2\/media\/4652"}],"wp:attachment":[{"href":"https:\/\/www.nenuphar.com\/en\/wp-json\/wp\/v2\/media?parent=4636"}],"wp:term":[{"taxonomy":"product_brand","embeddable":true,"href":"https:\/\/www.nenuphar.com\/en\/wp-json\/wp\/v2\/product_brand?post=4636"},{"taxonomy":"product_cat","embeddable":true,"href":"https:\/\/www.nenuphar.com\/en\/wp-json\/wp\/v2\/product_cat?post=4636"},{"taxonomy":"product_tag","embeddable":true,"href":"https:\/\/www.nenuphar.com\/en\/wp-json\/wp\/v2\/product_tag?post=4636"}],"curies":[{"name":"wp","href":"https:\/\/api.w.org\/{rel}","templated":true}]}}