{"id":4637,"date":"2026-01-06T15:48:09","date_gmt":"2026-01-06T15:48:09","guid":{"rendered":"https:\/\/nen.kmkoncept.fr\/?post_type=product&#038;p=4637"},"modified":"2026-04-28T14:31:16","modified_gmt":"2026-04-28T14:31:16","slug":"tube-anodise-mat-bome-livarde","status":"publish","type":"product","link":"https:\/\/www.nenuphar.com\/en\/shop\/series\/deriveurs\/optimist-deriveurs\/tube-anodise-mat-bome-livarde\/","title":{"rendered":"TUBE ONLY ANODIZED"},"content":{"rendered":"<p>Tube seul pour les gr\u00e9ements d&rsquo;Optimist<\/p>\n<table style=\"height: 78px;\" width=\"483\">\n<tbody>\n<tr>\n<td><\/td>\n<td style=\"text-align: center;\"><strong>Diam\u00e8tre<\/strong><\/td>\n<td style=\"text-align: center;\"><strong>Longueur<\/strong><\/td>\n<td style=\"text-align: center;\"><strong>R\u00e9f\u00e9rence<\/strong><\/td>\n<\/tr>\n<tr>\n<td>M\u00e2t<\/td>\n<td style=\"text-align: center;\">45 mm<\/td>\n<td style=\"text-align: center;\">2345 mm<\/td>\n<td style=\"text-align: center;\">722S<\/td>\n<\/tr>\n<tr>\n<td>B\u00f4me<\/td>\n<td style=\"text-align: center;\">38 mm<\/td>\n<td style=\"text-align: center;\">2010 mm<\/td>\n<td style=\"text-align: center;\">723S<\/td>\n<\/tr>\n<tr>\n<td>Livarde<\/td>\n<td style=\"text-align: center;\">25 mm<\/td>\n<td style=\"text-align: center;\">2260 mm<\/td>\n<td style=\"text-align: center;\">724S<\/td>\n<\/tr>\n<\/tbody>\n<\/table>","protected":false},"excerpt":{"rendered":"<p>Tube seul pour les gr\u00e9ements d&rsquo;Optimist Diam\u00e8tre Longueur R\u00e9f\u00e9rence M\u00e2t 45 mm 2345 mm 722S B\u00f4me 38 mm 2010 mm 723S Livarde 25 mm 2260 mm 724S<\/p>","protected":false},"featured_media":4656,"template":"","meta":{"_acf_changed":false,"_uag_custom_page_level_css":""},"product_brand":[430],"product_cat":[24,17,210,72],"product_tag":[],"class_list":{"0":"post-4637","1":"product","2":"type-product","3":"status-publish","4":"has-post-thumbnail","6":"product_brand-nenuphar","7":"product_cat-mats","8":"product_cat-navigation","9":"product_cat-optimist-deriveurs","10":"product_cat-tubes-alu","11":"product_shipping_class-schenker","13":"first","14":"onbackorder","15":"taxable","16":"shipping-taxable","17":"purchasable","18":"product-type-variable"},"acf":[],"aioseo_notices":[],"uagb_featured_image_src":{"full":["https:\/\/www.nenuphar.com\/wp-content\/uploads\/2026\/01\/1627.jpg",400,44,false],"thumbnail":["https:\/\/www.nenuphar.com\/wp-content\/uploads\/2026\/01\/1627-150x44.jpg",150,44,true],"medium":["https:\/\/www.nenuphar.com\/wp-content\/uploads\/2026\/01\/1627-300x33.jpg",300,33,true],"medium_large":["https:\/\/www.nenuphar.com\/wp-content\/uploads\/2026\/01\/1627.jpg",400,44,false],"large":["https:\/\/www.nenuphar.com\/wp-content\/uploads\/2026\/01\/1627.jpg",400,44,false],"1536x1536":["https:\/\/www.nenuphar.com\/wp-content\/uploads\/2026\/01\/1627.jpg",400,44,false],"2048x2048":["https:\/\/www.nenuphar.com\/wp-content\/uploads\/2026\/01\/1627.jpg",400,44,false],"trp-custom-language-flag":["https:\/\/www.nenuphar.com\/wp-content\/uploads\/2026\/01\/1627.jpg",18,2,false],"woocommerce_thumbnail":["https:\/\/www.nenuphar.com\/wp-content\/uploads\/2026\/01\/1627-300x44.jpg",300,44,true],"woocommerce_single":["https:\/\/www.nenuphar.com\/wp-content\/uploads\/2026\/01\/1627.jpg",400,44,false],"woocommerce_gallery_thumbnail":["https:\/\/www.nenuphar.com\/wp-content\/uploads\/2026\/01\/1627-100x44.jpg",100,44,true]},"uagb_author_info":{"display_name":"Karine","author_link":"https:\/\/www.nenuphar.com\/en\/author\/"},"uagb_comment_info":0,"uagb_excerpt":"Tube seul pour les gr\u00e9ements d&rsquo;Optimist Diam\u00e8tre Longueur R\u00e9f\u00e9rence M\u00e2t 45 mm 2345 mm 722S B\u00f4me 38 mm 2010 mm 723S Livarde 25 mm 2260 mm 724S","_links":{"self":[{"href":"https:\/\/www.nenuphar.com\/en\/wp-json\/wp\/v2\/product\/4637","targetHints":{"allow":["GET"]}}],"collection":[{"href":"https:\/\/www.nenuphar.com\/en\/wp-json\/wp\/v2\/product"}],"about":[{"href":"https:\/\/www.nenuphar.com\/en\/wp-json\/wp\/v2\/types\/product"}],"wp:featuredmedia":[{"embeddable":true,"href":"https:\/\/www.nenuphar.com\/en\/wp-json\/wp\/v2\/media\/4656"}],"wp:attachment":[{"href":"https:\/\/www.nenuphar.com\/en\/wp-json\/wp\/v2\/media?parent=4637"}],"wp:term":[{"taxonomy":"product_brand","embeddable":true,"href":"https:\/\/www.nenuphar.com\/en\/wp-json\/wp\/v2\/product_brand?post=4637"},{"taxonomy":"product_cat","embeddable":true,"href":"https:\/\/www.nenuphar.com\/en\/wp-json\/wp\/v2\/product_cat?post=4637"},{"taxonomy":"product_tag","embeddable":true,"href":"https:\/\/www.nenuphar.com\/en\/wp-json\/wp\/v2\/product_tag?post=4637"}],"curies":[{"name":"wp","href":"https:\/\/api.w.org\/{rel}","templated":true}]}}