{"id":464,"date":"2026-01-04T13:52:38","date_gmt":"2026-01-04T13:52:38","guid":{"rendered":"https:\/\/nen.kmkoncept.fr\/?post_type=product&#038;p=464"},"modified":"2026-04-28T07:27:54","modified_gmt":"2026-04-28T07:27:54","slug":"gd-voile-490-entrainement","status":"publish","type":"product","link":"https:\/\/www.nenuphar.com\/en\/shop\/series\/deriveurs\/490\/gd-voile-490-entrainement\/","title":{"rendered":"490 MAINSAIL"},"content":{"rendered":"<p>Grand voile pour 490 en Dacron 210 g\/m\u00b2<\/p>\n<p>Voile \u00e0 la jauge 490.<\/p>\n<p>Logo 490 pos\u00e9.<\/p>\n<\/p>\n<p>Options \u00e0 commander s\u00e9par\u00e9ment (non fourni en standard):<\/p>\n<p>&#8211; Jeu de lattes<\/p>\n<p>&#8211; Sac \u00e0 voile choisir d\u00e9clinaison longueur 2m80<\/p>\n<p>&#8211; Option fen\u00eatre<\/p>\n<p>&#8211; num\u00e9ros de voile<\/p>\n<p>&#8211; pose \u00e9ventuelle des num\u00e9ros..<\/p>\n<\/p>\n<p>Livraison offerte France m\u00e9tropolitaine voile pli\u00e9e. Suppl\u00e9ment pour livraison voile roul\u00e9e: nous consulter.<\/p><\/p>","protected":false},"excerpt":{"rendered":"<p>Grand voile pour 490 en Dacron 210 g\/m\u00b2 Voile \u00e0 la jauge 490. Logo 490 pos\u00e9. Options \u00e0 commander s\u00e9par\u00e9ment (non fourni en standard): &#8211; Jeu de lattes &#8211; Sac \u00e0 voile choisir d\u00e9clinaison longueur 2m80 &#8211; Option fen\u00eatre &#8211; num\u00e9ros de voile &#8211; pose \u00e9ventuelle des num\u00e9ros.. Livraison offerte France m\u00e9tropolitaine voile pli\u00e9e. Suppl\u00e9ment [&hellip;]<\/p>\n","protected":false},"featured_media":7222,"template":"","meta":{"_acf_changed":false,"_uag_custom_page_level_css":""},"product_brand":[430],"product_cat":[190,63],"product_tag":[436],"class_list":{"0":"post-464","1":"product","2":"type-product","3":"status-publish","4":"has-post-thumbnail","6":"product_brand-nenuphar","7":"product_cat-190","8":"product_cat-catamarans","9":"product_tag-436","11":"first","12":"onbackorder","13":"taxable","14":"shipping-taxable","15":"purchasable","16":"product-type-simple"},"acf":[],"aioseo_notices":[],"uagb_featured_image_src":{"full":["https:\/\/www.nenuphar.com\/wp-content\/uploads\/2026\/02\/1553.jpg",400,348,false],"thumbnail":["https:\/\/www.nenuphar.com\/wp-content\/uploads\/2026\/02\/1553-150x150.jpg",150,150,true],"medium":["https:\/\/www.nenuphar.com\/wp-content\/uploads\/2026\/02\/1553-300x261.jpg",300,261,true],"medium_large":["https:\/\/www.nenuphar.com\/wp-content\/uploads\/2026\/02\/1553.jpg",400,348,false],"large":["https:\/\/www.nenuphar.com\/wp-content\/uploads\/2026\/02\/1553.jpg",400,348,false],"1536x1536":["https:\/\/www.nenuphar.com\/wp-content\/uploads\/2026\/02\/1553.jpg",400,348,false],"2048x2048":["https:\/\/www.nenuphar.com\/wp-content\/uploads\/2026\/02\/1553.jpg",400,348,false],"trp-custom-language-flag":["https:\/\/www.nenuphar.com\/wp-content\/uploads\/2026\/02\/1553-14x12.jpg",14,12,true],"woocommerce_thumbnail":["https:\/\/www.nenuphar.com\/wp-content\/uploads\/2026\/02\/1553-300x300.jpg",300,300,true],"woocommerce_single":["https:\/\/www.nenuphar.com\/wp-content\/uploads\/2026\/02\/1553.jpg",400,348,false],"woocommerce_gallery_thumbnail":["https:\/\/www.nenuphar.com\/wp-content\/uploads\/2026\/02\/1553-100x100.jpg",100,100,true]},"uagb_author_info":{"display_name":"Karine","author_link":"https:\/\/www.nenuphar.com\/en\/author\/"},"uagb_comment_info":0,"uagb_excerpt":"Grand voile pour 490 en Dacron 210 g\/m\u00b2 Voile \u00e0 la jauge 490. Logo 490 pos\u00e9. Options \u00e0 commander s\u00e9par\u00e9ment (non fourni en standard): &#8211; Jeu de lattes &#8211; Sac \u00e0 voile choisir d\u00e9clinaison longueur 2m80 &#8211; Option fen\u00eatre &#8211; num\u00e9ros de voile &#8211; pose \u00e9ventuelle des num\u00e9ros.. Livraison offerte France m\u00e9tropolitaine voile pli\u00e9e. Suppl\u00e9ment&hellip;","_links":{"self":[{"href":"https:\/\/www.nenuphar.com\/en\/wp-json\/wp\/v2\/product\/464","targetHints":{"allow":["GET"]}}],"collection":[{"href":"https:\/\/www.nenuphar.com\/en\/wp-json\/wp\/v2\/product"}],"about":[{"href":"https:\/\/www.nenuphar.com\/en\/wp-json\/wp\/v2\/types\/product"}],"wp:featuredmedia":[{"embeddable":true,"href":"https:\/\/www.nenuphar.com\/en\/wp-json\/wp\/v2\/media\/7222"}],"wp:attachment":[{"href":"https:\/\/www.nenuphar.com\/en\/wp-json\/wp\/v2\/media?parent=464"}],"wp:term":[{"taxonomy":"product_brand","embeddable":true,"href":"https:\/\/www.nenuphar.com\/en\/wp-json\/wp\/v2\/product_brand?post=464"},{"taxonomy":"product_cat","embeddable":true,"href":"https:\/\/www.nenuphar.com\/en\/wp-json\/wp\/v2\/product_cat?post=464"},{"taxonomy":"product_tag","embeddable":true,"href":"https:\/\/www.nenuphar.com\/en\/wp-json\/wp\/v2\/product_tag?post=464"}],"curies":[{"name":"wp","href":"https:\/\/api.w.org\/{rel}","templated":true}]}}