{"id":4646,"date":"2026-01-06T15:48:10","date_gmt":"2026-01-06T15:48:10","guid":{"rendered":"https:\/\/nen.kmkoncept.fr\/?post_type=product&#038;p=4646"},"modified":"2026-04-28T07:29:42","modified_gmt":"2026-04-28T07:29:42","slug":"bome-opti-accastillee-ecole-sport","status":"publish","type":"product","link":"https:\/\/www.nenuphar.com\/en\/shop\/navigation\/mats\/bomes\/bome-opti-accastillee-ecole-sport\/","title":{"rendered":"Optimist Boom \u2013 Fitted for School \/ Sport"},"content":{"rendered":"<p>Optimist regatta boom. To learn racing<\/p>","protected":false},"excerpt":{"rendered":"<p>Optimist regatta boom. To learn racing<\/p>","protected":false},"featured_media":0,"template":"","meta":{"_acf_changed":false,"_uag_custom_page_level_css":""},"product_brand":[430],"product_cat":[69,24,17,973],"product_tag":[],"class_list":{"0":"post-4646","1":"product","2":"type-product","3":"status-publish","5":"product_brand-nenuphar","6":"product_cat-bomes","7":"product_cat-mats","8":"product_cat-navigation","9":"product_cat-open-skiff-open-bic-deriveurs","10":"product_shipping_class-schenker","12":"first","13":"instock","14":"taxable","15":"shipping-taxable","16":"purchasable","17":"product-type-simple"},"acf":[],"aioseo_notices":[],"uagb_featured_image_src":{"full":false,"thumbnail":false,"medium":false,"medium_large":false,"large":false,"1536x1536":false,"2048x2048":false,"trp-custom-language-flag":false,"woocommerce_thumbnail":false,"woocommerce_single":false,"woocommerce_gallery_thumbnail":false},"uagb_author_info":{"display_name":"Karine","author_link":"https:\/\/www.nenuphar.com\/en\/author\/"},"uagb_comment_info":0,"uagb_excerpt":"B\u00f4me accastill\u00e9e \u00e9cole de sport. Fabriqu\u00e9 en France.","_links":{"self":[{"href":"https:\/\/www.nenuphar.com\/en\/wp-json\/wp\/v2\/product\/4646","targetHints":{"allow":["GET"]}}],"collection":[{"href":"https:\/\/www.nenuphar.com\/en\/wp-json\/wp\/v2\/product"}],"about":[{"href":"https:\/\/www.nenuphar.com\/en\/wp-json\/wp\/v2\/types\/product"}],"wp:attachment":[{"href":"https:\/\/www.nenuphar.com\/en\/wp-json\/wp\/v2\/media?parent=4646"}],"wp:term":[{"taxonomy":"product_brand","embeddable":true,"href":"https:\/\/www.nenuphar.com\/en\/wp-json\/wp\/v2\/product_brand?post=4646"},{"taxonomy":"product_cat","embeddable":true,"href":"https:\/\/www.nenuphar.com\/en\/wp-json\/wp\/v2\/product_cat?post=4646"},{"taxonomy":"product_tag","embeddable":true,"href":"https:\/\/www.nenuphar.com\/en\/wp-json\/wp\/v2\/product_tag?post=4646"}],"curies":[{"name":"wp","href":"https:\/\/api.w.org\/{rel}","templated":true}]}}