{"id":4649,"date":"2026-01-06T15:48:10","date_gmt":"2026-01-06T15:48:10","guid":{"rendered":"https:\/\/nen.kmkoncept.fr\/?post_type=product&#038;p=4649"},"modified":"2026-04-28T07:29:46","modified_gmt":"2026-04-28T07:29:46","slug":"bome-opti-oversize-optimax-mk4-d45mm","status":"publish","type":"product","link":"https:\/\/www.nenuphar.com\/en\/shop\/navigation\/mats\/bomes\/bome-opti-oversize-optimax-mk4-d45mm\/","title":{"rendered":"BOME OPTI OVERSIZE OPTIMAX &#8211; MK4 D45MM"},"content":{"rendered":"<p><div class=\"field field-name-body field-type-text-with-summary field-label-hidden\"> <div class=\"field-items\"> <div class=\"field-item even\"> <span>The Optimax MkIV Spars were new in 2007. They have already one a World Title with Chris Steele at the Sardinia Worlds 2007. The MK4 boom is 45 mm giving a little extra stiffness and power to the heavier sailors.\u00a0<\/span><br \/><br \/><br \/> <\/div> <\/div> <\/div><\/p>","protected":false},"excerpt":{"rendered":"<p><div class=\"field field-name-body field-type-text-with-summary field-label-hidden\"> <div class=\"field-items\"> <div class=\"field-item even\"> <span>The Optimax MkIV Spars were new in 2007. They have already one a World Title with Chris Steele at the Sardinia Worlds 2007. The MK4 boom is 45 mm giving a little extra stiffness and power to the heavier sailors.\u00a0<\/span><br \/><br \/><br \/> <\/div> <\/div> <\/div><\/p>","protected":false},"featured_media":4674,"template":"","meta":{"_acf_changed":false,"_uag_custom_page_level_css":""},"product_brand":[459],"product_cat":[69,24,17,210],"product_tag":[],"class_list":{"0":"post-4649","1":"product","2":"type-product","3":"status-publish","4":"has-post-thumbnail","6":"product_brand-optimax","7":"product_cat-bomes","8":"product_cat-mats","9":"product_cat-navigation","10":"product_cat-optimist-deriveurs","11":"product_shipping_class-schenker","13":"first","14":"instock","15":"taxable","16":"shipping-taxable","17":"purchasable","18":"product-type-simple"},"acf":[],"aioseo_notices":[],"uagb_featured_image_src":{"full":["https:\/\/www.nenuphar.com\/wp-content\/uploads\/2026\/01\/4337.jpg",175,208,false],"thumbnail":["https:\/\/www.nenuphar.com\/wp-content\/uploads\/2026\/01\/4337-150x150.jpg",150,150,true],"medium":["https:\/\/www.nenuphar.com\/wp-content\/uploads\/2026\/01\/4337.jpg",175,208,false],"medium_large":["https:\/\/www.nenuphar.com\/wp-content\/uploads\/2026\/01\/4337.jpg",175,208,false],"large":["https:\/\/www.nenuphar.com\/wp-content\/uploads\/2026\/01\/4337.jpg",175,208,false],"1536x1536":["https:\/\/www.nenuphar.com\/wp-content\/uploads\/2026\/01\/4337.jpg",175,208,false],"2048x2048":["https:\/\/www.nenuphar.com\/wp-content\/uploads\/2026\/01\/4337.jpg",175,208,false],"trp-custom-language-flag":["https:\/\/www.nenuphar.com\/wp-content\/uploads\/2026\/01\/4337.jpg",10,12,false],"woocommerce_thumbnail":["https:\/\/www.nenuphar.com\/wp-content\/uploads\/2026\/01\/4337.jpg",175,208,false],"woocommerce_single":["https:\/\/www.nenuphar.com\/wp-content\/uploads\/2026\/01\/4337.jpg",175,208,false],"woocommerce_gallery_thumbnail":["https:\/\/www.nenuphar.com\/wp-content\/uploads\/2026\/01\/4337-100x100.jpg",100,100,true]},"uagb_author_info":{"display_name":"Karine","author_link":"https:\/\/www.nenuphar.com\/en\/author\/"},"uagb_comment_info":0,"uagb_excerpt":"Bome gros diam\u00e8tre pour plus de rigidit\u00e9, \u00e0 utiliser par les grands gabarits.","_links":{"self":[{"href":"https:\/\/www.nenuphar.com\/en\/wp-json\/wp\/v2\/product\/4649","targetHints":{"allow":["GET"]}}],"collection":[{"href":"https:\/\/www.nenuphar.com\/en\/wp-json\/wp\/v2\/product"}],"about":[{"href":"https:\/\/www.nenuphar.com\/en\/wp-json\/wp\/v2\/types\/product"}],"wp:featuredmedia":[{"embeddable":true,"href":"https:\/\/www.nenuphar.com\/en\/wp-json\/wp\/v2\/media\/4674"}],"wp:attachment":[{"href":"https:\/\/www.nenuphar.com\/en\/wp-json\/wp\/v2\/media?parent=4649"}],"wp:term":[{"taxonomy":"product_brand","embeddable":true,"href":"https:\/\/www.nenuphar.com\/en\/wp-json\/wp\/v2\/product_brand?post=4649"},{"taxonomy":"product_cat","embeddable":true,"href":"https:\/\/www.nenuphar.com\/en\/wp-json\/wp\/v2\/product_cat?post=4649"},{"taxonomy":"product_tag","embeddable":true,"href":"https:\/\/www.nenuphar.com\/en\/wp-json\/wp\/v2\/product_tag?post=4649"}],"curies":[{"name":"wp","href":"https:\/\/api.w.org\/{rel}","templated":true}]}}