{"id":468,"date":"2026-01-04T13:52:42","date_gmt":"2026-01-04T13:52:42","guid":{"rendered":"https:\/\/nen.kmkoncept.fr\/?post_type=product&#038;p=468"},"modified":"2026-04-28T07:28:36","modified_gmt":"2026-04-28T07:28:36","slug":"gd-voile-fkat-15-compatible-245-g","status":"publish","type":"product","link":"https:\/\/www.nenuphar.com\/en\/shop\/navigation\/voiles\/catamarans\/gd-voile-fkat-15-compatible-245-g\/","title":{"rendered":"CHARIOT ALU P\/NEWM360 \/SECU12 &#8211; GR 7624N- ROUE JOCKEY 7617"},"content":{"rendered":"<p>Aluminium trolley for Newmatic, big foot wheels.<\/p>","protected":false},"excerpt":{"rendered":"<p>Chariot de mise \u00e0 l&rsquo;eau aluminium grosses roues ref 7624N, roue jockey classique ref 7617.<\/p>\n<p>Treuil, 4 chandelles r\u00e9glables en hauteur et largeur, chemin de rouleaux, bascule arri\u00e8re.<\/p>\n<p>Parfaitement adapt\u00e9 pour les semi rigides jusqu&rsquo;\u00e0 3m60 et bateaux de s\u00e9curit\u00e9 type New matic 360, s\u00e9cu 12&#8230;..<\/p>\n<p>Le visuel correspond au chariot en acier galvanis\u00e9, m\u00eame produit mais en aluminium avec roues de diam\u00e8tre plus important et roue jockey simple.<\/p>","protected":false},"featured_media":0,"template":"","meta":{"_acf_changed":false,"_uag_custom_page_level_css":""},"product_brand":[430],"product_cat":[63],"product_tag":[],"class_list":{"0":"post-468","1":"product","2":"type-product","3":"status-publish","5":"product_brand-nenuphar","6":"product_cat-catamarans","7":"product_shipping_class-schenker","9":"first","10":"onbackorder","11":"taxable","12":"shipping-taxable","13":"purchasable","14":"product-type-simple"},"acf":[],"aioseo_notices":[],"uagb_featured_image_src":{"full":false,"thumbnail":false,"medium":false,"medium_large":false,"large":false,"1536x1536":false,"2048x2048":false,"trp-custom-language-flag":false,"woocommerce_thumbnail":false,"woocommerce_single":false,"woocommerce_gallery_thumbnail":false},"uagb_author_info":{"display_name":"Karine","author_link":"https:\/\/www.nenuphar.com\/en\/author\/"},"uagb_comment_info":0,"uagb_excerpt":"Chariot de mise \u00e0 l'eau aluminium grosses roues ref 7624N, roue jockey classique ref 7617. Treuil, 4 chandelles r\u00e9glables en hauteur et largeur, chemin de rouleaux, bascule arri\u00e8re. Parfaitement adapt\u00e9 pour les semi rigides jusqu'\u00e0 3m60 et bateaux de s\u00e9curit\u00e9 type New matic 360, s\u00e9cu 12..... Le visuel correspond au chariot en acier galvanis\u00e9, m\u00eame&hellip;","_links":{"self":[{"href":"https:\/\/www.nenuphar.com\/en\/wp-json\/wp\/v2\/product\/468","targetHints":{"allow":["GET"]}}],"collection":[{"href":"https:\/\/www.nenuphar.com\/en\/wp-json\/wp\/v2\/product"}],"about":[{"href":"https:\/\/www.nenuphar.com\/en\/wp-json\/wp\/v2\/types\/product"}],"wp:attachment":[{"href":"https:\/\/www.nenuphar.com\/en\/wp-json\/wp\/v2\/media?parent=468"}],"wp:term":[{"taxonomy":"product_brand","embeddable":true,"href":"https:\/\/www.nenuphar.com\/en\/wp-json\/wp\/v2\/product_brand?post=468"},{"taxonomy":"product_cat","embeddable":true,"href":"https:\/\/www.nenuphar.com\/en\/wp-json\/wp\/v2\/product_cat?post=468"},{"taxonomy":"product_tag","embeddable":true,"href":"https:\/\/www.nenuphar.com\/en\/wp-json\/wp\/v2\/product_tag?post=468"}],"curies":[{"name":"wp","href":"https:\/\/api.w.org\/{rel}","templated":true}]}}