{"id":4683,"date":"2026-01-06T15:58:47","date_gmt":"2026-01-06T15:58:47","guid":{"rendered":"https:\/\/nen.kmkoncept.fr\/?post_type=product&#038;p=4683"},"modified":"2026-04-28T07:28:37","modified_gmt":"2026-04-28T07:28:37","slug":"bome-equipee-ronstan-complete-open-bic-open-skiff","status":"publish","type":"product","link":"https:\/\/www.nenuphar.com\/en\/shop\/navigation\/mats\/bomes\/bome-equipee-ronstan-complete-open-bic-open-skiff\/","title":{"rendered":"Complete O\u2019pen Skiff Boom \u2013 Equipped with Ronstan Fittings"},"content":{"rendered":"<p>Complete Boom for Open Skiff \/ O\u2019pen Bic with tackle and mainsheet.<\/p>","protected":false},"excerpt":{"rendered":"<p>Complete Boom for Open Skiff \/ O\u2019pen Bic with tackle and mainsheet.<\/p>","protected":false},"featured_media":4694,"template":"","meta":{"_acf_changed":false,"_uag_custom_page_level_css":""},"product_brand":[471],"product_cat":[69,24,17,973],"product_tag":[427],"class_list":{"0":"post-4683","1":"product","2":"type-product","3":"status-publish","4":"has-post-thumbnail","6":"product_brand-tahe","7":"product_cat-bomes","8":"product_cat-mats","9":"product_cat-navigation","10":"product_cat-open-skiff-open-bic-deriveurs","11":"product_tag-equipe","12":"product_shipping_class-schenker","14":"first","15":"onbackorder","16":"taxable","17":"shipping-taxable","18":"purchasable","19":"product-type-simple"},"acf":[],"aioseo_notices":[],"uagb_featured_image_src":{"full":["https:\/\/www.nenuphar.com\/wp-content\/uploads\/2026\/01\/4359.jpg",800,169,false],"thumbnail":["https:\/\/www.nenuphar.com\/wp-content\/uploads\/2026\/01\/4359-150x150.jpg",150,150,true],"medium":["https:\/\/www.nenuphar.com\/wp-content\/uploads\/2026\/01\/4359-300x63.jpg",300,63,true],"medium_large":["https:\/\/www.nenuphar.com\/wp-content\/uploads\/2026\/01\/4359-768x162.jpg",768,162,true],"large":["https:\/\/www.nenuphar.com\/wp-content\/uploads\/2026\/01\/4359.jpg",800,169,false],"1536x1536":["https:\/\/www.nenuphar.com\/wp-content\/uploads\/2026\/01\/4359.jpg",800,169,false],"2048x2048":["https:\/\/www.nenuphar.com\/wp-content\/uploads\/2026\/01\/4359.jpg",800,169,false],"trp-custom-language-flag":["https:\/\/www.nenuphar.com\/wp-content\/uploads\/2026\/01\/4359.jpg",18,4,false],"woocommerce_thumbnail":["https:\/\/www.nenuphar.com\/wp-content\/uploads\/2026\/01\/4359-300x169.jpg",300,169,true],"woocommerce_single":["https:\/\/www.nenuphar.com\/wp-content\/uploads\/2026\/01\/4359-600x127.jpg",600,127,true],"woocommerce_gallery_thumbnail":["https:\/\/www.nenuphar.com\/wp-content\/uploads\/2026\/01\/4359-100x100.jpg",100,100,true]},"uagb_author_info":{"display_name":"Karine","author_link":"https:\/\/www.nenuphar.com\/en\/author\/"},"uagb_comment_info":0,"uagb_excerpt":"B\u00f4me compl\u00e8te pour Open Skiff Open Bic avec palan et \u00e9coute.","_links":{"self":[{"href":"https:\/\/www.nenuphar.com\/en\/wp-json\/wp\/v2\/product\/4683","targetHints":{"allow":["GET"]}}],"collection":[{"href":"https:\/\/www.nenuphar.com\/en\/wp-json\/wp\/v2\/product"}],"about":[{"href":"https:\/\/www.nenuphar.com\/en\/wp-json\/wp\/v2\/types\/product"}],"wp:featuredmedia":[{"embeddable":true,"href":"https:\/\/www.nenuphar.com\/en\/wp-json\/wp\/v2\/media\/4694"}],"wp:attachment":[{"href":"https:\/\/www.nenuphar.com\/en\/wp-json\/wp\/v2\/media?parent=4683"}],"wp:term":[{"taxonomy":"product_brand","embeddable":true,"href":"https:\/\/www.nenuphar.com\/en\/wp-json\/wp\/v2\/product_brand?post=4683"},{"taxonomy":"product_cat","embeddable":true,"href":"https:\/\/www.nenuphar.com\/en\/wp-json\/wp\/v2\/product_cat?post=4683"},{"taxonomy":"product_tag","embeddable":true,"href":"https:\/\/www.nenuphar.com\/en\/wp-json\/wp\/v2\/product_tag?post=4683"}],"curies":[{"name":"wp","href":"https:\/\/api.w.org\/{rel}","templated":true}]}}