{"id":469,"date":"2026-01-04T13:52:42","date_gmt":"2026-01-04T13:52:42","guid":{"rendered":"https:\/\/nen.kmkoncept.fr\/?post_type=product&#038;p=469"},"modified":"2026-04-28T07:28:36","modified_gmt":"2026-04-28T07:28:36","slug":"gd-voile-hobie-wave-compatible-245-g","status":"publish","type":"product","link":"https:\/\/www.nenuphar.com\/en\/shop\/series\/catamarans-series\/edel-cat\/hobie-wave\/gd-voile-hobie-wave-compatible-245-g\/","title":{"rendered":"SECU 12 ALUMINIUM TROLLEY"},"content":{"rendered":"<p>Aluminium trolley for Secu 12, big foot wheels.<\/p>","protected":false},"excerpt":{"rendered":"<p>Chariot aluminium avec grosses roues ref: 7647 et roue jockey classique ref 7617.<\/p>\n<p>Treuil, 4 chandelles r\u00e9glables en hauteur et largeur, chemin de rouleaux, bascule arri\u00e8re.<\/p>\n<p>Parfaitement adapt\u00e9 pour un semi rigide jusqu&rsquo;\u00e0 4m00 et pour les bateaux de s\u00e9curit\u00e9s comme le New Matic 390.<\/p>\n<p>Le visuel correspond au m\u00eame mod\u00e8le mais en acier galvanis\u00e9 avec la roue jockey ref 7618.<\/p>","protected":false},"featured_media":7197,"template":"","meta":{"_acf_changed":false,"_uag_custom_page_level_css":""},"product_brand":[430],"product_cat":[63,267],"product_tag":[534],"class_list":{"0":"post-469","1":"product","2":"type-product","3":"status-publish","4":"has-post-thumbnail","6":"product_brand-nenuphar","7":"product_cat-catamarans","8":"product_cat-hobie-wave","9":"product_tag-wave","10":"product_shipping_class-schenker","12":"first","13":"onbackorder","14":"taxable","15":"shipping-taxable","16":"purchasable","17":"product-type-simple"},"acf":[],"aioseo_notices":[],"uagb_featured_image_src":{"full":["https:\/\/www.nenuphar.com\/wp-content\/uploads\/2026\/02\/4826.jpg",400,247,false],"thumbnail":["https:\/\/www.nenuphar.com\/wp-content\/uploads\/2026\/02\/4826-150x150.jpg",150,150,true],"medium":["https:\/\/www.nenuphar.com\/wp-content\/uploads\/2026\/02\/4826-300x185.jpg",300,185,true],"medium_large":["https:\/\/www.nenuphar.com\/wp-content\/uploads\/2026\/02\/4826.jpg",400,247,false],"large":["https:\/\/www.nenuphar.com\/wp-content\/uploads\/2026\/02\/4826.jpg",400,247,false],"1536x1536":["https:\/\/www.nenuphar.com\/wp-content\/uploads\/2026\/02\/4826.jpg",400,247,false],"2048x2048":["https:\/\/www.nenuphar.com\/wp-content\/uploads\/2026\/02\/4826.jpg",400,247,false],"trp-custom-language-flag":["https:\/\/www.nenuphar.com\/wp-content\/uploads\/2026\/02\/4826-18x12.jpg",18,12,true],"woocommerce_thumbnail":["https:\/\/www.nenuphar.com\/wp-content\/uploads\/2026\/02\/4826-300x247.jpg",300,247,true],"woocommerce_single":["https:\/\/www.nenuphar.com\/wp-content\/uploads\/2026\/02\/4826.jpg",400,247,false],"woocommerce_gallery_thumbnail":["https:\/\/www.nenuphar.com\/wp-content\/uploads\/2026\/02\/4826-100x100.jpg",100,100,true]},"uagb_author_info":{"display_name":"Karine","author_link":"https:\/\/www.nenuphar.com\/en\/author\/"},"uagb_comment_info":0,"uagb_excerpt":"Chariot aluminium avec grosses roues ref: 7647 et roue jockey classique ref 7617. Treuil, 4 chandelles r\u00e9glables en hauteur et largeur, chemin de rouleaux, bascule arri\u00e8re. Parfaitement adapt\u00e9 pour un semi rigide jusqu'\u00e0 4m00 et pour les bateaux de s\u00e9curit\u00e9s comme le New Matic 390. Le visuel correspond au m\u00eame mod\u00e8le mais en acier galvanis\u00e9&hellip;","_links":{"self":[{"href":"https:\/\/www.nenuphar.com\/en\/wp-json\/wp\/v2\/product\/469","targetHints":{"allow":["GET"]}}],"collection":[{"href":"https:\/\/www.nenuphar.com\/en\/wp-json\/wp\/v2\/product"}],"about":[{"href":"https:\/\/www.nenuphar.com\/en\/wp-json\/wp\/v2\/types\/product"}],"wp:featuredmedia":[{"embeddable":true,"href":"https:\/\/www.nenuphar.com\/en\/wp-json\/wp\/v2\/media\/7197"}],"wp:attachment":[{"href":"https:\/\/www.nenuphar.com\/en\/wp-json\/wp\/v2\/media?parent=469"}],"wp:term":[{"taxonomy":"product_brand","embeddable":true,"href":"https:\/\/www.nenuphar.com\/en\/wp-json\/wp\/v2\/product_brand?post=469"},{"taxonomy":"product_cat","embeddable":true,"href":"https:\/\/www.nenuphar.com\/en\/wp-json\/wp\/v2\/product_cat?post=469"},{"taxonomy":"product_tag","embeddable":true,"href":"https:\/\/www.nenuphar.com\/en\/wp-json\/wp\/v2\/product_tag?post=469"}],"curies":[{"name":"wp","href":"https:\/\/api.w.org\/{rel}","templated":true}]}}