{"id":4690,"date":"2026-01-06T15:58:48","date_gmt":"2026-01-06T15:58:48","guid":{"rendered":"https:\/\/nen.kmkoncept.fr\/?post_type=product&#038;p=4690"},"modified":"2026-04-28T07:29:18","modified_gmt":"2026-04-28T07:29:18","slug":"bague-adaptation-mat-optimist-open-skiff","status":"publish","type":"product","link":"https:\/\/www.nenuphar.com\/en\/shop\/series\/deriveurs\/open-skiff-open-bic-deriveurs\/bague-adaptation-mat-optimist-open-skiff\/","title":{"rendered":"Mast adapter ring for Optimist \u2013 Open Skiff \/ Open Bic."},"content":{"rendered":"<p>This ring allows you to rig your Open Skiff with an Optimist sail instead of the original rig.<\/p>\n<p>Rig not included.<\/p>","protected":false},"excerpt":{"rendered":"<p>Cette bague permet de gr\u00e9er votre Open Skiff avec un gr\u00e9ement d&rsquo;optimist \u00e0 la place du gr\u00e9ement d&rsquo;origine. Gr\u00e9ement non fourni.<\/p>","protected":false},"featured_media":4702,"template":"","meta":{"_acf_changed":false,"_uag_custom_page_level_css":""},"product_brand":[471],"product_cat":[24,17,973,74],"product_tag":[502],"class_list":{"0":"post-4690","1":"product","2":"type-product","3":"status-publish","4":"has-post-thumbnail","6":"product_brand-tahe","7":"product_cat-mats","8":"product_cat-navigation","9":"product_cat-open-skiff-open-bic-deriveurs","10":"product_cat-pieces-de-mat","11":"product_tag-optimist","13":"first","14":"onbackorder","15":"taxable","16":"shipping-taxable","17":"purchasable","18":"product-type-simple"},"acf":[],"aioseo_notices":[],"uagb_featured_image_src":{"full":["https:\/\/www.nenuphar.com\/wp-content\/uploads\/2026\/01\/2918.jpg",429,566,false],"thumbnail":["https:\/\/www.nenuphar.com\/wp-content\/uploads\/2026\/01\/2918-150x150.jpg",150,150,true],"medium":["https:\/\/www.nenuphar.com\/wp-content\/uploads\/2026\/01\/2918-227x300.jpg",227,300,true],"medium_large":["https:\/\/www.nenuphar.com\/wp-content\/uploads\/2026\/01\/2918.jpg",429,566,false],"large":["https:\/\/www.nenuphar.com\/wp-content\/uploads\/2026\/01\/2918.jpg",429,566,false],"1536x1536":["https:\/\/www.nenuphar.com\/wp-content\/uploads\/2026\/01\/2918.jpg",429,566,false],"2048x2048":["https:\/\/www.nenuphar.com\/wp-content\/uploads\/2026\/01\/2918.jpg",429,566,false],"trp-custom-language-flag":["https:\/\/www.nenuphar.com\/wp-content\/uploads\/2026\/01\/2918.jpg",9,12,false],"woocommerce_thumbnail":["https:\/\/www.nenuphar.com\/wp-content\/uploads\/2026\/01\/2918-300x300.jpg",300,300,true],"woocommerce_single":["https:\/\/www.nenuphar.com\/wp-content\/uploads\/2026\/01\/2918.jpg",429,566,false],"woocommerce_gallery_thumbnail":["https:\/\/www.nenuphar.com\/wp-content\/uploads\/2026\/01\/2918-100x100.jpg",100,100,true]},"uagb_author_info":{"display_name":"Karine","author_link":"https:\/\/www.nenuphar.com\/en\/author\/"},"uagb_comment_info":0,"uagb_excerpt":"Cette bague permet de gr\u00e9er votre Open Skiff avec un gr\u00e9ement d&rsquo;optimist \u00e0 la place du gr\u00e9ement d&rsquo;origine. Gr\u00e9ement non fourni.","_links":{"self":[{"href":"https:\/\/www.nenuphar.com\/en\/wp-json\/wp\/v2\/product\/4690","targetHints":{"allow":["GET"]}}],"collection":[{"href":"https:\/\/www.nenuphar.com\/en\/wp-json\/wp\/v2\/product"}],"about":[{"href":"https:\/\/www.nenuphar.com\/en\/wp-json\/wp\/v2\/types\/product"}],"wp:featuredmedia":[{"embeddable":true,"href":"https:\/\/www.nenuphar.com\/en\/wp-json\/wp\/v2\/media\/4702"}],"wp:attachment":[{"href":"https:\/\/www.nenuphar.com\/en\/wp-json\/wp\/v2\/media?parent=4690"}],"wp:term":[{"taxonomy":"product_brand","embeddable":true,"href":"https:\/\/www.nenuphar.com\/en\/wp-json\/wp\/v2\/product_brand?post=4690"},{"taxonomy":"product_cat","embeddable":true,"href":"https:\/\/www.nenuphar.com\/en\/wp-json\/wp\/v2\/product_cat?post=4690"},{"taxonomy":"product_tag","embeddable":true,"href":"https:\/\/www.nenuphar.com\/en\/wp-json\/wp\/v2\/product_tag?post=4690"}],"curies":[{"name":"wp","href":"https:\/\/api.w.org\/{rel}","templated":true}]}}