{"id":4696,"date":"2026-01-06T15:59:10","date_gmt":"2026-01-06T15:59:10","guid":{"rendered":"https:\/\/nen.kmkoncept.fr\/?post_type=product&#038;p=4696"},"modified":"2026-04-28T07:29:53","modified_gmt":"2026-04-28T07:29:53","slug":"voile-open-skiff-3-5-dacron-homologuee","status":"publish","type":"product","link":"https:\/\/www.nenuphar.com\/en\/shop\/series\/deriveurs\/open-skiff-open-bic-deriveurs\/voile-open-skiff-3-5-dacron-homologuee\/","title":{"rendered":"Open Skiff 3.5 Dacron Sail \u2013 Approved"},"content":{"rendered":"<div class=\"product-info-main__top\">\n<div class=\"product-info-main__description\">\n<h3>Open Skiff 3.5 m\u00b2 Sail<\/h3>\n<h3>Ideal for<\/h3>\n<p>Young racers<br \/>\nU12 O\u2019pen Skiff category<br \/>\nThe clubs<\/p>\n<h3>In summary<\/h3>\n<p>The 3.5 m\u00b2 Dacron sail is powerful, durable, and designed for clubs for intensive use. Made of Dacron and fully battened, it is intended for club sailing on the O\u2019pen Skiff.<\/p>\n<\/div>\n<\/div>","protected":false},"excerpt":{"rendered":"<p>Voile Open Skiff 3.5m\u00b2 Id\u00e9al pour Les jeunes r\u00e9gatiers La cat\u00e9gorie U12 O&rsquo;pen Skiff Les clubs En r\u00e9sum\u00e9 La voile de 3,5 m2 Dacron est puissante, solide et destin\u00e9e aux clubs pour un usage intensif. Fabriqu\u00e9e en Dacron, enti\u00e8rement latt\u00e9e, c\u2019est une voile destin\u00e9e \u00e0 la navigation en club sur O&rsquo;pen Skiff.<\/p>","protected":false},"featured_media":4703,"template":"","meta":{"_acf_changed":false,"_uag_custom_page_level_css":""},"product_brand":[471],"product_cat":[973],"product_tag":[],"class_list":{"0":"post-4696","1":"product","2":"type-product","3":"status-publish","4":"has-post-thumbnail","6":"product_brand-tahe","7":"product_cat-open-skiff-open-bic-deriveurs","9":"first","10":"onbackorder","11":"taxable","12":"shipping-taxable","13":"purchasable","14":"product-type-simple"},"acf":[],"aioseo_notices":[],"uagb_featured_image_src":{"full":["https:\/\/www.nenuphar.com\/wp-content\/uploads\/2026\/01\/5951.png",540,540,false],"thumbnail":["https:\/\/www.nenuphar.com\/wp-content\/uploads\/2026\/01\/5951-150x150.png",150,150,true],"medium":["https:\/\/www.nenuphar.com\/wp-content\/uploads\/2026\/01\/5951-300x300.png",300,300,true],"medium_large":["https:\/\/www.nenuphar.com\/wp-content\/uploads\/2026\/01\/5951.png",540,540,false],"large":["https:\/\/www.nenuphar.com\/wp-content\/uploads\/2026\/01\/5951.png",540,540,false],"1536x1536":["https:\/\/www.nenuphar.com\/wp-content\/uploads\/2026\/01\/5951.png",540,540,false],"2048x2048":["https:\/\/www.nenuphar.com\/wp-content\/uploads\/2026\/01\/5951.png",540,540,false],"trp-custom-language-flag":["https:\/\/www.nenuphar.com\/wp-content\/uploads\/2026\/01\/5951.png",12,12,false],"woocommerce_thumbnail":["https:\/\/www.nenuphar.com\/wp-content\/uploads\/2026\/01\/5951-300x300.png",300,300,true],"woocommerce_single":["https:\/\/www.nenuphar.com\/wp-content\/uploads\/2026\/01\/5951.png",540,540,false],"woocommerce_gallery_thumbnail":["https:\/\/www.nenuphar.com\/wp-content\/uploads\/2026\/01\/5951-100x100.png",100,100,true]},"uagb_author_info":{"display_name":"Karine","author_link":"https:\/\/www.nenuphar.com\/en\/author\/"},"uagb_comment_info":0,"uagb_excerpt":"Voile Open Skiff 3.5m\u00b2 Id\u00e9al pour Les jeunes r\u00e9gatiers La cat\u00e9gorie U12 O&rsquo;pen Skiff Les clubs En r\u00e9sum\u00e9 La voile de 3,5 m2 Dacron est puissante, solide et destin\u00e9e aux clubs pour un usage intensif. Fabriqu\u00e9e en Dacron, enti\u00e8rement latt\u00e9e, c\u2019est une voile destin\u00e9e \u00e0 la navigation en club sur O&rsquo;pen Skiff.","_links":{"self":[{"href":"https:\/\/www.nenuphar.com\/en\/wp-json\/wp\/v2\/product\/4696","targetHints":{"allow":["GET"]}}],"collection":[{"href":"https:\/\/www.nenuphar.com\/en\/wp-json\/wp\/v2\/product"}],"about":[{"href":"https:\/\/www.nenuphar.com\/en\/wp-json\/wp\/v2\/types\/product"}],"wp:featuredmedia":[{"embeddable":true,"href":"https:\/\/www.nenuphar.com\/en\/wp-json\/wp\/v2\/media\/4703"}],"wp:attachment":[{"href":"https:\/\/www.nenuphar.com\/en\/wp-json\/wp\/v2\/media?parent=4696"}],"wp:term":[{"taxonomy":"product_brand","embeddable":true,"href":"https:\/\/www.nenuphar.com\/en\/wp-json\/wp\/v2\/product_brand?post=4696"},{"taxonomy":"product_cat","embeddable":true,"href":"https:\/\/www.nenuphar.com\/en\/wp-json\/wp\/v2\/product_cat?post=4696"},{"taxonomy":"product_tag","embeddable":true,"href":"https:\/\/www.nenuphar.com\/en\/wp-json\/wp\/v2\/product_tag?post=4696"}],"curies":[{"name":"wp","href":"https:\/\/api.w.org\/{rel}","templated":true}]}}