{"id":4704,"date":"2026-01-06T15:59:27","date_gmt":"2026-01-06T15:59:27","guid":{"rendered":"https:\/\/nen.kmkoncept.fr\/?post_type=product&#038;p=4704"},"modified":"2026-04-28T07:29:55","modified_gmt":"2026-04-28T07:29:55","slug":"greement-open-skiff-race-4-5-monofilm","status":"publish","type":"product","link":"https:\/\/www.nenuphar.com\/en\/shop\/navigation\/voiles\/deriveurs-monocoques\/greement-open-skiff-race-4-5-monofilm\/","title":{"rendered":"Open Skiff Race 4.5 Rig \u2013 Monofilm"},"content":{"rendered":"<p>Complete Open Skiff Rig \u2013 O\u2019pen Bic<\/p>\n<p>Includes:<\/p>\n<p>\u2013 Mast<\/p>\n<p>\u2013 Sail<\/p>\n<p>\u2013 Boom with fittings, including mainsheet tackle and Cunningham tackle<\/p>","protected":false},"excerpt":{"rendered":"<p>Gr\u00e9ement complet Open Skiff &#8211; Open Bic Comprend: &#8211; m\u00e2t &#8211; voile &#8211; b\u00f4me accastill\u00e9e avec palan GV et palan cunningham<\/p>","protected":false},"featured_media":4708,"template":"","meta":{"_acf_changed":false,"_uag_custom_page_level_css":""},"product_brand":[471],"product_cat":[62,24,68,17,973,23],"product_tag":[],"class_list":{"0":"post-4704","1":"product","2":"type-product","3":"status-publish","4":"has-post-thumbnail","6":"product_brand-tahe","7":"product_cat-deriveurs-monocoques","8":"product_cat-mats","9":"product_cat-mats-complets","10":"product_cat-navigation","11":"product_cat-open-skiff-open-bic-deriveurs","12":"product_cat-voiles","14":"first","15":"onbackorder","16":"taxable","17":"shipping-taxable","18":"purchasable","19":"product-type-simple"},"acf":[],"aioseo_notices":[],"uagb_featured_image_src":{"full":["https:\/\/www.nenuphar.com\/wp-content\/uploads\/2026\/01\/5457.png",540,540,false],"thumbnail":["https:\/\/www.nenuphar.com\/wp-content\/uploads\/2026\/01\/5457-150x150.png",150,150,true],"medium":["https:\/\/www.nenuphar.com\/wp-content\/uploads\/2026\/01\/5457-300x300.png",300,300,true],"medium_large":["https:\/\/www.nenuphar.com\/wp-content\/uploads\/2026\/01\/5457.png",540,540,false],"large":["https:\/\/www.nenuphar.com\/wp-content\/uploads\/2026\/01\/5457.png",540,540,false],"1536x1536":["https:\/\/www.nenuphar.com\/wp-content\/uploads\/2026\/01\/5457.png",540,540,false],"2048x2048":["https:\/\/www.nenuphar.com\/wp-content\/uploads\/2026\/01\/5457.png",540,540,false],"trp-custom-language-flag":["https:\/\/www.nenuphar.com\/wp-content\/uploads\/2026\/01\/5457.png",12,12,false],"woocommerce_thumbnail":["https:\/\/www.nenuphar.com\/wp-content\/uploads\/2026\/01\/5457-300x300.png",300,300,true],"woocommerce_single":["https:\/\/www.nenuphar.com\/wp-content\/uploads\/2026\/01\/5457.png",540,540,false],"woocommerce_gallery_thumbnail":["https:\/\/www.nenuphar.com\/wp-content\/uploads\/2026\/01\/5457-100x100.png",100,100,true]},"uagb_author_info":{"display_name":"Karine","author_link":"https:\/\/www.nenuphar.com\/en\/author\/"},"uagb_comment_info":0,"uagb_excerpt":"Gr\u00e9ement complet Open Skiff &#8211; Open Bic Comprend: &#8211; m\u00e2t &#8211; voile &#8211; b\u00f4me accastill\u00e9e avec palan GV et palan cunningham","_links":{"self":[{"href":"https:\/\/www.nenuphar.com\/en\/wp-json\/wp\/v2\/product\/4704","targetHints":{"allow":["GET"]}}],"collection":[{"href":"https:\/\/www.nenuphar.com\/en\/wp-json\/wp\/v2\/product"}],"about":[{"href":"https:\/\/www.nenuphar.com\/en\/wp-json\/wp\/v2\/types\/product"}],"wp:featuredmedia":[{"embeddable":true,"href":"https:\/\/www.nenuphar.com\/en\/wp-json\/wp\/v2\/media\/4708"}],"wp:attachment":[{"href":"https:\/\/www.nenuphar.com\/en\/wp-json\/wp\/v2\/media?parent=4704"}],"wp:term":[{"taxonomy":"product_brand","embeddable":true,"href":"https:\/\/www.nenuphar.com\/en\/wp-json\/wp\/v2\/product_brand?post=4704"},{"taxonomy":"product_cat","embeddable":true,"href":"https:\/\/www.nenuphar.com\/en\/wp-json\/wp\/v2\/product_cat?post=4704"},{"taxonomy":"product_tag","embeddable":true,"href":"https:\/\/www.nenuphar.com\/en\/wp-json\/wp\/v2\/product_tag?post=4704"}],"curies":[{"name":"wp","href":"https:\/\/api.w.org\/{rel}","templated":true}]}}