{"id":4706,"date":"2026-01-06T15:59:28","date_gmt":"2026-01-06T15:59:28","guid":{"rendered":"https:\/\/nen.kmkoncept.fr\/?post_type=product&#038;p=4706"},"modified":"2026-04-28T07:30:25","modified_gmt":"2026-04-28T07:30:25","slug":"open-skiff-complet","status":"publish","type":"product","link":"https:\/\/www.nenuphar.com\/en\/shop\/bateaux\/open-skiff-open-bic\/open-skiff-complet\/","title":{"rendered":"Open Skiff Complete Boat \u2013 4.5 Race Sail"},"content":{"rendered":"<p>The Open Skiff has brought a fresh wave to the sailing world with a concept inspired by the most modern and fastest skiffs.\u00a0<\/p>\n<p>Fully open, self-draining, responsive, and equipped with a modern, high-performance rig, it is a true gliding machine. Children enjoy maximum fun on the water while developing the proper skills for sailing and racing on the most contemporary dinghies.\u00a0<\/p>\n<p>Already embraced by hundreds of clubs worldwide!\u00a0<\/p>\n<p>More than a boat: a fresh, exciting, and inspiring sailing experience.<\/p>","protected":false},"excerpt":{"rendered":"<h2><strong>A modern planing hull<\/strong><\/h2>\n<p>The fast, planing hull of the Open BIC delivers the thrills of a true responsive dinghy that heels. You\u2019re at the helm of a high-performance boat that\u2019s a joy to sail, experiencing the sensations of larger racing boats. Its design is inspired by 60-foot Open yachts, featuring a sleek hull and a wide stern without a transom. With its fully open cockpit, the O\u2019pen BIC is self-draining, making capsizing easy to manage. Kids love sailing a modern, stylish boat that looks like those used by champions.<\/p>\n<h2><strong>Futuristic and high-quality equipment<br \/><\/strong><\/h2>\n<p>On the hull, the rudder blade and daggerboard are made of glass\/epoxy and carefully profiled, while the fittings match those of the most modern dinghies: Cunningham tackle and Ronstan mainsheet winch, mainsheet and lines from Robline, etc. The rig consists of a 4.5 m\u00b2 North sail with a windsurf-style sleeve. Designed with a slight luff curve to open the leech, it is fully battens and made from transparent monofilm. It is mounted on an epoxy mast.<\/p>","protected":false},"featured_media":4710,"template":"","meta":{"_acf_changed":false,"_uag_custom_page_level_css":""},"product_brand":[471],"product_cat":[42],"product_tag":[],"class_list":{"0":"post-4706","1":"product","2":"type-product","3":"status-publish","4":"has-post-thumbnail","6":"product_brand-tahe","7":"product_cat-open-skiff-open-bic","8":"product_shipping_class-schenker","10":"first","11":"onbackorder","12":"taxable","13":"shipping-taxable","14":"purchasable","15":"product-type-simple"},"acf":[],"aioseo_notices":[],"uagb_featured_image_src":{"full":["https:\/\/www.nenuphar.com\/wp-content\/uploads\/2026\/01\/2923-scaled.jpg",1751,2560,false],"thumbnail":["https:\/\/www.nenuphar.com\/wp-content\/uploads\/2026\/01\/2923-150x150.jpg",150,150,true],"medium":["https:\/\/www.nenuphar.com\/wp-content\/uploads\/2026\/01\/2923-205x300.jpg",205,300,true],"medium_large":["https:\/\/www.nenuphar.com\/wp-content\/uploads\/2026\/01\/2923-768x1123.jpg",768,1123,true],"large":["https:\/\/www.nenuphar.com\/wp-content\/uploads\/2026\/01\/2923-701x1024.jpg",701,1024,true],"1536x1536":["https:\/\/www.nenuphar.com\/wp-content\/uploads\/2026\/01\/2923-1051x1536.jpg",1051,1536,true],"2048x2048":["https:\/\/www.nenuphar.com\/wp-content\/uploads\/2026\/01\/2923-1401x2048.jpg",1401,2048,true],"trp-custom-language-flag":["https:\/\/www.nenuphar.com\/wp-content\/uploads\/2026\/01\/2923-scaled.jpg",8,12,false],"woocommerce_thumbnail":["https:\/\/www.nenuphar.com\/wp-content\/uploads\/2026\/01\/2923-300x300.jpg",300,300,true],"woocommerce_single":["https:\/\/www.nenuphar.com\/wp-content\/uploads\/2026\/01\/2923-600x877.jpg",600,877,true],"woocommerce_gallery_thumbnail":["https:\/\/www.nenuphar.com\/wp-content\/uploads\/2026\/01\/2923-100x100.jpg",100,100,true]},"uagb_author_info":{"display_name":"Karine","author_link":"https:\/\/www.nenuphar.com\/en\/author\/"},"uagb_comment_info":0,"uagb_excerpt":"Une coque moderne et planante La car\u00e8ne planante et rapide de l\u2019Open BIC offre les sensations fortes d\u2019un vrai d\u00e9riveur r\u00e9actif et qui g\u00eete. On est \u00e0 la barre d\u2019un engin performant sur lequel on se fait plaisir en go\u00fbtant aux sensations des bateaux de grands. Le design reprend celui des 60 pieds Open avec&hellip;","_links":{"self":[{"href":"https:\/\/www.nenuphar.com\/en\/wp-json\/wp\/v2\/product\/4706","targetHints":{"allow":["GET"]}}],"collection":[{"href":"https:\/\/www.nenuphar.com\/en\/wp-json\/wp\/v2\/product"}],"about":[{"href":"https:\/\/www.nenuphar.com\/en\/wp-json\/wp\/v2\/types\/product"}],"wp:featuredmedia":[{"embeddable":true,"href":"https:\/\/www.nenuphar.com\/en\/wp-json\/wp\/v2\/media\/4710"}],"wp:attachment":[{"href":"https:\/\/www.nenuphar.com\/en\/wp-json\/wp\/v2\/media?parent=4706"}],"wp:term":[{"taxonomy":"product_brand","embeddable":true,"href":"https:\/\/www.nenuphar.com\/en\/wp-json\/wp\/v2\/product_brand?post=4706"},{"taxonomy":"product_cat","embeddable":true,"href":"https:\/\/www.nenuphar.com\/en\/wp-json\/wp\/v2\/product_cat?post=4706"},{"taxonomy":"product_tag","embeddable":true,"href":"https:\/\/www.nenuphar.com\/en\/wp-json\/wp\/v2\/product_tag?post=4706"}],"curies":[{"name":"wp","href":"https:\/\/api.w.org\/{rel}","templated":true}]}}