{"id":471,"date":"2026-01-04T13:52:42","date_gmt":"2026-01-04T13:52:42","guid":{"rendered":"https:\/\/nen.kmkoncept.fr\/?post_type=product&#038;p=471"},"modified":"2026-04-28T07:28:37","modified_gmt":"2026-04-28T07:28:37","slug":"gd-voile-lb-15-compatible-245-g","status":"publish","type":"product","link":"https:\/\/www.nenuphar.com\/en\/shop\/series\/catamarans-series\/boutemy\/lb-15\/gd-voile-lb-15-compatible-245-g\/","title":{"rendered":"PLASTIC BRIDGE"},"content":{"rendered":"<p>Filoir plastique. Convient pour la patte d&rsquo;oie Laser, filoir de b\u00f4me Laser etc&#8230; Cordage maxi: 8 mm entraxes fixation: 23 mm Trou fixation diam. : 4 mm<\/p>\n<p><strong><span style=\"text-decoration:underline;\">Attention: les couleurs peuvent \u00eatre diff\u00e9rentes, selon disponibilit\u00e9 (bleu, gris, noir)<\/span><\/strong><\/p>","protected":false},"excerpt":{"rendered":"<p>Filoir plastique. Convient pour la patte d&rsquo;oie Laser, filoir de b\u00f4me Laser etc&#8230; Cordage maxi: 8 mm entraxes fixation: 23 mm Trou fixation diam. : 4 mm Attention: les couleurs peuvent \u00eatre diff\u00e9rentes, selon disponibilit\u00e9 (bleu, gris, noir)<\/p>","protected":false},"featured_media":7225,"template":"","meta":{"_acf_changed":false,"_uag_custom_page_level_css":""},"product_brand":[452],"product_cat":[63,281],"product_tag":[552,551],"class_list":{"0":"post-471","1":"product","2":"type-product","3":"status-publish","4":"has-post-thumbnail","6":"product_brand-holt","7":"product_cat-catamarans","8":"product_cat-lb-15","9":"product_tag-boutemy","10":"product_tag-lb-15","12":"first","13":"instock","14":"taxable","15":"shipping-taxable","16":"purchasable","17":"product-type-simple"},"acf":[],"aioseo_notices":[],"uagb_featured_image_src":{"full":["https:\/\/www.nenuphar.com\/wp-content\/uploads\/2026\/02\/1193.jpg",551,400,false],"thumbnail":["https:\/\/www.nenuphar.com\/wp-content\/uploads\/2026\/02\/1193-150x150.jpg",150,150,true],"medium":["https:\/\/www.nenuphar.com\/wp-content\/uploads\/2026\/02\/1193-300x218.jpg",300,218,true],"medium_large":["https:\/\/www.nenuphar.com\/wp-content\/uploads\/2026\/02\/1193.jpg",551,400,false],"large":["https:\/\/www.nenuphar.com\/wp-content\/uploads\/2026\/02\/1193.jpg",551,400,false],"1536x1536":["https:\/\/www.nenuphar.com\/wp-content\/uploads\/2026\/02\/1193.jpg",551,400,false],"2048x2048":["https:\/\/www.nenuphar.com\/wp-content\/uploads\/2026\/02\/1193.jpg",551,400,false],"trp-custom-language-flag":["https:\/\/www.nenuphar.com\/wp-content\/uploads\/2026\/02\/1193-18x12.jpg",18,12,true],"woocommerce_thumbnail":["https:\/\/www.nenuphar.com\/wp-content\/uploads\/2026\/02\/1193-300x300.jpg",300,300,true],"woocommerce_single":["https:\/\/www.nenuphar.com\/wp-content\/uploads\/2026\/02\/1193.jpg",551,400,false],"woocommerce_gallery_thumbnail":["https:\/\/www.nenuphar.com\/wp-content\/uploads\/2026\/02\/1193-100x100.jpg",100,100,true]},"uagb_author_info":{"display_name":"Karine","author_link":"https:\/\/www.nenuphar.com\/en\/author\/"},"uagb_comment_info":0,"uagb_excerpt":"Filoir plastique. Convient pour la patte d&rsquo;oie Laser, filoir de b\u00f4me Laser etc&#8230; Cordage maxi: 8 mm entraxes fixation: 23 mm Trou fixation diam. : 4 mm Attention: les couleurs peuvent \u00eatre diff\u00e9rentes, selon disponibilit\u00e9 (bleu, gris, noir)","_links":{"self":[{"href":"https:\/\/www.nenuphar.com\/en\/wp-json\/wp\/v2\/product\/471","targetHints":{"allow":["GET"]}}],"collection":[{"href":"https:\/\/www.nenuphar.com\/en\/wp-json\/wp\/v2\/product"}],"about":[{"href":"https:\/\/www.nenuphar.com\/en\/wp-json\/wp\/v2\/types\/product"}],"wp:featuredmedia":[{"embeddable":true,"href":"https:\/\/www.nenuphar.com\/en\/wp-json\/wp\/v2\/media\/7225"}],"wp:attachment":[{"href":"https:\/\/www.nenuphar.com\/en\/wp-json\/wp\/v2\/media?parent=471"}],"wp:term":[{"taxonomy":"product_brand","embeddable":true,"href":"https:\/\/www.nenuphar.com\/en\/wp-json\/wp\/v2\/product_brand?post=471"},{"taxonomy":"product_cat","embeddable":true,"href":"https:\/\/www.nenuphar.com\/en\/wp-json\/wp\/v2\/product_cat?post=471"},{"taxonomy":"product_tag","embeddable":true,"href":"https:\/\/www.nenuphar.com\/en\/wp-json\/wp\/v2\/product_tag?post=471"}],"curies":[{"name":"wp","href":"https:\/\/api.w.org\/{rel}","templated":true}]}}