{"id":472,"date":"2026-01-04T13:52:42","date_gmt":"2026-01-04T13:52:42","guid":{"rendered":"https:\/\/nen.kmkoncept.fr\/?post_type=product&#038;p=472"},"modified":"2026-04-28T07:30:44","modified_gmt":"2026-04-28T07:30:44","slug":"toutes-les-voiles-kl-compatibles","status":"publish","type":"product","link":"https:\/\/www.nenuphar.com\/en\/shop\/series\/catamarans-series\/kl\/kl-10\/toutes-les-voiles-kl-compatibles\/","title":{"rendered":"KL COMPATIBLE MAINSAIL"},"content":{"rendered":"<p>Made in France.<\/p>\n<p>Voile livr\u00e9e sans sac, ni latte. Grand Voiles pour Kl 10.5, KL 13.5, KL 14, KL 15.5 . Elle est con\u00e7ue et r\u00e9alis\u00e9e dans nos ateliers suite aux conseils prodigu\u00e9s par des utilisateurs intensifs. Possibilit\u00e9 d&rsquo;une ou plusieurs laizes couleur sur demande, pour un rep\u00e9rage facilit\u00e9 sur l&rsquo;eau<\/p>\n<p>White panels \/ black trim and reinforcements<\/p>","protected":false},"excerpt":{"rendered":"<p>GRAND VOILES KL propos\u00e9es :<\/p>\n<ul>\n<li><span style=\"line-height:24px;\">13.5 COMPATIBLE 245 G<\/span><\/li>\n<li><span style=\"line-height:24px;\">15.5 COMPATIBLE 245 G<\/span><\/li>\n<li><span style=\"line-height:24px;\">14 COMPATIBLE 245 G<\/span><\/li>\n<li><span style=\"line-height:24px;\">10.5 1 RIS COMPATIBLE 210 G<\/span><\/li>\n<\/ul>","protected":false},"featured_media":4896,"template":"","meta":{"_acf_changed":false,"_uag_custom_page_level_css":""},"product_brand":[],"product_cat":[63,268,269,270,271,272,273,274,275,276,277,278,279,280],"product_tag":[535,536,537,538,539,540,541,542,543,544,545,546,547],"class_list":{"0":"post-472","1":"product","2":"type-product","3":"status-publish","4":"has-post-thumbnail","6":"product_cat-catamarans","7":"product_cat-kl-10","8":"product_cat-kl-105","9":"product_cat-kl-12","10":"product_cat-kl-135","11":"product_cat-kl-14","12":"product_cat-kl-15","13":"product_cat-kl-155","14":"product_cat-kl-16","15":"product_cat-kl-17","16":"product_cat-kl-175-tonic","17":"product_cat-kl-18-warp","18":"product_cat-kl-booster","19":"product_cat-kl-colibri","20":"product_tag-kl-10","21":"product_tag-kl-10-5","22":"product_tag-kl-12","23":"product_tag-kl-13-5","24":"product_tag-kl-14","25":"product_tag-kl-15","26":"product_tag-kl-15-5","27":"product_tag-kl-16","28":"product_tag-kl-17","29":"product_tag-kl-17-5","30":"product_tag-kl-18","31":"product_tag-kl-booster","32":"product_tag-kl-colibri","34":"first","35":"instock","36":"taxable","37":"shipping-taxable","38":"product-type-variable"},"acf":[],"aioseo_notices":[],"uagb_featured_image_src":{"full":["https:\/\/www.nenuphar.com\/wp-content\/uploads\/2026\/01\/1575.jpg",400,369,false],"thumbnail":["https:\/\/www.nenuphar.com\/wp-content\/uploads\/2026\/01\/1575-150x150.jpg",150,150,true],"medium":["https:\/\/www.nenuphar.com\/wp-content\/uploads\/2026\/01\/1575-300x277.jpg",300,277,true],"medium_large":["https:\/\/www.nenuphar.com\/wp-content\/uploads\/2026\/01\/1575.jpg",400,369,false],"large":["https:\/\/www.nenuphar.com\/wp-content\/uploads\/2026\/01\/1575.jpg",400,369,false],"1536x1536":["https:\/\/www.nenuphar.com\/wp-content\/uploads\/2026\/01\/1575.jpg",400,369,false],"2048x2048":["https:\/\/www.nenuphar.com\/wp-content\/uploads\/2026\/01\/1575.jpg",400,369,false],"trp-custom-language-flag":["https:\/\/www.nenuphar.com\/wp-content\/uploads\/2026\/01\/1575.jpg",13,12,false],"woocommerce_thumbnail":["https:\/\/www.nenuphar.com\/wp-content\/uploads\/2026\/01\/1575-300x300.jpg",300,300,true],"woocommerce_single":["https:\/\/www.nenuphar.com\/wp-content\/uploads\/2026\/01\/1575.jpg",400,369,false],"woocommerce_gallery_thumbnail":["https:\/\/www.nenuphar.com\/wp-content\/uploads\/2026\/01\/1575-100x100.jpg",100,100,true]},"uagb_author_info":{"display_name":"Karine","author_link":"https:\/\/www.nenuphar.com\/en\/author\/"},"uagb_comment_info":0,"uagb_excerpt":"GRAND VOILES KL propos\u00e9es : 13.5 COMPATIBLE 245 G 15.5 COMPATIBLE 245 G 14 COMPATIBLE 245 G 10.5 1 RIS COMPATIBLE 210 G","_links":{"self":[{"href":"https:\/\/www.nenuphar.com\/en\/wp-json\/wp\/v2\/product\/472","targetHints":{"allow":["GET"]}}],"collection":[{"href":"https:\/\/www.nenuphar.com\/en\/wp-json\/wp\/v2\/product"}],"about":[{"href":"https:\/\/www.nenuphar.com\/en\/wp-json\/wp\/v2\/types\/product"}],"wp:featuredmedia":[{"embeddable":true,"href":"https:\/\/www.nenuphar.com\/en\/wp-json\/wp\/v2\/media\/4896"}],"wp:attachment":[{"href":"https:\/\/www.nenuphar.com\/en\/wp-json\/wp\/v2\/media?parent=472"}],"wp:term":[{"taxonomy":"product_brand","embeddable":true,"href":"https:\/\/www.nenuphar.com\/en\/wp-json\/wp\/v2\/product_brand?post=472"},{"taxonomy":"product_cat","embeddable":true,"href":"https:\/\/www.nenuphar.com\/en\/wp-json\/wp\/v2\/product_cat?post=472"},{"taxonomy":"product_tag","embeddable":true,"href":"https:\/\/www.nenuphar.com\/en\/wp-json\/wp\/v2\/product_tag?post=472"}],"curies":[{"name":"wp","href":"https:\/\/api.w.org\/{rel}","templated":true}]}}